{"id":1403,"date":"2026-01-28T22:33:58","date_gmt":"2026-01-28T22:33:58","guid":{"rendered":"https:\/\/aip.eita.coop.br\/midia-kits\/"},"modified":"2026-03-07T20:33:51","modified_gmt":"2026-03-07T20:33:51","slug":"midia-kits","status":"publish","type":"page","link":"https:\/\/aip.eita.coop.br\/pt-br\/midia-kits\/","title":{"rendered":"M\u00eddia kits"},"content":{"rendered":"\n<div class=\"wp-block-group alignfull is-layout-constrained wp-block-group-is-layout-constrained has-background\" style=\"margin-top:0px;margin-bottom:0px;padding-top:var(--wp--preset--spacing--70);padding-bottom:var(--wp--preset--spacing--70);background-image:url(&apos;https:\/\/aip.eita.coop.br\/wp-content\/uploads\/2026\/01\/toolbox-1.webp&apos;);background-position:100% 50%;background-size:cover;\">\n<h2 class=\"wp-block-heading has-palette-color-8-color has-text-color has-link-color has-aip-font-size wp-elements-7f2adcd183ea7d60579235218619bd03\" style=\"font-style:normal;font-weight:1000;line-height:1\">M\u00cdDIA<br\/>KITS<\/h2>\n\n\n\n<p class=\"has-palette-color-8-color has-text-color has-link-color has-large-font-size wp-elements-12d11604f0b40537a5d6b256742b00a3\" style=\"font-style:normal;font-weight:600;letter-spacing:-0.42px;line-height:1\">MATERIAIS PARA IMPRESS\u00c3O<\/p>\n\n\n\n<div class=\"wp-block-buttons is-layout-flex wp-block-buttons-is-layout-flex\">\n<div class=\"wp-block-button toolbox-access-button\"><a class=\"wp-block-button__link has-palette-color-1-color has-palette-color-8-background-color has-text-color has-background has-link-color wp-element-button\" href=\"https:\/\/aip.eita.coop.br\/pt-br\/midia-kits\/\">ACCESSAR<\/a><\/div>\n<\/div>\n<\/div>\n\n<div class=\"wp-block-group alignfull is-layout-constrained wp-block-group-is-layout-constrained\" style=\"padding-top:var(--wp--preset--spacing--70);padding-bottom:var(--wp--preset--spacing--70)\">\n<div class=\"wp-block-columns is-layout-flex wp-container-core-columns-is-layout-28f84493 wp-block-columns-is-layout-flex\">\n<div class=\"wp-block-column is-layout-flow wp-block-column-is-layout-flow\">\n<p class=\"has-medium-font-size\" style=\"font-style:normal;font-weight:600;line-height:1\">A se\u00e7\u00e3o M\u00eddia kits oferece materiais prontos para uso e arquivos edit\u00e1veis, criados para ajudar nossas organiza\u00e7\u00f5es membro, movimentos e aliados a compartilhar as mensagens, campanhas e iniciativas da Assembleia Internacional dos Povos em todo o mundo.<\/p>\n\n\n\n<p class=\"has-medium-font-size\" style=\"font-style:normal;font-weight:600;line-height:1\">Aqui voc\u00ea encontrar\u00e1 gr\u00e1ficos, v\u00eddeos, cartazes e guias de comunica\u00e7\u00e3o que podem ser baixados e adaptados para suas pr\u00f3prias plataformas \u2014 ferramentas para ampliar nossa voz coletiva e fortalecer a solidariedade global. Cada kit foi desenvolvido para inspirar a a\u00e7\u00e3o, informar as comunidades e promover a unidade em torno das lutas anti-imperialistas e da solidariedade entre os povos do mundo. <\/p>\n\n\n\n<p class=\"has-medium-font-size\" style=\"font-style:normal;font-weight:600;line-height:1\">Atualizamos esses materiais regularmente para apoiar campanhas em andamento e momentos-chave de mobiliza\u00e7\u00e3o.Visite esta p\u00e1gina com frequ\u00eancia para se manter conectado, baixar novos recursos e compartilh\u00e1-los em suas redes.<\/p>\n\n\n\n<p class=\"has-medium-font-size\" style=\"font-style:normal;font-weight:600;line-height:1\">Compartilhe as campanhas. Espalhe a mensagem. Que a voz dos povos seja ouvida.  <\/p>\n<\/div>\n\n\n\n<div class=\"wp-block-column toolbox-right is-layout-flow wp-block-column-is-layout-flow\">\n<div class=\"wp-block-group toolbox-card is-layout-constrained wp-block-group-is-layout-constrained has-background\" style=\"border-top-left-radius:12px;border-top-right-radius:12px;border-bottom-left-radius:12px;border-bottom-right-radius:12px;background-image:url(&apos;https:\/\/aip.eita.coop.br\/wp-content\/uploads\/2026\/01\/815a9334ed95063895f9414806e771812c62c4b7.png&apos;);background-size:cover;\">\n<div class=\"wp-block-group is-vertical is-content-justification-center is-layout-flex wp-container-core-group-is-layout-fa38c63a wp-block-group-is-layout-flex\">\n<h2 class=\"wp-block-heading has-text-align-center has-palette-color-8-color has-text-color has-link-color wp-elements-b33894fd7f0c75759050c5e934356005\" style=\"font-size:clamp(2.035rem, 2.035rem + ((1vw - 0.2rem) * 1.994), 3.63rem);font-style:normal;font-weight:1000;line-height:1;text-transform:uppercase\">Cuba Vive e Resiste<\/h2>\n\n\n\n<div class=\"wp-block-buttons is-layout-flex wp-block-buttons-is-layout-flex\">\n<div class=\"wp-block-button\"><a class=\"wp-block-button__link has-palette-color-1-color has-palette-color-8-background-color has-text-color has-background has-link-color wp-element-button\" href=\"https:\/\/server.ipa-aip.org\/s\/fb4HqqXfnZZctPo\" target=\"_blank\" rel=\"noreferrer noopener\">BAIXAR ARQUIVOS<\/a><\/div>\n<\/div>\n<\/div>\n<\/div>\n\n\n\n<div class=\"wp-block-group toolbox-card has-background is-layout-constrained wp-block-group-is-layout-constrained\" style=\"border-top-left-radius:12px;border-top-right-radius:12px;border-bottom-left-radius:12px;border-bottom-right-radius:12px;background-color:#f4be67\">\n<div class=\"wp-block-group is-vertical is-content-justification-center is-layout-flex wp-container-core-group-is-layout-fa38c63a wp-block-group-is-layout-flex\">\n<h2 class=\"wp-block-heading has-text-align-center has-palette-color-8-color has-text-color has-link-color wp-elements-8170240de2b0f672f1fd7c19a1c6417e\" style=\"font-size:clamp(2.035rem, 2.035rem + ((1vw - 0.2rem) * 1.994), 3.63rem);font-style:normal;font-weight:1000;line-height:1;text-transform:uppercase\">Vozes do Sahel<\/h2>\n\n\n\n<div class=\"wp-block-buttons is-layout-flex wp-block-buttons-is-layout-flex\">\n<div class=\"wp-block-button\"><a class=\"wp-block-button__link has-palette-color-1-color has-palette-color-8-background-color has-text-color has-background has-link-color wp-element-button\" href=\"\/wp-content\/uploads\/2026\/03\/PT_O-Sahel-Resiste.pdf\" target=\"_blank\" rel=\"noreferrer noopener\">BAIXAR ARQUIVOS<\/a><\/div>\n<\/div>\n<\/div>\n<\/div>\n\n\n\n<div class=\"wp-block-group toolbox-card is-layout-constrained wp-block-group-is-layout-constrained has-background\" style=\"border-top-left-radius:12px;border-top-right-radius:12px;border-bottom-left-radius:12px;border-bottom-right-radius:12px;background-image:url(&apos;https:\/\/aip.eita.coop.br\/wp-content\/uploads\/2026\/01\/ce98d7bf34933db791c9689c449f851b7bcbe72b.webp&apos;);background-position:50% 50%;background-size:cover;\">\n<div class=\"wp-block-group is-vertical is-content-justification-center is-layout-flex wp-container-core-group-is-layout-fa38c63a wp-block-group-is-layout-flex\">\n<h2 class=\"wp-block-heading has-text-align-center has-palette-color-8-color has-text-color has-link-color wp-elements-136cd96088530eda8588561e9a660e9d\" style=\"font-size:clamp(2.035rem, 2.035rem + ((1vw - 0.2rem) * 1.994), 3.63rem);font-style:normal;font-weight:1000;line-height:1;text-transform:uppercase\">O IMPERIALISMO DESTR\u00d3I, O POVO HAITIANO CONSTR\u00d3I!<\/h2>\n\n\n\n<div class=\"wp-block-buttons is-layout-flex wp-block-buttons-is-layout-flex\">\n<div class=\"wp-block-button\"><a class=\"wp-block-button__link has-palette-color-1-color has-palette-color-8-background-color has-text-color has-background has-link-color wp-element-button\" href=\"#\">BAIXAR ARQUIVOS<\/a><\/div>\n<\/div>\n<\/div>\n<\/div>\n<\/div>\n<\/div>\n<\/div>\n","protected":false},"excerpt":{"rendered":"<p>A se\u00e7\u00e3o M\u00eddia kits oferece materiais prontos para uso e arquivos edit\u00e1veis, criados para ajudar nossas organiza\u00e7\u00f5es membro, movimentos e aliados a compartilhar as mensagens, campanhas e iniciativas da Assembleia Internacional dos Povos em todo o mundo. Aqui voc\u00ea encontrar\u00e1 gr\u00e1ficos, v\u00eddeos, cartazes e guias de comunica\u00e7\u00e3o que podem ser baixados e adaptados para suas [&hellip;]<\/p>\n","protected":false},"author":1,"featured_media":0,"parent":0,"menu_order":0,"comment_status":"closed","ping_status":"closed","template":"","meta":{"_acf_changed":false,"footnotes":""},"class_list":["post-1403","page","type-page","status-publish","hentry"],"blocksy_meta":{"has_hero_section":"disabled","vertical_spacing_source":"custom","content_area_spacing":"none","styles_descriptor":{"styles":{"desktop":"","tablet":"","mobile":""},"google_fonts":[],"version":6}},"acf":[],"_links":{"self":[{"href":"https:\/\/aip.eita.coop.br\/pt-br\/wp-json\/wp\/v2\/pages\/1403","targetHints":{"allow":["GET"]}}],"collection":[{"href":"https:\/\/aip.eita.coop.br\/pt-br\/wp-json\/wp\/v2\/pages"}],"about":[{"href":"https:\/\/aip.eita.coop.br\/pt-br\/wp-json\/wp\/v2\/types\/page"}],"author":[{"embeddable":true,"href":"https:\/\/aip.eita.coop.br\/pt-br\/wp-json\/wp\/v2\/users\/1"}],"replies":[{"embeddable":true,"href":"https:\/\/aip.eita.coop.br\/pt-br\/wp-json\/wp\/v2\/comments?post=1403"}],"version-history":[{"count":2,"href":"https:\/\/aip.eita.coop.br\/pt-br\/wp-json\/wp\/v2\/pages\/1403\/revisions"}],"predecessor-version":[{"id":1462,"href":"https:\/\/aip.eita.coop.br\/pt-br\/wp-json\/wp\/v2\/pages\/1403\/revisions\/1462"}],"wp:attachment":[{"href":"https:\/\/aip.eita.coop.br\/pt-br\/wp-json\/wp\/v2\/media?parent=1403"}],"curies":[{"name":"wp","href":"https:\/\/api.w.org\/{rel}","templated":true}]}}