{"id":1187,"date":"2026-01-28T04:53:21","date_gmt":"2026-01-28T04:53:21","guid":{"rendered":"https:\/\/aip.eita.coop.br\/declaracoes\/"},"modified":"2026-03-13T02:27:40","modified_gmt":"2026-03-13T02:27:40","slug":"declaracoes","status":"publish","type":"page","link":"https:\/\/aip.eita.coop.br\/pt-br\/declaracoes\/","title":{"rendered":"Declara\u00e7\u00f5es"},"content":{"rendered":"\n<div class=\"wp-block-group alignfull has-palette-color-2-background-color has-background is-layout-constrained wp-block-group-is-layout-constrained\" style=\"margin-top:0px;margin-bottom:0px;background-image:url(&apos;https:\/\/aip.eita.coop.br\/wp-content\/uploads\/2026\/03\/Header-banners_IPA-id.webp&apos;);background-position:100% 50%;background-size:cover;\">\n<div class=\"wp-block-group is-vertical is-layout-flex wp-container-core-group-is-layout-d6b9ab57 wp-block-group-is-layout-flex\" style=\"min-height:65vh\">\n<h2 class=\"wp-block-heading has-palette-color-8-color has-text-color has-link-color has-aip-font-size wp-elements-52094379150bf34145ed71ecfce05ce6\" style=\"font-style:normal;font-weight:1000;line-height:1\">DECLARA\u00c7\u00d5ES<\/h2>\n<\/div>\n<\/div>\n\n<div class=\"wp-block-group alignfull is-layout-constrained wp-block-group-is-layout-constrained\" style=\"margin-top:0px;margin-bottom:0px;padding-top:var(--wp--preset--spacing--70);padding-bottom:var(--wp--preset--spacing--70)\">\n<h2 class=\"wp-block-heading has-palette-color-1-color has-text-color has-link-color has-aip-font-size wp-elements-2a119ffd08e36c84bf3a55c54a50ac5e\" style=\"font-style:normal;font-weight:1000;line-height:1\">DECLARA\u00c7\u00d5ES OFICIAIS<\/h2>\n\n\n\n<div data-id=\"f4b7502e\" class=\"wp-block-blocksy-query\"><div class=\"ct-query-template is-layout-slider\"><div class=\"flexy-container\" data-flexy=\"no\"><div class=\"flexy\"><div class=\"flexy-view\" data-flexy-view=\"boxed\"><div class=\"flexy-items\" data-height=\"dynamic\"><div class=\"flexy-item\"><article class=\"wp-block-post is-layout-flow post-5707 statement type-statement status-publish has-post-thumbnail hentry tag-anti-imperialism tag-political-power statement-type-official-statement\">\n\n<div class=\"wp-block-columns is-layout-flex wp-container-core-columns-is-layout-28f84493 wp-block-columns-is-layout-flex\">\n<div class=\"wp-block-column is-layout-flow wp-block-column-is-layout-flow\"><figure class=\"wp-block-post-featured-image\"><a href=\"https:\/\/aip.eita.coop.br\/pt-br\/statement\/for-a-peaceful-sovereign-and-democratic-syria-2\/\" target=\"_self\"  ><img loading=\"lazy\" decoding=\"async\" width=\"793\" height=\"486\" src=\"https:\/\/aip.eita.coop.br\/wp-content\/uploads\/2025\/03\/2025-03-17_syria-statement-1.png\" class=\"attachment-post-thumbnail size-post-thumbnail wp-post-image\" alt=\"For a Peaceful, Sovereign, and Democratic Syria\" style=\"object-fit:cover;\" srcset=\"https:\/\/aip.eita.coop.br\/wp-content\/uploads\/2025\/03\/2025-03-17_syria-statement-1.png 793w, https:\/\/aip.eita.coop.br\/wp-content\/uploads\/2025\/03\/2025-03-17_syria-statement-1-300x184.png 300w, https:\/\/aip.eita.coop.br\/wp-content\/uploads\/2025\/03\/2025-03-17_syria-statement-1-768x471.png 768w\" sizes=\"auto, (max-width: 793px) 100vw, 793px\" \/><\/a><\/figure><\/div>\n\n\n\n<div class=\"wp-block-column is-layout-flow wp-block-column-is-layout-flow\"><h3 style=\"font-style:normal;font-weight:600;line-height:1;letter-spacing:-0.42px;\" class=\"ct-dynamic-data wp-elements-9c468ab082402bee331247854048de80 wp-elements-9a9ec3945b982417e6f827bcf3b91aae has-text-color has-palette-color-1-color has-large-font-size\"><a href=\"https:\/\/aip.eita.coop.br\/pt-br\/statement\/for-a-peaceful-sovereign-and-democratic-syria-2\/\">For a Peaceful, Sovereign, and Democratic Syria<\/a><\/h3>\n\n<div style=\"line-height:1.25;\" class=\"ct-dynamic-data wp-elements-4ef96aa7f449939c500deb42a93b092c has-p-huge-font-size\">The IPA strongly condemns the recent brutal sectarian massacres along the Syrian coast, which have resulted in the loss of hundreds of innocent lives.<\/div>\n\n<a style=\"border-width:0px; padding-top:8px;padding-bottom:8px;padding-left:12px;padding-right:12px;\" class=\"read-more-button wp-elements-bc3d0c79aa5831ca2bd6d00eab20c253 wp-block-read-more has-text-color has-palette-color-8-color has-background has-palette-color-1-background-color\" href=\"https:\/\/aip.eita.coop.br\/pt-br\/statement\/for-a-peaceful-sovereign-and-democratic-syria-2\/\" target=\"_self\">LEIA MAIS<span class=\"screen-reader-text\">: For a Peaceful, Sovereign, and Democratic Syria<\/span><\/a><\/div>\n<\/div>\n\n<\/article><\/div><\/div><\/div><span class=\"flexy-arrow-prev\" data-position=\"outside\"><svg width=\"16\" height=\"10\" fill=\"currentColor\" viewBox=\"0 0 16 10\"><path d=\"M15.3 4.3h-13l2.8-3c.3-.3.3-.7 0-1-.3-.3-.6-.3-.9 0l-4 4.2-.2.2v.6c0 .1.1.2.2.2l4 4.2c.3.4.6.4.9 0 .3-.3.3-.7 0-1l-2.8-3h13c.2 0 .4-.1.5-.2s.2-.3.2-.5-.1-.4-.2-.5c-.1-.1-.3-.2-.5-.2z\"><\/path><\/svg><\/span>\n\t\t\t\t\t\t\t\t<span class=\"flexy-arrow-next\" data-position=\"outside\"><svg width=\"16\" height=\"10\" fill=\"currentColor\" viewBox=\"0 0 16 10\"><path d=\"M.2 4.5c-.1.1-.2.3-.2.5s.1.4.2.5c.1.1.3.2.5.2h13l-2.8 3c-.3.3-.3.7 0 1 .3.3.6.3.9 0l4-4.2.2-.2V5v-.3c0-.1-.1-.2-.2-.2l-4-4.2c-.3-.4-.6-.4-.9 0-.3.3-.3.7 0 1l2.8 3H.7c-.2 0-.4.1-.5.2z\"><\/path><\/svg><\/span><\/div><\/div><\/div><style>[data-id='f4b7502e'] [data-flexy*=\"no\"] .flexy-item:nth-child(n + 2) {height:1px;}<\/style><\/div>\n\n\n\n<div data-id=\"fffb5236\" class=\"wp-block-blocksy-query home-statements\"><div class=\"ct-query-template-grid\"><article class=\"wp-block-post is-layout-flow post-6054 statement type-statement status-publish has-post-thumbnail hentry tag-anti-imperialism statement-type-official-statement\">\n<figure style=\"margin-top:0px;margin-bottom:0px;\" class=\"wp-block-post-featured-image\"><a href=\"https:\/\/aip.eita.coop.br\/pt-br\/statement\/palestine-ipa-statement-on-the-ceasefire-agreemen\/\" target=\"_self\"  ><img loading=\"lazy\" decoding=\"async\" width=\"1600\" height=\"900\" src=\"https:\/\/aip.eita.coop.br\/wp-content\/uploads\/2026\/03\/2022-06-17_foto-brigada-1.jpg\" class=\"attachment-post-thumbnail size-post-thumbnail wp-post-image\" alt=\"Palestine: IPA Statement on the Ceasefire Agreemen\" style=\"object-fit:cover;\" srcset=\"https:\/\/aip.eita.coop.br\/wp-content\/uploads\/2026\/03\/2022-06-17_foto-brigada-1.jpg 1600w, https:\/\/aip.eita.coop.br\/wp-content\/uploads\/2026\/03\/2022-06-17_foto-brigada-1-300x169.jpg 300w, https:\/\/aip.eita.coop.br\/wp-content\/uploads\/2026\/03\/2022-06-17_foto-brigada-1-1024x576.jpg 1024w, https:\/\/aip.eita.coop.br\/wp-content\/uploads\/2026\/03\/2022-06-17_foto-brigada-1-768x432.jpg 768w, https:\/\/aip.eita.coop.br\/wp-content\/uploads\/2026\/03\/2022-06-17_foto-brigada-1-1536x864.jpg 1536w\" sizes=\"auto, (max-width: 1600px) 100vw, 1600px\" \/><\/a><\/figure>\n\n<h3 style=\"margin-top:8px;margin-bottom:8px;\" class=\"ct-dynamic-data wp-elements-a74bdf7dad29701efbf7a4edd43b9d7b\"><a href=\"https:\/\/aip.eita.coop.br\/pt-br\/statement\/palestine-ipa-statement-on-the-ceasefire-agreemen\/\">Palestine: IPA Statement on the Ceasefire Agreemen<\/a><\/h3>\n<\/article><article class=\"wp-block-post is-layout-flow post-6044 statement type-statement status-publish has-post-thumbnail hentry tag-anti-capitalism tag-education statement-type-official-statement\">\n<figure style=\"margin-top:0px;margin-bottom:0px;\" class=\"wp-block-post-featured-image\"><a href=\"https:\/\/aip.eita.coop.br\/pt-br\/statement\/urgent-call-for-solidarity\/\" target=\"_self\"  ><img loading=\"lazy\" decoding=\"async\" width=\"1280\" height=\"720\" src=\"https:\/\/aip.eita.coop.br\/wp-content\/uploads\/2026\/03\/1.jpg\" class=\"attachment-post-thumbnail size-post-thumbnail wp-post-image\" alt=\"URGENT CALL FOR SOLIDARITY\" style=\"object-fit:cover;\" srcset=\"https:\/\/aip.eita.coop.br\/wp-content\/uploads\/2026\/03\/1.jpg 1280w, https:\/\/aip.eita.coop.br\/wp-content\/uploads\/2026\/03\/1-300x169.jpg 300w, https:\/\/aip.eita.coop.br\/wp-content\/uploads\/2026\/03\/1-1024x576.jpg 1024w, https:\/\/aip.eita.coop.br\/wp-content\/uploads\/2026\/03\/1-768x432.jpg 768w\" sizes=\"auto, (max-width: 1280px) 100vw, 1280px\" \/><\/a><\/figure>\n\n<h3 style=\"margin-top:8px;margin-bottom:8px;\" class=\"ct-dynamic-data wp-elements-a74bdf7dad29701efbf7a4edd43b9d7b\"><a href=\"https:\/\/aip.eita.coop.br\/pt-br\/statement\/urgent-call-for-solidarity\/\">URGENT CALL FOR SOLIDARITY<\/a><\/h3>\n<\/article><article class=\"wp-block-post is-layout-flow post-6050 statement type-statement status-publish has-post-thumbnail hentry tag-anti-capitalism tag-education statement-type-official-statement\">\n<figure style=\"margin-top:0px;margin-bottom:0px;\" class=\"wp-block-post-featured-image\"><a href=\"https:\/\/aip.eita.coop.br\/pt-br\/statement\/in-solidarity-with-the-moroccan-youth-struggle\/\" target=\"_self\"  ><img loading=\"lazy\" decoding=\"async\" width=\"1440\" height=\"960\" src=\"https:\/\/aip.eita.coop.br\/wp-content\/uploads\/2026\/03\/morocco-protests.jpeg\" class=\"attachment-post-thumbnail size-post-thumbnail wp-post-image\" alt=\"In solidarity with the Moroccan youth struggle\" style=\"object-fit:cover;\" srcset=\"https:\/\/aip.eita.coop.br\/wp-content\/uploads\/2026\/03\/morocco-protests.jpeg 1440w, https:\/\/aip.eita.coop.br\/wp-content\/uploads\/2026\/03\/morocco-protests-300x200.jpeg 300w, https:\/\/aip.eita.coop.br\/wp-content\/uploads\/2026\/03\/morocco-protests-1024x683.jpeg 1024w, https:\/\/aip.eita.coop.br\/wp-content\/uploads\/2026\/03\/morocco-protests-768x512.jpeg 768w\" sizes=\"auto, (max-width: 1440px) 100vw, 1440px\" \/><\/a><\/figure>\n\n<h3 style=\"margin-top:8px;margin-bottom:8px;\" class=\"ct-dynamic-data wp-elements-a74bdf7dad29701efbf7a4edd43b9d7b\"><a href=\"https:\/\/aip.eita.coop.br\/pt-br\/statement\/in-solidarity-with-the-moroccan-youth-struggle\/\">In solidarity with the Moroccan youth struggle<\/a><\/h3>\n<\/article><\/div><style>[data-id='fffb5236'] {--grid-columns-width:3;}@media (max-width: 999.98px) {[data-id='fffb5236'] {--grid-columns-width:2;}}@media (max-width: 689.98px) {[data-id='fffb5236'] {--grid-columns-width:1;}}<\/style><\/div>\n\n\n\n<div class=\"wp-block-buttons is-content-justification-center is-layout-flex wp-container-core-buttons-is-layout-a89b3969 wp-block-buttons-is-layout-flex\">\n<div class=\"wp-block-button arrow-button\"><a class=\"wp-block-button__link has-small-font-size has-custom-font-size wp-element-button\" href=\"https:\/\/aip.eita.coop.br\/statement-type\/official-statement\/\" style=\"border-top-left-radius:8px;border-top-right-radius:8px;border-bottom-left-radius:8px;border-bottom-right-radius:8px\">VER TUDO<\/a><\/div>\n<\/div>\n<\/div>\n\n<div class=\"wp-block-group alignfull is-layout-constrained wp-block-group-is-layout-constrained\" style=\"margin-top:0px;margin-bottom:0px;padding-top:var(--wp--preset--spacing--70);padding-bottom:var(--wp--preset--spacing--70)\">\n<h2 class=\"wp-block-heading has-palette-color-1-color has-text-color has-link-color has-aip-font-size wp-elements-93dadf014bbf2c0deaa415c88ccdf5c3\" style=\"font-style:normal;font-weight:1000;line-height:1\">DECLARA\u00c7\u00d5ES DOS MEMBROS<\/h2>\n\n\n\n<div data-id=\"40a7081a\" class=\"wp-block-blocksy-query\"><div class=\"ct-query-template is-layout-slider\"><div class=\"flexy-container\" data-flexy=\"no\"><div class=\"flexy\"><div class=\"flexy-view\" data-flexy-view=\"boxed\"><div class=\"flexy-items\" data-height=\"dynamic\"><div class=\"flexy-item\"><article class=\"wp-block-post is-layout-flow post-734 statement type-statement status-publish has-post-thumbnail hentry tag-anti-imperialism statement-type-member-statement\">\n\n<div class=\"wp-block-columns is-layout-flex wp-container-core-columns-is-layout-28f84493 wp-block-columns-is-layout-flex\">\n<div class=\"wp-block-column is-layout-flow wp-block-column-is-layout-flow\"><figure class=\"wp-block-post-featured-image\"><a href=\"https:\/\/aip.eita.coop.br\/pt-br\/statement\/80-years-since-the-1945-fifth-pan-african-congress-forging-the-pan-african-path-forward\/\" target=\"_self\"  ><img loading=\"lazy\" decoding=\"async\" width=\"1708\" height=\"1080\" src=\"https:\/\/aip.eita.coop.br\/wp-content\/uploads\/2026\/02\/Screenshot-2025-10-15-at-10.38.33.webp\" class=\"attachment-post-thumbnail size-post-thumbnail wp-post-image\" alt=\"80 years since the 1945 Fifth Pan-African Congress, forging the Pan African path forward\" style=\"object-fit:cover;\" srcset=\"https:\/\/aip.eita.coop.br\/wp-content\/uploads\/2026\/02\/Screenshot-2025-10-15-at-10.38.33.webp 1708w, https:\/\/aip.eita.coop.br\/wp-content\/uploads\/2026\/02\/Screenshot-2025-10-15-at-10.38.33-300x190.webp 300w, https:\/\/aip.eita.coop.br\/wp-content\/uploads\/2026\/02\/Screenshot-2025-10-15-at-10.38.33-1024x647.webp 1024w, https:\/\/aip.eita.coop.br\/wp-content\/uploads\/2026\/02\/Screenshot-2025-10-15-at-10.38.33-768x486.webp 768w, https:\/\/aip.eita.coop.br\/wp-content\/uploads\/2026\/02\/Screenshot-2025-10-15-at-10.38.33-1536x971.webp 1536w\" sizes=\"auto, (max-width: 1708px) 100vw, 1708px\" \/><\/a><\/figure><\/div>\n\n\n\n<div class=\"wp-block-column is-layout-flow wp-block-column-is-layout-flow\"><h3 style=\"font-style:normal;font-weight:600;line-height:1;letter-spacing:-0.42px;\" class=\"ct-dynamic-data wp-elements-9c468ab082402bee331247854048de80 wp-elements-9a9ec3945b982417e6f827bcf3b91aae has-text-color has-palette-color-1-color has-large-font-size\"><a href=\"https:\/\/aip.eita.coop.br\/pt-br\/statement\/80-years-since-the-1945-fifth-pan-african-congress-forging-the-pan-african-path-forward\/\">80 years since the 1945 Fifth Pan-African Congress, forging the Pan African path forward<\/a><\/h3>\n\n<div style=\"line-height:1.25;\" class=\"ct-dynamic-data wp-elements-4ef96aa7f449939c500deb42a93b092c has-p-huge-font-size\"><p>The Fifth Pan-African Congress, held in Manchester, England, from 15-21 October in 1945, was a pivotal moment that fundamentally shifted the global struggle against imperialism and propelled the struggle for national liberation, particularly for Africa. Building on centuries of antiracist struggle, the 1945 Congress fundamentally shifted the movement\u2019s focus from\u2026<\/p>\n<\/div>\n\n<a style=\"border-width:0px; padding-top:8px;padding-bottom:8px;padding-left:12px;padding-right:12px;\" class=\"read-more-button wp-elements-bc3d0c79aa5831ca2bd6d00eab20c253 wp-block-read-more has-text-color has-palette-color-8-color has-background has-palette-color-1-background-color\" href=\"https:\/\/aip.eita.coop.br\/pt-br\/statement\/80-years-since-the-1945-fifth-pan-african-congress-forging-the-pan-african-path-forward\/\" target=\"_self\">LEIA MAIS<span class=\"screen-reader-text\">: 80 years since the 1945 Fifth Pan-African Congress, forging the Pan African path forward<\/span><\/a><\/div>\n<\/div>\n\n<\/article><\/div><\/div><\/div><span class=\"flexy-arrow-prev\" data-position=\"outside\"><svg width=\"16\" height=\"10\" fill=\"currentColor\" viewBox=\"0 0 16 10\"><path d=\"M15.3 4.3h-13l2.8-3c.3-.3.3-.7 0-1-.3-.3-.6-.3-.9 0l-4 4.2-.2.2v.6c0 .1.1.2.2.2l4 4.2c.3.4.6.4.9 0 .3-.3.3-.7 0-1l-2.8-3h13c.2 0 .4-.1.5-.2s.2-.3.2-.5-.1-.4-.2-.5c-.1-.1-.3-.2-.5-.2z\"><\/path><\/svg><\/span>\n\t\t\t\t\t\t\t\t<span class=\"flexy-arrow-next\" data-position=\"outside\"><svg width=\"16\" height=\"10\" fill=\"currentColor\" viewBox=\"0 0 16 10\"><path d=\"M.2 4.5c-.1.1-.2.3-.2.5s.1.4.2.5c.1.1.3.2.5.2h13l-2.8 3c-.3.3-.3.7 0 1 .3.3.6.3.9 0l4-4.2.2-.2V5v-.3c0-.1-.1-.2-.2-.2l-4-4.2c-.3-.4-.6-.4-.9 0-.3.3-.3.7 0 1l2.8 3H.7c-.2 0-.4.1-.5.2z\"><\/path><\/svg><\/span><\/div><\/div><\/div><style>[data-id='40a7081a'] [data-flexy*=\"no\"] .flexy-item:nth-child(n + 2) {height:1px;}<\/style><\/div>\n\n\n\n<div data-id=\"f8c03ac0\" class=\"wp-block-blocksy-query home-statements\"><div class=\"ct-query-template-grid\"><article class=\"wp-block-post is-layout-flow post-733 statement type-statement status-publish hentry tag-anti-imperialism tag-democracy statement-type-member-statement\">\n\n\n<div style=\"margin-bottom:var(--wp--preset--spacing--10);margin-top:0.5rem;\" class=\"ct-dynamic-data wp-elements-36c1d3178159624750dad86c75253e2c\">2025-08-14<\/div>\n\n<h3 style=\"margin-top:8px;margin-bottom:8px;\" class=\"ct-dynamic-data wp-elements-da02206bb25004956f473f2ea6c1c698\"><a href=\"https:\/\/aip.eita.coop.br\/pt-br\/statement\/call-for-solidarity-with-the-peoples-of-aes\/\">Call for solidarity with the peoples of AES<\/a><\/h3>\n<\/article><article class=\"wp-block-post is-layout-flow post-732 statement type-statement status-publish hentry tag-anti-imperialism tag-democracy statement-type-member-statement\">\n\n\n<div style=\"margin-bottom:var(--wp--preset--spacing--10);margin-top:0.5rem;\" class=\"ct-dynamic-data wp-elements-36c1d3178159624750dad86c75253e2c\">2025-08-01<\/div>\n\n<h3 style=\"margin-top:8px;margin-bottom:8px;\" class=\"ct-dynamic-data wp-elements-da02206bb25004956f473f2ea6c1c698\"><a href=\"https:\/\/aip.eita.coop.br\/pt-br\/statement\/the-sudanese-communist-party-expresses-its-rejection-of-the-formation-of-the-parallel-government\/\">The Sudanese Communist Party expresses its rejection of the formation of the parallel\u00a0government.<\/a><\/h3>\n<\/article><article class=\"wp-block-post is-layout-flow post-731 statement type-statement status-publish hentry tag-anti-imperialism tag-democracy statement-type-member-statement\">\n\n\n<div style=\"margin-bottom:var(--wp--preset--spacing--10);margin-top:0.5rem;\" class=\"ct-dynamic-data wp-elements-36c1d3178159624750dad86c75253e2c\">2025-07-25<\/div>\n\n<h3 style=\"margin-top:8px;margin-bottom:8px;\" class=\"ct-dynamic-data wp-elements-da02206bb25004956f473f2ea6c1c698\"><a href=\"https:\/\/aip.eita.coop.br\/pt-br\/statement\/on-the-fourth-anniversary-of-the-coup-tunisia-continues-to-regressno-way-out-except-through-struggle\/\">On the Fourth Anniversary of the Coup: Tunisia Continues to RegressNo Way Out Except Through Struggle<\/a><\/h3>\n<\/article><article class=\"wp-block-post is-layout-flow post-730 statement type-statement status-publish has-post-thumbnail hentry statement-type-member-statement\">\n<figure style=\"margin-top:0px;margin-bottom:0px;\" class=\"wp-block-post-featured-image\"><a href=\"https:\/\/aip.eita.coop.br\/pt-br\/statement\/on-africa-liberation-day-we-commit-ourselves-to-the-emancipatory-project-of-revolutionary-pan-africanism\/\" target=\"_self\"  ><img loading=\"lazy\" decoding=\"async\" width=\"794\" height=\"487\" src=\"https:\/\/aip.eita.coop.br\/wp-content\/uploads\/2026\/02\/25.05.25_ALD-Banner.webp\" class=\"attachment-post-thumbnail size-post-thumbnail wp-post-image\" alt=\"On Africa Liberation Day, we commit ourselves to the emancipatory project of revolutionary Pan-Africanism\" style=\"object-fit:cover;\" srcset=\"https:\/\/aip.eita.coop.br\/wp-content\/uploads\/2026\/02\/25.05.25_ALD-Banner.webp 794w, https:\/\/aip.eita.coop.br\/wp-content\/uploads\/2026\/02\/25.05.25_ALD-Banner-300x184.webp 300w, https:\/\/aip.eita.coop.br\/wp-content\/uploads\/2026\/02\/25.05.25_ALD-Banner-768x471.webp 768w\" sizes=\"auto, (max-width: 794px) 100vw, 794px\" \/><\/a><\/figure>\n\n<div style=\"margin-bottom:var(--wp--preset--spacing--10);margin-top:0.5rem;\" class=\"ct-dynamic-data wp-elements-36c1d3178159624750dad86c75253e2c\">2025-05-25<\/div>\n\n<h3 style=\"margin-top:8px;margin-bottom:8px;\" class=\"ct-dynamic-data wp-elements-da02206bb25004956f473f2ea6c1c698\"><a href=\"https:\/\/aip.eita.coop.br\/pt-br\/statement\/on-africa-liberation-day-we-commit-ourselves-to-the-emancipatory-project-of-revolutionary-pan-africanism\/\">On Africa Liberation Day, we commit ourselves to the emancipatory project of revolutionary Pan-Africanism<\/a><\/h3>\n<\/article><\/div><style>[data-id='f8c03ac0'] {--grid-columns-width:4;}@media (max-width: 999.98px) {[data-id='f8c03ac0'] {--grid-columns-width:2;}}@media (max-width: 689.98px) {[data-id='f8c03ac0'] {--grid-columns-width:1;}}<\/style><\/div>\n\n\n\n<div class=\"wp-block-buttons is-content-justification-center is-layout-flex wp-container-core-buttons-is-layout-a89b3969 wp-block-buttons-is-layout-flex\">\n<div class=\"wp-block-button arrow-button\"><a class=\"wp-block-button__link has-small-font-size has-custom-font-size wp-element-button\" href=\"https:\/\/aip.eita.coop.br\/statement-type\/member-statement\/\" style=\"border-top-left-radius:8px;border-top-right-radius:8px;border-bottom-left-radius:8px;border-bottom-right-radius:8px\">VER TUDO<\/a><\/div>\n<\/div>\n<\/div>\n","protected":false},"excerpt":{"rendered":"<p>DECLARA\u00c7\u00d5ES DECLARA\u00c7\u00d5ES OFICIAIS DECLARA\u00c7\u00d5ES DOS MEMBROS<\/p>\n","protected":false},"author":1,"featured_media":0,"parent":0,"menu_order":0,"comment_status":"closed","ping_status":"closed","template":"","meta":{"_acf_changed":false,"footnotes":""},"class_list":["post-1187","page","type-page","status-publish","hentry"],"blocksy_meta":{"has_hero_section":"disabled","vertical_spacing_source":"custom","content_area_spacing":"none","styles_descriptor":{"styles":{"desktop":"","tablet":"","mobile":""},"google_fonts":[],"version":6}},"acf":[],"_links":{"self":[{"href":"https:\/\/aip.eita.coop.br\/pt-br\/wp-json\/wp\/v2\/pages\/1187","targetHints":{"allow":["GET"]}}],"collection":[{"href":"https:\/\/aip.eita.coop.br\/pt-br\/wp-json\/wp\/v2\/pages"}],"about":[{"href":"https:\/\/aip.eita.coop.br\/pt-br\/wp-json\/wp\/v2\/types\/page"}],"author":[{"embeddable":true,"href":"https:\/\/aip.eita.coop.br\/pt-br\/wp-json\/wp\/v2\/users\/1"}],"replies":[{"embeddable":true,"href":"https:\/\/aip.eita.coop.br\/pt-br\/wp-json\/wp\/v2\/comments?post=1187"}],"version-history":[{"count":3,"href":"https:\/\/aip.eita.coop.br\/pt-br\/wp-json\/wp\/v2\/pages\/1187\/revisions"}],"predecessor-version":[{"id":7383,"href":"https:\/\/aip.eita.coop.br\/pt-br\/wp-json\/wp\/v2\/pages\/1187\/revisions\/7383"}],"wp:attachment":[{"href":"https:\/\/aip.eita.coop.br\/pt-br\/wp-json\/wp\/v2\/media?parent=1187"}],"curies":[{"name":"wp","href":"https:\/\/api.w.org\/{rel}","templated":true}]}}