{"id":1159,"date":"2026-01-27T02:02:09","date_gmt":"2026-01-27T02:02:09","guid":{"rendered":"https:\/\/aip.eita.coop.br\/anti-imperismo\/"},"modified":"2026-03-06T22:46:02","modified_gmt":"2026-03-06T22:46:02","slug":"anti-imperismo","status":"publish","type":"page","link":"https:\/\/aip.eita.coop.br\/pt-br\/anti-imperismo\/","title":{"rendered":"ANTI-IMPERIALISMO"},"content":{"rendered":"\n<div class=\"wp-block-group alignfull has-palette-color-5-background-color has-background is-layout-constrained wp-block-group-is-layout-constrained\" style=\"margin-top:0px;margin-bottom:0px\">\n<div class=\"wp-block-group is-vertical is-layout-flex wp-container-core-group-is-layout-d6b9ab57 wp-block-group-is-layout-flex\" style=\"min-height:100vh\">\n<h2 class=\"wp-block-heading has-palette-color-1-color has-text-color has-link-color has-aip-font-size wp-elements-d791b551244f672a694ff9594c91fccc\" style=\"font-style:normal;font-weight:1000;line-height:1\">ANTI-IMPERIALISMO<\/h2>\n<\/div>\n<\/div>\n\n<div class=\"wp-block-group is-layout-constrained wp-container-core-group-is-layout-7748e3ea wp-block-group-is-layout-constrained\" style=\"margin-top:0px;margin-bottom:0px\">\n<div class=\"wp-block-group pos-relative antiimperialism-center-block has-palette-color-8-background-color has-background is-layout-constrained wp-container-core-group-is-layout-2dbb17dc wp-block-group-is-layout-constrained\" style=\"border-top-left-radius:8px;border-top-right-radius:8px;border-bottom-left-radius:8px;border-bottom-right-radius:8px;padding-top:var(--wp--preset--spacing--60);padding-right:var(--wp--preset--spacing--60);padding-bottom:var(--wp--preset--spacing--60);padding-left:var(--wp--preset--spacing--60)\">\n<p class=\"has-p-huge-font-size\" style=\"line-height:1.25\">A AIP promove uma campanha permanente anti-imperialista que enfrenta o hiperimperialismo liderado pelos EUA por meio da educa\u00e7\u00e3o, mobiliza\u00e7\u00e3o e solidariedade, articulando lutas globais contra guerras, san\u00e7\u00f5es e ocupa\u00e7\u00f5es para construir o poder popular.<\/p>\n\n\n\n<p class=\"has-p-huge-font-size\" style=\"line-height:1.25\">A Assembleia Internacional dos Povos (AIP) mant\u00e9m uma campanha permanente de den\u00fancia, educa\u00e7\u00e3o e mobiliza\u00e7\u00e3o contra o imperialismo em todas as suas formas. Atualmente, o imperialismo alcan\u00e7ou uma nova e perigosa etapa, o que chamamos de hiper-imperialismo <\/p>\n\n\n\n<div class=\"wp-block-group is-layout-constrained wp-block-group-is-layout-constrained\">\n<p class=\"has-palette-color-1-color has-text-color has-link-color wp-elements-65e394c224be4ced99189a71c9fb7d92\"><a href=\"https:\/\/thetricontinental.org\/pt-pt\/estudos-sobre-dilemas-contemporaneos-4-hiper-imperialismo\/\" target=\"_blank\" rel=\"noreferrer noopener\">(leia o estudo do Instituto Tricontinental \u201cHiperimperialismo: um novo est\u00e1gio decadente perigoso\u201d)<\/a><\/p>\n\n\n\n<figure class=\"wp-block-image size-large is-resized\"><a href=\"https:\/\/thetricontinental.org\/pt-pt\/estudos-sobre-dilemas-contemporaneos-4-hiper-imperialismo\/\" target=\"_blank\" rel=\" noreferrer noopener\"><img loading=\"lazy\" decoding=\"async\" width=\"1024\" height=\"576\" src=\"https:\/\/aip.eita.coop.br\/wp-content\/uploads\/2026\/01\/b6798e20f62f3b5ebb70c8aeef4ea3f4caec2bad-1024x576.webp\" alt=\"\" class=\"wp-image-366\" style=\"object-fit:cover;width:10000px;height:200px\" srcset=\"https:\/\/aip.eita.coop.br\/wp-content\/uploads\/2026\/01\/b6798e20f62f3b5ebb70c8aeef4ea3f4caec2bad-1024x576.webp 1024w, https:\/\/aip.eita.coop.br\/wp-content\/uploads\/2026\/01\/b6798e20f62f3b5ebb70c8aeef4ea3f4caec2bad-300x169.webp 300w, https:\/\/aip.eita.coop.br\/wp-content\/uploads\/2026\/01\/b6798e20f62f3b5ebb70c8aeef4ea3f4caec2bad-768x432.webp 768w, https:\/\/aip.eita.coop.br\/wp-content\/uploads\/2026\/01\/b6798e20f62f3b5ebb70c8aeef4ea3f4caec2bad-1536x864.webp 1536w\" sizes=\"auto, (max-width: 1024px) 100vw, 1024px\" \/><\/a><\/figure>\n<\/div>\n\n\n\n<p class=\"has-p-huge-font-size\" style=\"line-height:1.25\">que \u00e9 liderado pelos Estados Unidos e seus aliados, que atuam como um bloco \u00fanico e integrado de domina\u00e7\u00e3o militar, econ\u00f4mica, pol\u00edtica e cultural. Esse sistema busca manter sua hegemonia global por meio de guerras, san\u00e7\u00f5es, bloqueios, bases militares e do controle da informa\u00e7\u00e3o e da cultura, amea\u00e7ando a paz, a soberania e a vida. <\/p>\n<\/div>\n\n\n\n<figure class=\"wp-block-image size-large antiimperialism-float-image-2\"><img loading=\"lazy\" decoding=\"async\" width=\"1024\" height=\"1010\" src=\"https:\/\/aip.eita.coop.br\/wp-content\/uploads\/2026\/01\/5c7e007e7c80b31d77635702ed8f828a24292956-1024x1010.png\" alt=\"\" class=\"wp-image-244\" srcset=\"https:\/\/aip.eita.coop.br\/wp-content\/uploads\/2026\/01\/5c7e007e7c80b31d77635702ed8f828a24292956-1024x1010.png 1024w, https:\/\/aip.eita.coop.br\/wp-content\/uploads\/2026\/01\/5c7e007e7c80b31d77635702ed8f828a24292956-300x296.png 300w, https:\/\/aip.eita.coop.br\/wp-content\/uploads\/2026\/01\/5c7e007e7c80b31d77635702ed8f828a24292956-768x758.png 768w, https:\/\/aip.eita.coop.br\/wp-content\/uploads\/2026\/01\/5c7e007e7c80b31d77635702ed8f828a24292956.png 1026w\" sizes=\"auto, (max-width: 1024px) 100vw, 1024px\" \/><\/figure>\n<\/div>\n\n<div class=\"wp-block-group alignfull has-palette-color-5-background-color has-background is-layout-constrained wp-container-core-group-is-layout-64c2fb28 wp-block-group-is-layout-constrained\" style=\"margin-top:0;margin-bottom:0;padding-top:var(--wp--preset--spacing--70);padding-bottom:var(--wp--preset--spacing--70)\">\n<div class=\"wp-block-group is-content-justification-right is-layout-constrained wp-container-core-group-is-layout-faed53ae wp-block-group-is-layout-constrained\">\n<div class=\"wp-block-group pos-relative is-layout-constrained wp-block-group-is-layout-constrained\">\n<p class=\"has-medium-font-size\" style=\"font-style:normal;font-weight:300;line-height:1.28\">Nossa luta anti-imperialista est\u00e1 enraizada na convic\u00e7\u00e3o de que os povos t\u00eam o direito de determinar seu pr\u00f3prio destino e viver livres de ocupa\u00e7\u00e3o, coer\u00e7\u00e3o e explora\u00e7\u00e3o. Da Palestina a Cuba, do Sahel \u00e0 Am\u00e9rica Latina, da \u00c1sia ao cora\u00e7\u00e3o da \u00c1frica, a resist\u00eancia continua crescendo. A AIP trabalha para conectar essas lutas, fortalecer sua organiza\u00e7\u00e3o e gerar uma express\u00e3o internacional coletiva.  <\/p>\n\n\n\n<div id=\"antiimperialism-float-2\" class=\"wp-block-group float-border-box is-layout-constrained wp-container-core-group-is-layout-e555385e wp-block-group-is-layout-constrained\">\n<h2 class=\"wp-block-heading has-palette-color-8-color has-text-color has-link-color has-aip-font-size wp-elements-72d3b97a26372a5a01c07a1f1c30019a\" style=\"font-style:normal;font-weight:1000;line-height:1\">ANTI-IMPERIALISMO<\/h2>\n<\/div>\n<\/div>\n<\/div>\n<\/div>\n\n<div class=\"wp-block-group is-layout-constrained wp-block-group-is-layout-constrained\" style=\"padding-top:9rem;padding-bottom:9rem\">\n<figure class=\"wp-block-image size-large antiimperialism-float-image-3\"><img loading=\"lazy\" decoding=\"async\" width=\"1024\" height=\"1010\" src=\"https:\/\/aip.eita.coop.br\/wp-content\/uploads\/2026\/01\/5c7e007e7c80b31d77635702ed8f828a24292956-1024x1010.png\" alt=\"\" class=\"wp-image-244\" srcset=\"https:\/\/aip.eita.coop.br\/wp-content\/uploads\/2026\/01\/5c7e007e7c80b31d77635702ed8f828a24292956-1024x1010.png 1024w, https:\/\/aip.eita.coop.br\/wp-content\/uploads\/2026\/01\/5c7e007e7c80b31d77635702ed8f828a24292956-300x296.png 300w, https:\/\/aip.eita.coop.br\/wp-content\/uploads\/2026\/01\/5c7e007e7c80b31d77635702ed8f828a24292956-768x758.png 768w, https:\/\/aip.eita.coop.br\/wp-content\/uploads\/2026\/01\/5c7e007e7c80b31d77635702ed8f828a24292956.png 1026w\" sizes=\"auto, (max-width: 1024px) 100vw, 1024px\" \/><\/figure>\n\n\n\n<div class=\"wp-block-group is-content-justification-left is-layout-constrained wp-container-core-group-is-layout-0eaefcd6 wp-block-group-is-layout-constrained\">\n<p class=\"has-p-huge-font-size\" style=\"line-height:1.25\">A AIP promove a <strong>Luta Anti-imperialista<\/strong> como um processo global de agita\u00e7\u00e3o, educa\u00e7\u00e3o e mobiliza\u00e7\u00e3o voltado para enfrentar o militarismo dos Estados Unidos e as guerras imperialistas. Organiza\u00e7\u00f5es de todas as regi\u00f5es mant\u00eam uma agenda de assembleias, cursos de forma\u00e7\u00e3o pol\u00edtica, a\u00e7\u00f5es culturais e mobiliza\u00e7\u00f5es de massa que denunciam o papel destrutivo do imperialismo e promovem a solidariedade entre os povos. <\/p>\n<\/div>\n<\/div>\n\n<div class=\"wp-block-group alignfull has-palette-color-1-background-color has-background is-layout-constrained wp-container-core-group-is-layout-1b717466 wp-block-group-is-layout-constrained\" style=\"margin-top:0px;margin-bottom:0px;padding-top:var(--wp--preset--spacing--70);padding-bottom:var(--wp--preset--spacing--70)\">\n<p class=\"has-palette-color-8-color has-text-color has-link-color has-p-huge-font-size wp-elements-f48ed554e5e7651444e10d14aabd9b1d\">A campanha aborda uma ampla variedade de temas: guerras e ocupa\u00e7\u00f5es imperialistas; militariza\u00e7\u00e3o de territ\u00f3rios e for\u00e7as policiais; guerras econ\u00f4micas por meio de san\u00e7\u00f5es e bloqueios; o com\u00e9rcio de armas; destrui\u00e7\u00e3o ambiental; normaliza\u00e7\u00e3o da viol\u00eancia e do genoc\u00eddio; e as guerras psicol\u00f3gicas e culturais que buscam dominar nosso imagin\u00e1rio social. As organiza\u00e7\u00f5es de cada regi\u00e3o trazem suas pr\u00f3prias experi\u00eancias e perspectivas, construindo uma frente comum de luta baseada nas realidades locais e na solidariedade internacional. <\/p>\n<\/div>\n\n<div class=\"wp-block-group alignfull has-palette-color-2-background-color has-background is-layout-constrained wp-block-group-is-layout-constrained\" style=\"margin-top:0px;margin-bottom:0px;padding-top:var(--wp--preset--spacing--70);padding-bottom:var(--wp--preset--spacing--70)\">\n<p class=\"has-text-align-center has-palette-color-8-color has-text-color has-link-color has-large-font-size wp-elements-c2c64dd0e238d65adcbaba31d9adf0e2\" style=\"font-style:normal;font-weight:600;letter-spacing:0px;line-height:1\"><strong>Por meio dessa campanha permanente, a AIP reafirma que enfrentar o imperialismo \u00e9 central na luta de classes. N\u00f3s nos organizamos, estudamos e agimos juntos para p\u00f4r fim ao imperialismo e construir o poder popular. <\/strong><\/p>\n<\/div>\n\n<p><\/p>\n","protected":false},"excerpt":{"rendered":"<p>ANTI-IMPERIALISMO A AIP promove uma campanha permanente anti-imperialista que enfrenta o hiperimperialismo liderado pelos EUA por meio da educa\u00e7\u00e3o, mobiliza\u00e7\u00e3o e solidariedade, articulando lutas globais contra guerras, san\u00e7\u00f5es e ocupa\u00e7\u00f5es para construir o poder popular. A Assembleia Internacional dos Povos (AIP) mant\u00e9m uma campanha permanente de den\u00fancia, educa\u00e7\u00e3o e mobiliza\u00e7\u00e3o contra o imperialismo em todas [&hellip;]<\/p>\n","protected":false},"author":1,"featured_media":0,"parent":0,"menu_order":0,"comment_status":"closed","ping_status":"closed","template":"","meta":{"_acf_changed":false,"footnotes":""},"class_list":["post-1159","page","type-page","status-publish","hentry"],"blocksy_meta":{"has_hero_section":"disabled","vertical_spacing_source":"custom","content_area_spacing":"none","styles_descriptor":{"styles":{"desktop":"","tablet":"","mobile":""},"google_fonts":[],"version":6}},"acf":[],"_links":{"self":[{"href":"https:\/\/aip.eita.coop.br\/pt-br\/wp-json\/wp\/v2\/pages\/1159","targetHints":{"allow":["GET"]}}],"collection":[{"href":"https:\/\/aip.eita.coop.br\/pt-br\/wp-json\/wp\/v2\/pages"}],"about":[{"href":"https:\/\/aip.eita.coop.br\/pt-br\/wp-json\/wp\/v2\/types\/page"}],"author":[{"embeddable":true,"href":"https:\/\/aip.eita.coop.br\/pt-br\/wp-json\/wp\/v2\/users\/1"}],"replies":[{"embeddable":true,"href":"https:\/\/aip.eita.coop.br\/pt-br\/wp-json\/wp\/v2\/comments?post=1159"}],"version-history":[{"count":4,"href":"https:\/\/aip.eita.coop.br\/pt-br\/wp-json\/wp\/v2\/pages\/1159\/revisions"}],"predecessor-version":[{"id":1174,"href":"https:\/\/aip.eita.coop.br\/pt-br\/wp-json\/wp\/v2\/pages\/1159\/revisions\/1174"}],"wp:attachment":[{"href":"https:\/\/aip.eita.coop.br\/pt-br\/wp-json\/wp\/v2\/media?parent=1159"}],"curies":[{"name":"wp","href":"https:\/\/api.w.org\/{rel}","templated":true}]}}