{"id":1098,"date":"2026-01-25T01:02:04","date_gmt":"2026-01-25T01:02:04","guid":{"rendered":"https:\/\/aip.eita.coop.br\/aceos\/"},"modified":"2026-03-06T20:58:26","modified_gmt":"2026-03-06T20:58:26","slug":"aceos","status":"publish","type":"page","link":"https:\/\/aip.eita.coop.br\/pt-br\/aceos\/","title":{"rendered":"A\u00e7\u00f5es"},"content":{"rendered":"\n<div class=\"wp-block-group alignfull has-palette-color-1-background-color has-background is-layout-constrained wp-block-group-is-layout-constrained\" style=\"margin-top:0px;margin-bottom:0px;background-image:url(&apos;https:\/\/aip.eita.coop.br\/wp-content\/uploads\/2026\/03\/Header-banners_Actions.webp&apos;);background-size:cover;\">\n<div class=\"wp-block-group is-vertical is-layout-flex wp-container-core-group-is-layout-d6b9ab57 wp-block-group-is-layout-flex\" style=\"min-height:70vh\">\n<h2 class=\"wp-block-heading has-palette-color-8-color has-text-color has-link-color has-aip-font-size wp-elements-17d18e956ca0f312524b00d4029c14e6\" style=\"font-style:normal;font-weight:1000;line-height:1\">A\u00c7\u00d5ES<\/h2>\n<\/div>\n<\/div>\n\n<div class=\"wp-block-group alignfull has-palette-color-2-background-color has-background is-layout-constrained wp-block-group-is-layout-constrained\" style=\"margin-top:0px;margin-bottom:0px;padding-top:var(--wp--preset--spacing--70);padding-bottom:var(--wp--preset--spacing--70)\">\n<div class=\"wp-block-columns is-layout-flex wp-container-core-columns-is-layout-28f84493 wp-block-columns-is-layout-flex\">\n<div class=\"wp-block-column pos-relative political-platform-left is-layout-flow wp-block-column-is-layout-flow\">\n<h2 class=\"wp-block-heading has-palette-color-8-color has-text-color has-link-color has-aip-font-size wp-elements-a75ad82303b127a73d8b9ba09efc507f\" style=\"font-style:normal;font-weight:1000;line-height:1\">PLATAFORMA POL\u00cdTICA<\/h2>\n\n\n\n<p class=\"has-palette-color-8-color has-text-color has-link-color has-p-huge-font-size wp-elements-86ec401756f581ba90f0f30d7ad128a7\">A humanidade enfrenta uma profunda crise capitalista de desigualdade, guerras e colapso ecol\u00f3gico. Em sua Plataforma Pol\u00edtica, a AIP apresenta reflex\u00f5es e propostas baseadas na unidade, na forma\u00e7\u00e3o pol\u00edtica e na solidariedade internacional para derrotar o imperialismo, avan\u00e7ar rumo ao socialismo e abrir um caminho de emancipa\u00e7\u00e3o humana. <\/p>\n\n\n\n<div class=\"wp-block-buttons is-layout-flex wp-block-buttons-is-layout-flex\">\n<div class=\"wp-block-button\"><a class=\"wp-block-button__link has-normal-font-size has-custom-font-size wp-element-button\" href=\"https:\/\/aip.eita.coop.br\/pt-br\/plataforma-politica\/\" style=\"border-top-left-radius:8px;border-top-right-radius:8px;border-bottom-left-radius:8px;border-bottom-right-radius:8px\">LEIA MAIS<\/a><\/div>\n<\/div>\n\n\n\n<figure class=\"wp-block-image size-full political-platform-float-image\"><img loading=\"lazy\" decoding=\"async\" width=\"526\" height=\"597\" src=\"https:\/\/aip.eita.coop.br\/wp-content\/uploads\/2026\/01\/circle.webp\" alt=\"\" class=\"wp-image-246\" srcset=\"https:\/\/aip.eita.coop.br\/wp-content\/uploads\/2026\/01\/circle.webp 526w, https:\/\/aip.eita.coop.br\/wp-content\/uploads\/2026\/01\/circle-264x300.webp 264w\" sizes=\"auto, (max-width: 526px) 100vw, 526px\" \/><\/figure>\n<\/div>\n\n\n\n<div class=\"wp-block-column is-layout-flow wp-container-core-column-is-layout-964819ab wp-block-column-is-layout-flow\" style=\"padding-top:0;padding-bottom:0\">\n<div class=\"wp-block-group is-layout-constrained wp-container-core-group-is-layout-4548b604 wp-block-group-is-layout-constrained\">\n<div class=\"wp-block-buttons is-layout-flex wp-block-buttons-is-layout-flex\">\n<div class=\"wp-block-button pill\"><a class=\"wp-block-button__link has-palette-color-4-color has-palette-color-14-background-color has-text-color has-background has-link-color has-normal-font-size has-custom-font-size wp-element-button\" style=\"padding-top:0rem;padding-bottom:0rem;font-style:normal;font-weight:400;text-transform:uppercase\">UM MUNDO EM CRISE<\/a><\/div>\n<\/div>\n\n\n\n<p class=\"has-palette-color-8-color has-text-color has-link-color wp-elements-801ac9ef06ac09500995a22882de35ea\" style=\"font-style:normal;font-weight:600;letter-spacing:0.32px;line-height:1\">O capitalismo enfrenta uma profunda crise estrutural que aprofunda a desigualdade, o colapso ecol\u00f3gico, a decad\u00eancia pol\u00edtica e as guerras imperialistas; enquanto o decl\u00ednio dos EUA, a financeiriza\u00e7\u00e3o e o neofascismo amea\u00e7am os povos, a democracia e o planeta.<\/p>\n<\/div>\n\n\n\n<div class=\"wp-block-group is-layout-constrained wp-container-core-group-is-layout-4548b604 wp-block-group-is-layout-constrained\">\n<div class=\"wp-block-buttons is-layout-flex wp-block-buttons-is-layout-flex\">\n<div class=\"wp-block-button pill\"><a class=\"wp-block-button__link has-palette-color-4-color has-palette-color-6-background-color has-text-color has-background has-link-color has-normal-font-size has-custom-font-size wp-element-button\" style=\"padding-top:0rem;padding-bottom:0rem;font-style:normal;font-weight:400;text-transform:uppercase\">ARTICULA\u00c7\u00c3O POPULAR COMO RESPOSTA \u00c0 CRISE<\/a><\/div>\n<\/div>\n\n\n\n<p class=\"has-palette-color-8-color has-text-color has-link-color wp-elements-9a3bc53783b0b315f57c136a53bedb5a\" style=\"font-style:normal;font-weight:600;letter-spacing:0.32px;line-height:1\">Organiza\u00e7\u00f5es pol\u00edticas constroem uma coordena\u00e7\u00e3o internacional por meio da AIP, unindo lutas para debater, formar e desenvolver uma plataforma socialista din\u00e2mica para enfrentar o capitalismo e as crises da humanidade.<\/p>\n<\/div>\n\n\n\n<div class=\"wp-block-group is-layout-constrained wp-container-core-group-is-layout-4548b604 wp-block-group-is-layout-constrained\">\n<div class=\"wp-block-buttons is-layout-flex wp-block-buttons-is-layout-flex\">\n<div class=\"wp-block-button pill\"><a class=\"wp-block-button__link has-palette-color-4-color has-palette-color-7-background-color has-text-color has-background has-link-color has-normal-font-size has-custom-font-size wp-element-button\" style=\"padding-top:0rem;padding-bottom:0rem;font-style:normal;font-weight:400;text-transform:uppercase\">PLATAFORMA PROGRAM\u00c1TICA<\/a><\/div>\n<\/div>\n\n\n\n<p class=\"has-palette-color-8-color has-text-color has-link-color wp-elements-7ba4aa1c162012bea019892d24ae3d6d\" style=\"font-style:normal;font-weight:600;letter-spacing:0.32px;line-height:1\">O programa da AIP impulsiona lutas anticapitalistas, anti-imperialistas, feministas, antirracistas e ecol\u00f3gicas para construir democracia popular, justi\u00e7a social, soberania e alternativas p\u00f3s-capitalistas centradas na dignidade, na igualdade e na vida.<\/p>\n<\/div>\n\n\n\n<div class=\"wp-block-group is-layout-constrained wp-container-core-group-is-layout-4548b604 wp-block-group-is-layout-constrained\">\n<div class=\"wp-block-buttons is-layout-flex wp-block-buttons-is-layout-flex\">\n<div class=\"wp-block-button pill\"><a class=\"wp-block-button__link has-palette-color-4-color has-palette-color-12-background-color has-text-color has-background has-link-color has-normal-font-size has-custom-font-size wp-element-button\" style=\"padding-top:0rem;padding-bottom:0rem;font-style:normal;font-weight:400;text-transform:uppercase\">NOSSA AGENDA EM COMUM: O QUE FAZER?<\/a><\/div>\n<\/div>\n\n\n\n<p class=\"has-palette-color-8-color has-text-color has-link-color wp-elements-88278e11f2b99ec2c43f80f4379002e0\" style=\"font-style:normal;font-weight:600;letter-spacing:0.32px;line-height:1\">A AIP convoca \u00e0 unidade por meio da articula\u00e7\u00e3o internacional concreta, da mobiliza\u00e7\u00e3o de massas e da forma\u00e7\u00e3o pol\u00edtica para construir um poder popular capaz de derrotar o capitalismo e abrir um caminho para a emancipa\u00e7\u00e3o humana.<\/p>\n<\/div>\n<\/div>\n<\/div>\n<\/div>\n\n<div class=\"wp-block-group alignfull pos-relative is-layout-constrained wp-block-group-is-layout-constrained\" id=\"antiimperialism\">\n<div class=\"wp-block-group is-vertical is-content-justification-right is-layout-flex wp-container-core-group-is-layout-d209dd38 wp-block-group-is-layout-flex\" style=\"min-height:100vh;margin-top:0px;margin-bottom:0px\">\n<div class=\"wp-block-group is-content-justification-right is-layout-constrained wp-container-core-group-is-layout-a3883e76 wp-block-group-is-layout-constrained\">\n<div class=\"wp-block-group is-content-justification-right is-layout-constrained wp-container-core-group-is-layout-c613575e wp-block-group-is-layout-constrained\">\n<h2 class=\"wp-block-heading has-text-align-right has-palette-color-1-color has-text-color has-link-color has-aip-font-size wp-elements-b11b6ecb7c504adbb826a02daeff41ea\" style=\"font-style:normal;font-weight:1000;line-height:1\">ANTI-IMPERIALISMO<\/h2>\n\n\n\n<p class=\"has-text-align-right has-palette-color-1-color has-text-color has-link-color has-normal-font-size wp-elements-1aac666192468f5fc77e2e52d5f5ebe3\">A AIP promove uma campanha permanente anti-imperialista que enfrenta o hiperimperialismo liderado pelos EUA por meio da educa\u00e7\u00e3o, mobiliza\u00e7\u00e3o e solidariedade, articulando lutas globais contra guerras, san\u00e7\u00f5es e ocupa\u00e7\u00f5es para construir o poder popular.<\/p>\n\n\n\n<div class=\"wp-block-buttons is-content-justification-right is-layout-flex wp-container-core-buttons-is-layout-d445cf74 wp-block-buttons-is-layout-flex\">\n<div class=\"wp-block-button\"><a class=\"wp-block-button__link has-normal-font-size has-custom-font-size wp-element-button\" href=\"https:\/\/aip.eita.coop.br\/pt-br\/anti-imperismo\/\" style=\"border-top-left-radius:8px;border-top-right-radius:8px;border-bottom-left-radius:8px;border-bottom-right-radius:8px\">LEIA MAIS<\/a><\/div>\n<\/div>\n<\/div>\n<\/div>\n<\/div>\n\n\n\n<figure class=\"wp-block-image size-large antiimperialism-float-image\"><img loading=\"lazy\" decoding=\"async\" width=\"1024\" height=\"1010\" src=\"https:\/\/aip.eita.coop.br\/wp-content\/uploads\/2026\/01\/5c7e007e7c80b31d77635702ed8f828a24292956-1024x1010.png\" alt=\"\" class=\"wp-image-244\" srcset=\"https:\/\/aip.eita.coop.br\/wp-content\/uploads\/2026\/01\/5c7e007e7c80b31d77635702ed8f828a24292956-1024x1010.png 1024w, https:\/\/aip.eita.coop.br\/wp-content\/uploads\/2026\/01\/5c7e007e7c80b31d77635702ed8f828a24292956-300x296.png 300w, https:\/\/aip.eita.coop.br\/wp-content\/uploads\/2026\/01\/5c7e007e7c80b31d77635702ed8f828a24292956-768x758.png 768w, https:\/\/aip.eita.coop.br\/wp-content\/uploads\/2026\/01\/5c7e007e7c80b31d77635702ed8f828a24292956.png 1026w\" sizes=\"auto, (max-width: 1024px) 100vw, 1024px\" \/><\/figure>\n<\/div>\n\n<div class=\"wp-block-group alignfull is-layout-constrained wp-container-core-group-is-layout-f8b0193c wp-block-group-is-layout-constrained\" id=\"home-campaign-slider\" style=\"margin-top:0px;margin-bottom:0px;padding-top:0px;padding-right:0px;padding-bottom:0px;padding-left:0px\"><div class='custom-slider'><h3 class='float-text'><a href='\/solidarity-campaigns\/'>Campanhas de<br\/>Solidariedade<\/a><\/h3><div class='slide active'><div class='holder'><img loading=\"lazy\" decoding=\"async\" width=\"1920\" height=\"1080\" src=\"https:\/\/aip.eita.coop.br\/wp-content\/uploads\/2026\/01\/sahel.webp\" class=\"attachment-post-thumbnail size-post-thumbnail wp-post-image\" alt=\"\" srcset=\"https:\/\/aip.eita.coop.br\/wp-content\/uploads\/2026\/01\/sahel.webp 1920w, https:\/\/aip.eita.coop.br\/wp-content\/uploads\/2026\/01\/sahel-300x169.webp 300w, https:\/\/aip.eita.coop.br\/wp-content\/uploads\/2026\/01\/sahel-1024x576.webp 1024w, https:\/\/aip.eita.coop.br\/wp-content\/uploads\/2026\/01\/sahel-768x432.webp 768w, https:\/\/aip.eita.coop.br\/wp-content\/uploads\/2026\/01\/sahel-1536x864.webp 1536w\" sizes=\"auto, (max-width: 1920px) 100vw, 1920px\" \/><div class='content-holder'><div class='content'><h2>Voices from the Sahel<\/h2><div class='wp-block-button is-style-outline'><a href='https:\/\/aip.eita.coop.br\/pt-br\/campaign\/voices-from-the-sahel\/' class='wp-block-button__link has-palette-color-2-color has-palette-color-8-background-color has-text-color has-background has-link-color has-border-color has-normal-font-size has-custom-font-size wp-element-button' style='border-color:var(--theme-palette-color-8, #ffffff);border-top-left-radius:8px;border-top-right-radius:8px;border-bottom-left-radius:8px;border-bottom-right-radius:8px;padding-top:var(--wp--preset--spacing--10);padding-right:var(--wp--preset--spacing--50);padding-bottom:var(--wp--preset--spacing--10);padding-left:var(--wp--preset--spacing--50);font-style:normal;font-weight:700'>LEIA MAIS<\/a><\/div><\/div><\/div><\/div><\/div><div class='slide'><div class='holder'><img loading=\"lazy\" decoding=\"async\" width=\"1366\" height=\"768\" src=\"https:\/\/aip.eita.coop.br\/wp-content\/uploads\/2026\/01\/temp.webp\" class=\"attachment-post-thumbnail size-post-thumbnail wp-post-image\" alt=\"\" srcset=\"https:\/\/aip.eita.coop.br\/wp-content\/uploads\/2026\/01\/temp.webp 1366w, https:\/\/aip.eita.coop.br\/wp-content\/uploads\/2026\/01\/temp-300x169.webp 300w, https:\/\/aip.eita.coop.br\/wp-content\/uploads\/2026\/01\/temp-1024x576.webp 1024w, https:\/\/aip.eita.coop.br\/wp-content\/uploads\/2026\/01\/temp-768x432.webp 768w\" sizes=\"auto, (max-width: 1366px) 100vw, 1366px\" \/><div class='content-holder'><div class='content'><h2>O IMPERIALISMO DESTR\u00d3I, O POVO HAITIANO CONSTR\u00d3I!<\/h2><div class='wp-block-button is-style-outline'><a href='https:\/\/aip.eita.coop.br\/pt-br\/campaign\/o-imperialismo-destroi-o-povo-haitiano-constroi\/' class='wp-block-button__link has-palette-color-2-color has-palette-color-8-background-color has-text-color has-background has-link-color has-border-color has-normal-font-size has-custom-font-size wp-element-button' style='border-color:var(--theme-palette-color-8, #ffffff);border-top-left-radius:8px;border-top-right-radius:8px;border-bottom-left-radius:8px;border-bottom-right-radius:8px;padding-top:var(--wp--preset--spacing--10);padding-right:var(--wp--preset--spacing--50);padding-bottom:var(--wp--preset--spacing--10);padding-left:var(--wp--preset--spacing--50);font-style:normal;font-weight:700'>LEIA MAIS<\/a><\/div><\/div><\/div><\/div><\/div><div class='slide'><div class='holder'><img loading=\"lazy\" decoding=\"async\" width=\"2560\" height=\"853\" src=\"https:\/\/aip.eita.coop.br\/wp-content\/uploads\/2026\/01\/cuba-scaled.webp\" class=\"attachment-post-thumbnail size-post-thumbnail wp-post-image\" alt=\"\" srcset=\"https:\/\/aip.eita.coop.br\/wp-content\/uploads\/2026\/01\/cuba-scaled.webp 2560w, https:\/\/aip.eita.coop.br\/wp-content\/uploads\/2026\/01\/cuba-300x100.webp 300w, https:\/\/aip.eita.coop.br\/wp-content\/uploads\/2026\/01\/cuba-1024x341.webp 1024w, https:\/\/aip.eita.coop.br\/wp-content\/uploads\/2026\/01\/cuba-768x256.webp 768w, https:\/\/aip.eita.coop.br\/wp-content\/uploads\/2026\/01\/cuba-1536x512.webp 1536w, https:\/\/aip.eita.coop.br\/wp-content\/uploads\/2026\/01\/cuba-2048x683.webp 2048w\" sizes=\"auto, (max-width: 2560px) 100vw, 2560px\" \/><div class='content-holder'><div class='content'><h2>Cuba Vive e Resiste<\/h2><div class='wp-block-button is-style-outline'><a href='https:\/\/aip.eita.coop.br\/pt-br\/campaign\/cuba-vive-e-resiste\/' class='wp-block-button__link has-palette-color-2-color has-palette-color-8-background-color has-text-color has-background has-link-color has-border-color has-normal-font-size has-custom-font-size wp-element-button' style='border-color:var(--theme-palette-color-8, #ffffff);border-top-left-radius:8px;border-top-right-radius:8px;border-bottom-left-radius:8px;border-bottom-right-radius:8px;padding-top:var(--wp--preset--spacing--10);padding-right:var(--wp--preset--spacing--50);padding-bottom:var(--wp--preset--spacing--10);padding-left:var(--wp--preset--spacing--50);font-style:normal;font-weight:700'>LEIA MAIS<\/a><\/div><\/div><\/div><\/div><\/div><div class='custom-slider-controller'><div class='control active'><p>Voices from the Sahel<\/p><\/div><div class='control'><p>O IMPERIALISMO DESTR\u00d3I, O POVO HAITIANO CONSTR\u00d3I!<\/p><\/div><div class='control'><p>Cuba Vive e Resiste<\/p><\/div><\/div><\/div>\n<\/div>\n\n<div class=\"wp-block-group alignfull has-palette-color-15-background-color has-background is-layout-constrained wp-block-group-is-layout-constrained\" style=\"margin-top:0px;margin-bottom:0px;padding-top:var(--wp--preset--spacing--60);padding-bottom:var(--wp--preset--spacing--60)\">\n<div class=\"wp-block-columns are-vertically-aligned-center is-layout-flex wp-container-core-columns-is-layout-6d245429 wp-block-columns-is-layout-flex\" style=\"padding-top:0;padding-right:0;padding-bottom:0;padding-left:0\">\n<div class=\"wp-block-column is-vertically-aligned-center is-layout-flow wp-container-core-column-is-layout-5dafc681 wp-block-column-is-layout-flow\">\n<h2 class=\"wp-block-heading has-palette-color-8-color has-text-color has-link-color has-sf-pro-font-family has-xxl-font-size wp-elements-665e8e3589ae4739956894ea7d9188fd\" style=\"font-style:normal;font-weight:700;line-height:1\">Dilemas da<br\/>Humanidade:<\/h2>\n\n\n\n<p class=\"has-palette-color-8-color has-text-color has-link-color has-p-huge-font-size wp-elements-de5ab3a78febd3fb884e4b3e5a4fc120\">Perspectivas para a Transforma\u00e7\u00e3o Social<\/p>\n\n\n\n<div class=\"wp-block-buttons is-layout-flex wp-block-buttons-is-layout-flex\">\n<div class=\"wp-block-button external-link-button\"><a class=\"wp-block-button__link has-palette-color-1-color has-palette-color-8-background-color has-text-color has-background has-link-color has-normal-font-size has-custom-font-size wp-element-button\" href=\"https:\/\/dilemmasofhumanity.org\/\" style=\"border-top-left-radius:8px;border-top-right-radius:8px;border-bottom-left-radius:8px;border-bottom-right-radius:8px;font-style:normal;font-weight:600;text-transform:uppercase\" target=\"_blank\" rel=\"noreferrer noopener\">Site Oficial<\/a><\/div>\n<\/div>\n<\/div>\n\n\n\n<div class=\"wp-block-column is-vertically-aligned-center is-layout-flow wp-block-column-is-layout-flow\">\n<figure class=\"wp-block-image size-large\"><img loading=\"lazy\" decoding=\"async\" width=\"798\" height=\"1024\" src=\"https:\/\/aip.eita.coop.br\/wp-content\/uploads\/2026\/01\/1f7005eaa914a4e19b34bc4c3507cd1e3d4b51d1-798x1024.webp\" alt=\"\" class=\"wp-image-274\" srcset=\"https:\/\/aip.eita.coop.br\/wp-content\/uploads\/2026\/01\/1f7005eaa914a4e19b34bc4c3507cd1e3d4b51d1-798x1024.webp 798w, https:\/\/aip.eita.coop.br\/wp-content\/uploads\/2026\/01\/1f7005eaa914a4e19b34bc4c3507cd1e3d4b51d1-234x300.webp 234w, https:\/\/aip.eita.coop.br\/wp-content\/uploads\/2026\/01\/1f7005eaa914a4e19b34bc4c3507cd1e3d4b51d1-768x985.webp 768w, https:\/\/aip.eita.coop.br\/wp-content\/uploads\/2026\/01\/1f7005eaa914a4e19b34bc4c3507cd1e3d4b51d1.webp 828w\" sizes=\"auto, (max-width: 798px) 100vw, 798px\" \/><\/figure>\n<\/div>\n<\/div>\n<\/div>\n","protected":false},"excerpt":{"rendered":"<p>A\u00c7\u00d5ES PLATAFORMA POL\u00cdTICA A humanidade enfrenta uma profunda crise capitalista de desigualdade, guerras e colapso ecol\u00f3gico. Em sua Plataforma Pol\u00edtica, a AIP apresenta reflex\u00f5es e propostas baseadas na unidade, na forma\u00e7\u00e3o pol\u00edtica e na solidariedade internacional para derrotar o imperialismo, avan\u00e7ar rumo ao socialismo e abrir um caminho de emancipa\u00e7\u00e3o humana. O capitalismo enfrenta uma [&hellip;]<\/p>\n","protected":false},"author":1,"featured_media":0,"parent":0,"menu_order":0,"comment_status":"closed","ping_status":"closed","template":"","meta":{"_acf_changed":false,"footnotes":""},"class_list":["post-1098","page","type-page","status-publish","hentry"],"blocksy_meta":{"has_hero_section":"disabled","vertical_spacing_source":"custom","content_area_spacing":"none","styles_descriptor":{"styles":{"desktop":"","tablet":"","mobile":""},"google_fonts":[],"version":6}},"acf":[],"_links":{"self":[{"href":"https:\/\/aip.eita.coop.br\/pt-br\/wp-json\/wp\/v2\/pages\/1098","targetHints":{"allow":["GET"]}}],"collection":[{"href":"https:\/\/aip.eita.coop.br\/pt-br\/wp-json\/wp\/v2\/pages"}],"about":[{"href":"https:\/\/aip.eita.coop.br\/pt-br\/wp-json\/wp\/v2\/types\/page"}],"author":[{"embeddable":true,"href":"https:\/\/aip.eita.coop.br\/pt-br\/wp-json\/wp\/v2\/users\/1"}],"replies":[{"embeddable":true,"href":"https:\/\/aip.eita.coop.br\/pt-br\/wp-json\/wp\/v2\/comments?post=1098"}],"version-history":[{"count":6,"href":"https:\/\/aip.eita.coop.br\/pt-br\/wp-json\/wp\/v2\/pages\/1098\/revisions"}],"predecessor-version":[{"id":1162,"href":"https:\/\/aip.eita.coop.br\/pt-br\/wp-json\/wp\/v2\/pages\/1098\/revisions\/1162"}],"wp:attachment":[{"href":"https:\/\/aip.eita.coop.br\/pt-br\/wp-json\/wp\/v2\/media?parent=1098"}],"curies":[{"name":"wp","href":"https:\/\/api.w.org\/{rel}","templated":true}]}}