{"id":1410,"date":"2026-01-28T22:33:58","date_gmt":"2026-01-28T22:33:58","guid":{"rendered":"https:\/\/aip.eita.coop.br\/kits-medias\/"},"modified":"2026-03-07T20:34:21","modified_gmt":"2026-03-07T20:34:21","slug":"kits-medias","status":"publish","type":"page","link":"https:\/\/aip.eita.coop.br\/fr\/kits-medias\/","title":{"rendered":"Kits m\u00e9dias"},"content":{"rendered":"\n<div class=\"wp-block-group alignfull is-layout-constrained wp-block-group-is-layout-constrained has-background\" style=\"margin-top:0px;margin-bottom:0px;padding-top:var(--wp--preset--spacing--70);padding-bottom:var(--wp--preset--spacing--70);background-image:url(&apos;https:\/\/aip.eita.coop.br\/wp-content\/uploads\/2026\/01\/toolbox-1.webp&apos;);background-position:100% 50%;background-size:cover;\">\n<h2 class=\"wp-block-heading has-palette-color-8-color has-text-color has-link-color has-aip-font-size wp-elements-12149cbbb07e4be374e69600e46b1cf0\" style=\"font-style:normal;font-weight:1000;line-height:1\">KITS<br\/>M\u00c9DIAS<\/h2>\n\n\n\n<p class=\"has-palette-color-8-color has-text-color has-link-color has-large-font-size wp-elements-f0444e510dd4c75a9257ab33aec2aae1\" style=\"font-style:normal;font-weight:600;letter-spacing:-0.42px;line-height:1\">DOCUMENTS IMPRIMABLES<\/p>\n\n\n\n<div class=\"wp-block-buttons is-layout-flex wp-block-buttons-is-layout-flex\">\n<div class=\"wp-block-button toolbox-access-button\"><a class=\"wp-block-button__link has-palette-color-1-color has-palette-color-8-background-color has-text-color has-background has-link-color wp-element-button\" href=\"&lt;!--[CDATA[\/media-kits]]--&gt;\">ACC\u00c8S<\/a><\/div>\n<\/div>\n<\/div>\n\n<div class=\"wp-block-group alignfull is-layout-constrained wp-block-group-is-layout-constrained\" style=\"padding-top:var(--wp--preset--spacing--70);padding-bottom:var(--wp--preset--spacing--70)\">\n<div class=\"wp-block-columns is-layout-flex wp-container-core-columns-is-layout-28f84493 wp-block-columns-is-layout-flex\">\n<div class=\"wp-block-column is-layout-flow wp-block-column-is-layout-flow\">\n<p class=\"has-medium-font-size\" style=\"font-style:normal;font-weight:600;line-height:1\">La section Kits M\u00e9dia propose \u00e0 la fois des mat\u00e9riaux pr\u00eats \u00e0 l\u2019emploi et des fichiers modifiables, con\u00e7us pour aider nos organisations membres, mouvements et alli\u00e9s \u00e0 diffuser les messages, campagnes et initiatives de l\u2019Assembl\u00e9e Internationale des Peuples dans le monde entier.<\/p>\n\n\n\n<p class=\"has-medium-font-size\" style=\"font-style:normal;font-weight:600;line-height:1\">Vous y trouverez des graphiques, vid\u00e9os, affiches et guides de communication \u00e0 t\u00e9l\u00e9charger et \u00e0 adapter \u00e0 vos propres plateformes \u2014 des outils pour amplifier notre voix collective et renforcer la solidarit\u00e9 mondiale. Chaque kit est con\u00e7u pour inspirer l\u2019action, informer les communaut\u00e9s et promouvoir l\u2019unit\u00e9 autour des luttes anti-imp\u00e9rialistes et de la solidarit\u00e9 entre les peuples du monde. <\/p>\n\n\n\n<p class=\"has-medium-font-size\" style=\"font-style:normal;font-weight:600;line-height:1\">Nous mettons r\u00e9guli\u00e8rement \u00e0 jour ces mat\u00e9riaux pour soutenir les campagnes en cours et les moments cl\u00e9s de mobilisation \u2014 revenez souvent pour rester connect\u00e9, t\u00e9l\u00e9charger de nouvelles ressources et les partager dans vos r\u00e9seaux.<\/p>\n\n\n\n<p class=\"has-medium-font-size\" style=\"font-style:normal;font-weight:600;line-height:1\">Partagez las campagnes. Faites entendre le message. Que la voix des peuples r\u00e9sonne.  <\/p>\n<\/div>\n\n\n\n<div class=\"wp-block-column toolbox-right is-layout-flow wp-block-column-is-layout-flow\">\n<div class=\"wp-block-group toolbox-card is-layout-constrained wp-block-group-is-layout-constrained has-background\" style=\"border-top-left-radius:12px;border-top-right-radius:12px;border-bottom-left-radius:12px;border-bottom-right-radius:12px;background-image:url(&apos;https:\/\/aip.eita.coop.br\/wp-content\/uploads\/2026\/01\/815a9334ed95063895f9414806e771812c62c4b7.png&apos;);background-size:cover;\">\n<div class=\"wp-block-group is-vertical is-content-justification-center is-layout-flex wp-container-core-group-is-layout-fa38c63a wp-block-group-is-layout-flex\">\n<h2 class=\"wp-block-heading has-text-align-center has-palette-color-8-color has-text-color has-link-color wp-elements-24fd4bfc20b901e7ea7354b8e7baca39\" style=\"font-size:clamp(2.035rem, 2.035rem + ((1vw - 0.2rem) * 1.994), 3.63rem);font-style:normal;font-weight:1000;line-height:1;text-transform:uppercase\">Cuba vit et r\u00e9siste<\/h2>\n\n\n\n<div class=\"wp-block-buttons is-layout-flex wp-block-buttons-is-layout-flex\">\n<div class=\"wp-block-button\"><a class=\"wp-block-button__link has-palette-color-1-color has-palette-color-8-background-color has-text-color has-background has-link-color wp-element-button\" href=\"https:\/\/server.ipa-aip.org\/s\/fb4HqqXfnZZctPo\" target=\"_blank\" rel=\"noreferrer noopener\">TEL\u00c9CHARGER LES RESSOURCES<br\/><\/a><\/div>\n<\/div>\n<\/div>\n<\/div>\n\n\n\n<div class=\"wp-block-group toolbox-card has-background is-layout-constrained wp-block-group-is-layout-constrained\" style=\"border-top-left-radius:12px;border-top-right-radius:12px;border-bottom-left-radius:12px;border-bottom-right-radius:12px;background-color:#f4be67\">\n<div class=\"wp-block-group is-vertical is-content-justification-center is-layout-flex wp-container-core-group-is-layout-fa38c63a wp-block-group-is-layout-flex\">\n<h2 class=\"wp-block-heading has-text-align-center has-palette-color-8-color has-text-color has-link-color wp-elements-8151c6694f80c81c9615026f95586c6d\" style=\"font-size:clamp(2.035rem, 2.035rem + ((1vw - 0.2rem) * 1.994), 3.63rem);font-style:normal;font-weight:1000;line-height:1;text-transform:uppercase\">Voices from the Sahel<\/h2>\n\n\n\n<div class=\"wp-block-buttons is-layout-flex wp-block-buttons-is-layout-flex\">\n<div class=\"wp-block-button\"><a class=\"wp-block-button__link has-palette-color-1-color has-palette-color-8-background-color has-text-color has-background has-link-color wp-element-button\" href=\"\/wp-content\/uploads\/2026\/03\/EN_The-Sahel-Resists.pdf\" target=\"_blank\" rel=\"noreferrer noopener\">TEL\u00c9CHARGER LES RESSOURCES<br\/><\/a><\/div>\n<\/div>\n<\/div>\n<\/div>\n\n\n\n<div class=\"wp-block-group toolbox-card is-layout-constrained wp-block-group-is-layout-constrained has-background\" style=\"border-top-left-radius:12px;border-top-right-radius:12px;border-bottom-left-radius:12px;border-bottom-right-radius:12px;background-image:url(&apos;https:\/\/aip.eita.coop.br\/wp-content\/uploads\/2026\/01\/ce98d7bf34933db791c9689c449f851b7bcbe72b.webp&apos;);background-position:50% 50%;background-size:cover;\">\n<div class=\"wp-block-group is-vertical is-content-justification-center is-layout-flex wp-container-core-group-is-layout-fa38c63a wp-block-group-is-layout-flex\">\n<h2 class=\"wp-block-heading has-text-align-center has-palette-color-8-color has-text-color has-link-color wp-elements-a1f91c6deac8194c88d49bec83032a32\" style=\"font-size:clamp(2.035rem, 2.035rem + ((1vw - 0.2rem) * 1.994), 3.63rem);font-style:normal;font-weight:1000;line-height:1;text-transform:uppercase\">US IMPERIALISM DESTROYS, THE PEOPLE OF HAITI BUILD!<\/h2>\n\n\n\n<div class=\"wp-block-buttons is-layout-flex wp-block-buttons-is-layout-flex\">\n<div class=\"wp-block-button\"><a class=\"wp-block-button__link has-palette-color-1-color has-palette-color-8-background-color has-text-color has-background has-link-color wp-element-button\" href=\"#\">TEL\u00c9CHARGER LES RESSOURCES<br\/><\/a><\/div>\n<\/div>\n<\/div>\n<\/div>\n<\/div>\n<\/div>\n<\/div>\n","protected":false},"excerpt":{"rendered":"<p>La section Kits M\u00e9dia propose \u00e0 la fois des mat\u00e9riaux pr\u00eats \u00e0 l\u2019emploi et des fichiers modifiables, con\u00e7us pour aider nos organisations membres, mouvements et alli\u00e9s \u00e0 diffuser les messages, campagnes et initiatives de l\u2019Assembl\u00e9e Internationale des Peuples dans le monde entier. Vous y trouverez des graphiques, vid\u00e9os, affiches et guides de communication \u00e0 t\u00e9l\u00e9charger [&hellip;]<\/p>\n","protected":false},"author":1,"featured_media":0,"parent":0,"menu_order":0,"comment_status":"closed","ping_status":"closed","template":"","meta":{"_acf_changed":false,"footnotes":""},"class_list":["post-1410","page","type-page","status-publish","hentry"],"blocksy_meta":{"has_hero_section":"disabled","vertical_spacing_source":"custom","content_area_spacing":"none","styles_descriptor":{"styles":{"desktop":"","tablet":"","mobile":""},"google_fonts":[],"version":6}},"acf":[],"_links":{"self":[{"href":"https:\/\/aip.eita.coop.br\/fr\/wp-json\/wp\/v2\/pages\/1410","targetHints":{"allow":["GET"]}}],"collection":[{"href":"https:\/\/aip.eita.coop.br\/fr\/wp-json\/wp\/v2\/pages"}],"about":[{"href":"https:\/\/aip.eita.coop.br\/fr\/wp-json\/wp\/v2\/types\/page"}],"author":[{"embeddable":true,"href":"https:\/\/aip.eita.coop.br\/fr\/wp-json\/wp\/v2\/users\/1"}],"replies":[{"embeddable":true,"href":"https:\/\/aip.eita.coop.br\/fr\/wp-json\/wp\/v2\/comments?post=1410"}],"version-history":[{"count":2,"href":"https:\/\/aip.eita.coop.br\/fr\/wp-json\/wp\/v2\/pages\/1410\/revisions"}],"predecessor-version":[{"id":1463,"href":"https:\/\/aip.eita.coop.br\/fr\/wp-json\/wp\/v2\/pages\/1410\/revisions\/1463"}],"wp:attachment":[{"href":"https:\/\/aip.eita.coop.br\/fr\/wp-json\/wp\/v2\/media?parent=1410"}],"curies":[{"name":"wp","href":"https:\/\/api.w.org\/{rel}","templated":true}]}}