{"id":1164,"date":"2026-01-27T02:02:09","date_gmt":"2026-01-27T02:02:09","guid":{"rendered":"https:\/\/aip.eita.coop.br\/antimperialisme\/"},"modified":"2026-03-06T22:45:46","modified_gmt":"2026-03-06T22:45:46","slug":"antimperialisme","status":"publish","type":"page","link":"https:\/\/aip.eita.coop.br\/fr\/antimperialisme\/","title":{"rendered":"ANTIMP\u00c9RIALISME"},"content":{"rendered":"\n<div class=\"wp-block-group alignfull has-palette-color-5-background-color has-background is-layout-constrained wp-block-group-is-layout-constrained\" style=\"margin-top:0px;margin-bottom:0px\">\n<div class=\"wp-block-group is-vertical is-layout-flex wp-container-core-group-is-layout-d6b9ab57 wp-block-group-is-layout-flex\" style=\"min-height:100vh\">\n<h2 class=\"wp-block-heading has-palette-color-1-color has-text-color has-link-color has-aip-font-size wp-elements-31366eddb3d60f5e4a49b2373cddcb07\" style=\"font-style:normal;font-weight:1000;line-height:1\">ANTIMP\u00c9RIALISME<\/h2>\n<\/div>\n<\/div>\n\n<div class=\"wp-block-group is-layout-constrained wp-container-core-group-is-layout-7748e3ea wp-block-group-is-layout-constrained\" style=\"margin-top:0px;margin-bottom:0px\">\n<div class=\"wp-block-group pos-relative antiimperialism-center-block has-palette-color-8-background-color has-background is-layout-constrained wp-container-core-group-is-layout-2dbb17dc wp-block-group-is-layout-constrained\" style=\"border-top-left-radius:8px;border-top-right-radius:8px;border-bottom-left-radius:8px;border-bottom-right-radius:8px;padding-top:var(--wp--preset--spacing--60);padding-right:var(--wp--preset--spacing--60);padding-bottom:var(--wp--preset--spacing--60);padding-left:var(--wp--preset--spacing--60)\">\n<p class=\"has-p-huge-font-size\" style=\"line-height:1.25\">L\u2019AIP m\u00e8ne une campagne permanente anti-imp\u00e9rialiste contre l\u2019hyper-imp\u00e9rialisme dirig\u00e9 par les \u00c9tats-Unis, \u00e0 travers l\u2019\u00e9ducation, la mobilisation et la solidarit\u00e9, reliant les luttes mondiales contre les guerres, sanctions et occupations pour construire le pouvoir des peuples.<\/p>\n\n\n\n<p class=\"has-p-huge-font-size\" style=\"line-height:1.25\">L\u2019Assembl\u00e9e Internationale des Peuples (AIP) m\u00e8ne une campagne permanente de d\u00e9nonciation, d\u2019\u00e9ducation et de mobilisation contre l\u2019imp\u00e9rialisme sous toutes ses formes. De nos jours, l\u2019imp\u00e9rialisme a atteint une nouvelle et dangereuse \u00e9tape, ce que nous appelons l\u2019hyper-imp\u00e9rialisme <\/p>\n\n\n\n<div class=\"wp-block-group is-layout-constrained wp-block-group-is-layout-constrained\">\n<p class=\"has-palette-color-1-color has-text-color has-link-color wp-elements-daab6d8c92709d4a1939d3d938be41bc\"><a href=\"https:\/\/thetricontinental.org\/fr\/dossier-73-hyper-imperialisme\/\" target=\"_blank\" rel=\"noreferrer noopener\">(lire l\u2019\u00e9tude de l\u2019Institut Tricontinental \u00ab Hyper-imp\u00e9rialisme : une nouvelle \u00e9tape dangereuse et d\u00e9cadente \u00bb)<\/a><\/p>\n\n\n\n<figure class=\"wp-block-image size-large is-resized\"><a href=\"https:\/\/thetricontinental.org\/fr\/dossier-73-hyper-imperialisme\/\" target=\"_blank\" rel=\" noreferrer noopener\"><img loading=\"lazy\" decoding=\"async\" width=\"1024\" height=\"576\" src=\"https:\/\/aip.eita.coop.br\/wp-content\/uploads\/2026\/01\/b6798e20f62f3b5ebb70c8aeef4ea3f4caec2bad-1024x576.webp\" alt=\"\" class=\"wp-image-366\" style=\"object-fit:cover;width:10000px;height:200px\" srcset=\"https:\/\/aip.eita.coop.br\/wp-content\/uploads\/2026\/01\/b6798e20f62f3b5ebb70c8aeef4ea3f4caec2bad-1024x576.webp 1024w, https:\/\/aip.eita.coop.br\/wp-content\/uploads\/2026\/01\/b6798e20f62f3b5ebb70c8aeef4ea3f4caec2bad-300x169.webp 300w, https:\/\/aip.eita.coop.br\/wp-content\/uploads\/2026\/01\/b6798e20f62f3b5ebb70c8aeef4ea3f4caec2bad-768x432.webp 768w, https:\/\/aip.eita.coop.br\/wp-content\/uploads\/2026\/01\/b6798e20f62f3b5ebb70c8aeef4ea3f4caec2bad-1536x864.webp 1536w\" sizes=\"auto, (max-width: 1024px) 100vw, 1024px\" \/><\/a><\/figure>\n<\/div>\n\n\n\n<p class=\"has-p-huge-font-size\" style=\"line-height:1.25\">dirig\u00e9e par les \u00c9tats-Unis et leurs alli\u00e9s, qui agissent comme un bloc unique et int\u00e9gr\u00e9 de domination militaire, \u00e9conomique, politique et culturelle. Ce syst\u00e8me cherche \u00e0 maintenir son h\u00e9g\u00e9monie mondiale par la guerre, les sanctions, les blocus, les bases militaires et le contr\u00f4le de l\u2019information et de la culture, mena\u00e7ant la paix, la souverainet\u00e9 et la vie elle-m\u00eame. <\/p>\n<\/div>\n\n\n\n<figure class=\"wp-block-image size-large antiimperialism-float-image-2\"><img loading=\"lazy\" decoding=\"async\" width=\"1024\" height=\"1010\" src=\"https:\/\/aip.eita.coop.br\/wp-content\/uploads\/2026\/01\/5c7e007e7c80b31d77635702ed8f828a24292956-1024x1010.png\" alt=\"\" class=\"wp-image-244\" srcset=\"https:\/\/aip.eita.coop.br\/wp-content\/uploads\/2026\/01\/5c7e007e7c80b31d77635702ed8f828a24292956-1024x1010.png 1024w, https:\/\/aip.eita.coop.br\/wp-content\/uploads\/2026\/01\/5c7e007e7c80b31d77635702ed8f828a24292956-300x296.png 300w, https:\/\/aip.eita.coop.br\/wp-content\/uploads\/2026\/01\/5c7e007e7c80b31d77635702ed8f828a24292956-768x758.png 768w, https:\/\/aip.eita.coop.br\/wp-content\/uploads\/2026\/01\/5c7e007e7c80b31d77635702ed8f828a24292956.png 1026w\" sizes=\"auto, (max-width: 1024px) 100vw, 1024px\" \/><\/figure>\n<\/div>\n\n<div class=\"wp-block-group alignfull has-palette-color-5-background-color has-background is-layout-constrained wp-container-core-group-is-layout-64c2fb28 wp-block-group-is-layout-constrained\" style=\"margin-top:0;margin-bottom:0;padding-top:var(--wp--preset--spacing--70);padding-bottom:var(--wp--preset--spacing--70)\">\n<div class=\"wp-block-group is-content-justification-right is-layout-constrained wp-container-core-group-is-layout-faed53ae wp-block-group-is-layout-constrained\">\n<div class=\"wp-block-group pos-relative is-layout-constrained wp-block-group-is-layout-constrained\">\n<p class=\"has-medium-font-size\" style=\"font-style:normal;font-weight:300;line-height:1.28\">Notre lutte anti-imp\u00e9rialiste repose sur la conviction que les peuples ont le droit de d\u00e9terminer leur propre destin et de vivre libres de toute occupation, coercition et exploitation. De la Palestine \u00e0 Cuba, du Sahel \u00e0 l\u2019Am\u00e9rique latine, de l\u2019Asie au c\u0153ur de l\u2019Afrique, la r\u00e9sistance ne cesse de cro\u00eetre. L\u2019AIP \u0153uvre \u00e0 relier ces luttes, \u00e0 renforcer leur organisation et \u00e0 leur donner une expression internationale commune.<br\/>  <\/p>\n\n\n\n<div id=\"antiimperialism-float-2\" class=\"wp-block-group float-border-box is-layout-constrained wp-container-core-group-is-layout-e555385e wp-block-group-is-layout-constrained\">\n<h2 class=\"wp-block-heading has-palette-color-8-color has-text-color has-link-color has-aip-font-size wp-elements-ef339f4477951f1a1c27f0fc43c41186\" style=\"font-style:normal;font-weight:1000;line-height:1\">ANTIMP\u00c9RIALISME<\/h2>\n<\/div>\n<\/div>\n<\/div>\n<\/div>\n\n<div class=\"wp-block-group is-layout-constrained wp-block-group-is-layout-constrained\" style=\"padding-top:9rem;padding-bottom:9rem\">\n<figure class=\"wp-block-image size-large antiimperialism-float-image-3\"><img loading=\"lazy\" decoding=\"async\" width=\"1024\" height=\"1010\" src=\"https:\/\/aip.eita.coop.br\/wp-content\/uploads\/2026\/01\/5c7e007e7c80b31d77635702ed8f828a24292956-1024x1010.png\" alt=\"\" class=\"wp-image-244\" srcset=\"https:\/\/aip.eita.coop.br\/wp-content\/uploads\/2026\/01\/5c7e007e7c80b31d77635702ed8f828a24292956-1024x1010.png 1024w, https:\/\/aip.eita.coop.br\/wp-content\/uploads\/2026\/01\/5c7e007e7c80b31d77635702ed8f828a24292956-300x296.png 300w, https:\/\/aip.eita.coop.br\/wp-content\/uploads\/2026\/01\/5c7e007e7c80b31d77635702ed8f828a24292956-768x758.png 768w, https:\/\/aip.eita.coop.br\/wp-content\/uploads\/2026\/01\/5c7e007e7c80b31d77635702ed8f828a24292956.png 1026w\" sizes=\"auto, (max-width: 1024px) 100vw, 1024px\" \/><\/figure>\n\n\n\n<div class=\"wp-block-group is-content-justification-left is-layout-constrained wp-container-core-group-is-layout-0eaefcd6 wp-block-group-is-layout-constrained\">\n<p class=\"has-p-huge-font-size\" style=\"line-height:1.25\">L\u2019AIP promeut la <strong>Lutte Anti-imp\u00e9rialiste<\/strong> comme un processus mondial d\u2019agitation, d\u2019\u00e9ducation et de mobilisation visant \u00e0 affronter le militarisme des \u00c9tats-Unis et les guerres imp\u00e9rialistes. Les organisations de toutes les r\u00e9gions maintiennent un programme d\u2019assembl\u00e9es, de formations politiques, d\u2019actions culturelles et de mobilisations de masse qui d\u00e9noncent le r\u00f4le destructeur de l\u2019imp\u00e9rialisme et favorisent la solidarit\u00e9 entre les peuples. <\/p>\n<\/div>\n<\/div>\n\n<div class=\"wp-block-group alignfull has-palette-color-1-background-color has-background is-layout-constrained wp-container-core-group-is-layout-1b717466 wp-block-group-is-layout-constrained\" style=\"margin-top:0px;margin-bottom:0px;padding-top:var(--wp--preset--spacing--70);padding-bottom:var(--wp--preset--spacing--70)\">\n<p class=\"has-palette-color-8-color has-text-color has-link-color has-p-huge-font-size wp-elements-e8e385a03c8e211dc7f82de71a832ed9\">La campagne aborde un large \u00e9ventail de questions : les guerres et occupations imp\u00e9rialistes ; la militarisation des territoires et des forces de police ; les guerres \u00e9conomiques par les sanctions et les blocus ; le commerce des armes ; la destruction de l\u2019environnement ; la normalisation de la violence et du g\u00e9nocide ; et les guerres psychologiques et culturelles visant \u00e0 dominer nos imaginaires. Les organisations de chaque r\u00e9gion apportent leurs exp\u00e9riences et leurs perspectives, construisant un front commun de lutte fond\u00e9 sur les r\u00e9alit\u00e9s locales et la solidarit\u00e9 mondiale. <\/p>\n<\/div>\n\n<div class=\"wp-block-group alignfull has-palette-color-2-background-color has-background is-layout-constrained wp-block-group-is-layout-constrained\" style=\"margin-top:0px;margin-bottom:0px;padding-top:var(--wp--preset--spacing--70);padding-bottom:var(--wp--preset--spacing--70)\">\n<p class=\"has-text-align-center has-palette-color-8-color has-text-color has-link-color has-large-font-size wp-elements-2d6e0f0700dc284bad8e335de78329d6\" style=\"font-style:normal;font-weight:600;letter-spacing:0px;line-height:1\"><strong>\u00c0 travers cette campagne permanente, l\u2019AIP r\u00e9affirme que combattre l\u2019imp\u00e9rialisme est au c\u0153ur de la lutte des classes mondiale. Nous nous organisons, \u00e9tudions et agissons ensemble pour mettre fin \u00e0 l\u2019imp\u00e9rialisme et construire le pouvoir des peuples. <\/strong><\/p>\n<\/div>\n\n<p><\/p>\n","protected":false},"excerpt":{"rendered":"<p>ANTIMP\u00c9RIALISME L\u2019AIP m\u00e8ne une campagne permanente anti-imp\u00e9rialiste contre l\u2019hyper-imp\u00e9rialisme dirig\u00e9 par les \u00c9tats-Unis, \u00e0 travers l\u2019\u00e9ducation, la mobilisation et la solidarit\u00e9, reliant les luttes mondiales contre les guerres, sanctions et occupations pour construire le pouvoir des peuples. L\u2019Assembl\u00e9e Internationale des Peuples (AIP) m\u00e8ne une campagne permanente de d\u00e9nonciation, d\u2019\u00e9ducation et de mobilisation contre l\u2019imp\u00e9rialisme sous [&hellip;]<\/p>\n","protected":false},"author":1,"featured_media":0,"parent":0,"menu_order":0,"comment_status":"closed","ping_status":"closed","template":"","meta":{"_acf_changed":false,"footnotes":""},"class_list":["post-1164","page","type-page","status-publish","hentry"],"blocksy_meta":{"has_hero_section":"disabled","vertical_spacing_source":"custom","content_area_spacing":"none","styles_descriptor":{"styles":{"desktop":"","tablet":"","mobile":""},"google_fonts":[],"version":6}},"acf":[],"_links":{"self":[{"href":"https:\/\/aip.eita.coop.br\/fr\/wp-json\/wp\/v2\/pages\/1164","targetHints":{"allow":["GET"]}}],"collection":[{"href":"https:\/\/aip.eita.coop.br\/fr\/wp-json\/wp\/v2\/pages"}],"about":[{"href":"https:\/\/aip.eita.coop.br\/fr\/wp-json\/wp\/v2\/types\/page"}],"author":[{"embeddable":true,"href":"https:\/\/aip.eita.coop.br\/fr\/wp-json\/wp\/v2\/users\/1"}],"replies":[{"embeddable":true,"href":"https:\/\/aip.eita.coop.br\/fr\/wp-json\/wp\/v2\/comments?post=1164"}],"version-history":[{"count":3,"href":"https:\/\/aip.eita.coop.br\/fr\/wp-json\/wp\/v2\/pages\/1164\/revisions"}],"predecessor-version":[{"id":1178,"href":"https:\/\/aip.eita.coop.br\/fr\/wp-json\/wp\/v2\/pages\/1164\/revisions\/1178"}],"wp:attachment":[{"href":"https:\/\/aip.eita.coop.br\/fr\/wp-json\/wp\/v2\/media?parent=1164"}],"curies":[{"name":"wp","href":"https:\/\/api.w.org\/{rel}","templated":true}]}}