{"id":1107,"date":"2026-01-25T01:02:04","date_gmt":"2026-01-25T01:02:04","guid":{"rendered":"https:\/\/aip.eita.coop.br\/actions\/"},"modified":"2026-03-06T21:00:55","modified_gmt":"2026-03-06T21:00:55","slug":"actions","status":"publish","type":"page","link":"https:\/\/aip.eita.coop.br\/fr\/actions\/","title":{"rendered":"Actions"},"content":{"rendered":"\n<div class=\"wp-block-group alignfull has-palette-color-1-background-color has-background is-layout-constrained wp-block-group-is-layout-constrained\" style=\"margin-top:0px;margin-bottom:0px;background-image:url(&apos;https:\/\/aip.eita.coop.br\/wp-content\/uploads\/2026\/03\/Header-banners_Actions.webp&apos;);background-size:cover;\">\n<div class=\"wp-block-group is-vertical is-layout-flex wp-container-core-group-is-layout-d6b9ab57 wp-block-group-is-layout-flex\" style=\"min-height:70vh\">\n<h2 class=\"wp-block-heading has-palette-color-8-color has-text-color has-link-color has-aip-font-size wp-elements-a95a63851f0605c83b6d6e8bb1f8ce86\" style=\"font-style:normal;font-weight:1000;line-height:1\">ACTIONS<\/h2>\n<\/div>\n<\/div>\n\n<div class=\"wp-block-group alignfull has-palette-color-2-background-color has-background is-layout-constrained wp-block-group-is-layout-constrained\" style=\"margin-top:0px;margin-bottom:0px;padding-top:var(--wp--preset--spacing--70);padding-bottom:var(--wp--preset--spacing--70)\">\n<div class=\"wp-block-columns is-layout-flex wp-container-core-columns-is-layout-28f84493 wp-block-columns-is-layout-flex\">\n<div class=\"wp-block-column pos-relative political-platform-left is-layout-flow wp-block-column-is-layout-flow\">\n<h2 class=\"wp-block-heading has-palette-color-8-color has-text-color has-link-color has-aip-font-size wp-elements-e5518b6bf4522791e2b496db983ca5b4\" style=\"font-style:normal;font-weight:1000;line-height:1\">PLATEFORME POLITIQUE<\/h2>\n\n\n\n<p class=\"has-palette-color-8-color has-text-color has-link-color has-p-huge-font-size wp-elements-fdf906f581bb7746cc041416da9df281\">L\u2019humanit\u00e9 fait face \u00e0 une profonde crise capitaliste marqu\u00e9e par les in\u00e9galit\u00e9s, les guerres et l\u2019effondrement \u00e9cologique. Dans sa Plateforme politique, l\u2019AIP pr\u00e9sente des r\u00e9flexions et des propositions fond\u00e9es sur l\u2019unit\u00e9, la formation politique et la solidarit\u00e9 internationale pour vaincre l\u2019imp\u00e9rialisme, avancer vers le socialisme et ouvrir une voie d\u2019\u00e9mancipation humaine. <\/p>\n\n\n\n<div class=\"wp-block-buttons is-layout-flex wp-block-buttons-is-layout-flex\">\n<div class=\"wp-block-button\"><a class=\"wp-block-button__link has-normal-font-size has-custom-font-size wp-element-button\" href=\"https:\/\/aip.eita.coop.br\/fr\/platerforme-politique\/\" style=\"border-top-left-radius:8px;border-top-right-radius:8px;border-bottom-left-radius:8px;border-bottom-right-radius:8px\">En savoir plus<\/a><\/div>\n<\/div>\n\n\n\n<figure class=\"wp-block-image size-full political-platform-float-image\"><img loading=\"lazy\" decoding=\"async\" width=\"526\" height=\"597\" src=\"https:\/\/aip.eita.coop.br\/wp-content\/uploads\/2026\/01\/circle.webp\" alt=\"\" class=\"wp-image-246\" srcset=\"https:\/\/aip.eita.coop.br\/wp-content\/uploads\/2026\/01\/circle.webp 526w, https:\/\/aip.eita.coop.br\/wp-content\/uploads\/2026\/01\/circle-264x300.webp 264w\" sizes=\"auto, (max-width: 526px) 100vw, 526px\" \/><\/figure>\n<\/div>\n\n\n\n<div class=\"wp-block-column is-layout-flow wp-container-core-column-is-layout-964819ab wp-block-column-is-layout-flow\" style=\"padding-top:0;padding-bottom:0\">\n<div class=\"wp-block-group is-layout-constrained wp-container-core-group-is-layout-4548b604 wp-block-group-is-layout-constrained\">\n<div class=\"wp-block-buttons is-layout-flex wp-block-buttons-is-layout-flex\">\n<div class=\"wp-block-button pill\"><a class=\"wp-block-button__link has-palette-color-4-color has-palette-color-14-background-color has-text-color has-background has-link-color has-normal-font-size has-custom-font-size wp-element-button\" style=\"padding-top:0rem;padding-bottom:0rem;font-style:normal;font-weight:400;text-transform:uppercase\">UN MONDE EN CRISE<\/a><\/div>\n<\/div>\n\n\n\n<p class=\"has-palette-color-8-color has-text-color has-link-color wp-elements-08a56f0c87caf548758b33bf3e7f45b4\" style=\"font-style:normal;font-weight:600;letter-spacing:0.32px;line-height:1\">Le capitalisme traverse une profonde crise structurelle qui alimente les in\u00e9galit\u00e9s, l\u2019effondrement \u00e9cologique, la d\u00e9cadence politique et les guerres imp\u00e9rialistes, tandis que le d\u00e9clin des \u00c9tats-Unis, la financiarisation et le n\u00e9ofascisme menacent les peuples, la d\u00e9mocratie et la plan\u00e8te.<\/p>\n<\/div>\n\n\n\n<div class=\"wp-block-group is-layout-constrained wp-container-core-group-is-layout-4548b604 wp-block-group-is-layout-constrained\">\n<div class=\"wp-block-buttons is-layout-flex wp-block-buttons-is-layout-flex\">\n<div class=\"wp-block-button pill\"><a class=\"wp-block-button__link has-palette-color-4-color has-palette-color-6-background-color has-text-color has-background has-link-color has-normal-font-size has-custom-font-size wp-element-button\" style=\"padding-top:0rem;padding-bottom:0rem;font-style:normal;font-weight:400;text-transform:uppercase\">UNE ARTICULATION POPULAIRE COMME R\u00c9PONSE \u00c0 LA CRISE<\/a><\/div>\n<\/div>\n\n\n\n<p class=\"has-palette-color-8-color has-text-color has-link-color wp-elements-d6c510d064178b35a114d0e7ce80b96e\" style=\"font-style:normal;font-weight:600;letter-spacing:0.32px;line-height:1\">Les organisations politiques construisent une coordination internationale \u00e0 travers l\u2019AIP, unissant les luttes pour d\u00e9battre, former et d\u00e9velopper une plateforme socialiste dynamique afin de faire face au capitalisme et aux crises de l\u2019humanit\u00e9.<\/p>\n<\/div>\n\n\n\n<div class=\"wp-block-group is-layout-constrained wp-container-core-group-is-layout-4548b604 wp-block-group-is-layout-constrained\">\n<div class=\"wp-block-buttons is-layout-flex wp-block-buttons-is-layout-flex\">\n<div class=\"wp-block-button pill\"><a class=\"wp-block-button__link has-palette-color-4-color has-palette-color-7-background-color has-text-color has-background has-link-color has-normal-font-size has-custom-font-size wp-element-button\" style=\"padding-top:0rem;padding-bottom:0rem;font-style:normal;font-weight:400;text-transform:uppercase\">PLATEFORME POLITIQUE<\/a><\/div>\n<\/div>\n\n\n\n<p class=\"has-palette-color-8-color has-text-color has-link-color wp-elements-45f94056206903a02a4b9d20de3c91e8\" style=\"font-style:normal;font-weight:600;letter-spacing:0.32px;line-height:1\">Le programme de l\u2019AIP fait avancer des luttes anticapitalistes, anti-imp\u00e9rialistes, f\u00e9ministes, antiracistes et \u00e9cologistes afin de construire une d\u00e9mocratie populaire, la justice sociale, la souverainet\u00e9 et des alternatives post-capitalistes centr\u00e9es sur la dignit\u00e9, l\u2019\u00e9galit\u00e9 et la vie.<\/p>\n<\/div>\n\n\n\n<div class=\"wp-block-group is-layout-constrained wp-container-core-group-is-layout-4548b604 wp-block-group-is-layout-constrained\">\n<div class=\"wp-block-buttons is-layout-flex wp-block-buttons-is-layout-flex\">\n<div class=\"wp-block-button pill\"><a class=\"wp-block-button__link has-palette-color-4-color has-palette-color-12-background-color has-text-color has-background has-link-color has-normal-font-size has-custom-font-size wp-element-button\" style=\"padding-top:0rem;padding-bottom:0rem;font-style:normal;font-weight:400;text-transform:uppercase\">NOTRE AGENDA COMMUN: Que faire?<\/a><\/div>\n<\/div>\n\n\n\n<p class=\"has-palette-color-8-color has-text-color has-link-color wp-elements-0f7466fe54be548ab8eed4bbfd2a36e1\" style=\"font-style:normal;font-weight:600;letter-spacing:0.32px;line-height:1\">L\u2019AIP appelle \u00e0 l\u2019unit\u00e9 \u00e0 travers une articulation internationale concr\u00e8te, la mobilisation de masse et l\u2019\u00e9ducation politique afin de construire un pouvoir populaire capable de vaincre le capitalisme et d\u2019ouvrir une voie vers l\u2019\u00e9mancipation humaine.<\/p>\n<\/div>\n<\/div>\n<\/div>\n<\/div>\n\n<div class=\"wp-block-group alignfull pos-relative is-layout-constrained wp-block-group-is-layout-constrained\" id=\"antiimperialism\">\n<div class=\"wp-block-group is-vertical is-content-justification-right is-layout-flex wp-container-core-group-is-layout-d209dd38 wp-block-group-is-layout-flex\" style=\"min-height:100vh;margin-top:0px;margin-bottom:0px\">\n<div class=\"wp-block-group is-content-justification-right is-layout-constrained wp-container-core-group-is-layout-a3883e76 wp-block-group-is-layout-constrained\">\n<div class=\"wp-block-group is-content-justification-right is-layout-constrained wp-container-core-group-is-layout-c613575e wp-block-group-is-layout-constrained\">\n<h2 class=\"wp-block-heading has-text-align-right has-palette-color-1-color has-text-color has-link-color has-aip-font-size wp-elements-c82cdb1f140889c1a3cb2ea8ac22a525\" style=\"font-style:normal;font-weight:1000;line-height:1\">ANTIMP\u00c9RIALISME<\/h2>\n\n\n\n<p class=\"has-text-align-right has-palette-color-1-color has-text-color has-link-color has-normal-font-size wp-elements-1cd62b272737db84c1b0df902159e8f7\">L\u2019AIP m\u00e8ne une campagne permanente anti-imp\u00e9rialiste contre l\u2019hyper-imp\u00e9rialisme dirig\u00e9 par les \u00c9tats-Unis, \u00e0 travers l\u2019\u00e9ducation, la mobilisation et la solidarit\u00e9, reliant les luttes mondiales contre les guerres, sanctions et occupations pour construire le pouvoir des peuples.<\/p>\n\n\n\n<div class=\"wp-block-buttons is-content-justification-right is-layout-flex wp-container-core-buttons-is-layout-d445cf74 wp-block-buttons-is-layout-flex\">\n<div class=\"wp-block-button\"><a class=\"wp-block-button__link has-normal-font-size has-custom-font-size wp-element-button\" href=\"https:\/\/aip.eita.coop.br\/fr\/antimperialisme\/\" style=\"border-top-left-radius:8px;border-top-right-radius:8px;border-bottom-left-radius:8px;border-bottom-right-radius:8px\">En savoir plus<\/a><\/div>\n<\/div>\n<\/div>\n<\/div>\n<\/div>\n\n\n\n<figure class=\"wp-block-image size-large antiimperialism-float-image\"><img loading=\"lazy\" decoding=\"async\" width=\"1024\" height=\"1010\" src=\"https:\/\/aip.eita.coop.br\/wp-content\/uploads\/2026\/01\/5c7e007e7c80b31d77635702ed8f828a24292956-1024x1010.png\" alt=\"\" class=\"wp-image-244\" srcset=\"https:\/\/aip.eita.coop.br\/wp-content\/uploads\/2026\/01\/5c7e007e7c80b31d77635702ed8f828a24292956-1024x1010.png 1024w, https:\/\/aip.eita.coop.br\/wp-content\/uploads\/2026\/01\/5c7e007e7c80b31d77635702ed8f828a24292956-300x296.png 300w, https:\/\/aip.eita.coop.br\/wp-content\/uploads\/2026\/01\/5c7e007e7c80b31d77635702ed8f828a24292956-768x758.png 768w, https:\/\/aip.eita.coop.br\/wp-content\/uploads\/2026\/01\/5c7e007e7c80b31d77635702ed8f828a24292956.png 1026w\" sizes=\"auto, (max-width: 1024px) 100vw, 1024px\" \/><\/figure>\n<\/div>\n\n<div class=\"wp-block-group alignfull is-layout-constrained wp-container-core-group-is-layout-f8b0193c wp-block-group-is-layout-constrained\" id=\"home-campaign-slider\" style=\"margin-top:0px;margin-bottom:0px;padding-top:0px;padding-right:0px;padding-bottom:0px;padding-left:0px\"><div class='custom-slider'><h3 class='float-text'><a href='\/solidarity-campaigns\/'>Campagnes de<br\/>Solidarit\u00e9<\/a><\/h3><div class='slide active'><div class='holder'><img loading=\"lazy\" decoding=\"async\" width=\"1920\" height=\"1080\" src=\"https:\/\/aip.eita.coop.br\/wp-content\/uploads\/2026\/01\/sahel.webp\" class=\"attachment-post-thumbnail size-post-thumbnail wp-post-image\" alt=\"\" srcset=\"https:\/\/aip.eita.coop.br\/wp-content\/uploads\/2026\/01\/sahel.webp 1920w, https:\/\/aip.eita.coop.br\/wp-content\/uploads\/2026\/01\/sahel-300x169.webp 300w, https:\/\/aip.eita.coop.br\/wp-content\/uploads\/2026\/01\/sahel-1024x576.webp 1024w, https:\/\/aip.eita.coop.br\/wp-content\/uploads\/2026\/01\/sahel-768x432.webp 768w, https:\/\/aip.eita.coop.br\/wp-content\/uploads\/2026\/01\/sahel-1536x864.webp 1536w\" sizes=\"auto, (max-width: 1920px) 100vw, 1920px\" \/><div class='content-holder'><div class='content'><h2>Voices from the Sahel<\/h2><div class='wp-block-button is-style-outline'><a href='https:\/\/aip.eita.coop.br\/fr\/campaign\/voices-from-the-sahel\/' class='wp-block-button__link has-palette-color-2-color has-palette-color-8-background-color has-text-color has-background has-link-color has-border-color has-normal-font-size has-custom-font-size wp-element-button' style='border-color:var(--theme-palette-color-8, #ffffff);border-top-left-radius:8px;border-top-right-radius:8px;border-bottom-left-radius:8px;border-bottom-right-radius:8px;padding-top:var(--wp--preset--spacing--10);padding-right:var(--wp--preset--spacing--50);padding-bottom:var(--wp--preset--spacing--10);padding-left:var(--wp--preset--spacing--50);font-style:normal;font-weight:700'>En savoir plus<\/a><\/div><\/div><\/div><\/div><\/div><div class='slide'><div class='holder'><img loading=\"lazy\" decoding=\"async\" width=\"1366\" height=\"768\" src=\"https:\/\/aip.eita.coop.br\/wp-content\/uploads\/2026\/01\/temp.webp\" class=\"attachment-post-thumbnail size-post-thumbnail wp-post-image\" alt=\"\" srcset=\"https:\/\/aip.eita.coop.br\/wp-content\/uploads\/2026\/01\/temp.webp 1366w, https:\/\/aip.eita.coop.br\/wp-content\/uploads\/2026\/01\/temp-300x169.webp 300w, https:\/\/aip.eita.coop.br\/wp-content\/uploads\/2026\/01\/temp-1024x576.webp 1024w, https:\/\/aip.eita.coop.br\/wp-content\/uploads\/2026\/01\/temp-768x432.webp 768w\" sizes=\"auto, (max-width: 1366px) 100vw, 1366px\" \/><div class='content-holder'><div class='content'><h2>US IMPERIALISM DESTROYS, THE PEOPLE OF HAITI BUILD!<\/h2><div class='wp-block-button is-style-outline'><a href='https:\/\/aip.eita.coop.br\/fr\/campaign\/us-imperialism-destroys-the-people-of-haiti-build\/' class='wp-block-button__link has-palette-color-2-color has-palette-color-8-background-color has-text-color has-background has-link-color has-border-color has-normal-font-size has-custom-font-size wp-element-button' style='border-color:var(--theme-palette-color-8, #ffffff);border-top-left-radius:8px;border-top-right-radius:8px;border-bottom-left-radius:8px;border-bottom-right-radius:8px;padding-top:var(--wp--preset--spacing--10);padding-right:var(--wp--preset--spacing--50);padding-bottom:var(--wp--preset--spacing--10);padding-left:var(--wp--preset--spacing--50);font-style:normal;font-weight:700'>En savoir plus<\/a><\/div><\/div><\/div><\/div><\/div><div class='slide'><div class='holder'><img loading=\"lazy\" decoding=\"async\" width=\"2560\" height=\"853\" src=\"https:\/\/aip.eita.coop.br\/wp-content\/uploads\/2026\/01\/cuba-scaled.webp\" class=\"attachment-post-thumbnail size-post-thumbnail wp-post-image\" alt=\"\" srcset=\"https:\/\/aip.eita.coop.br\/wp-content\/uploads\/2026\/01\/cuba-scaled.webp 2560w, https:\/\/aip.eita.coop.br\/wp-content\/uploads\/2026\/01\/cuba-300x100.webp 300w, https:\/\/aip.eita.coop.br\/wp-content\/uploads\/2026\/01\/cuba-1024x341.webp 1024w, https:\/\/aip.eita.coop.br\/wp-content\/uploads\/2026\/01\/cuba-768x256.webp 768w, https:\/\/aip.eita.coop.br\/wp-content\/uploads\/2026\/01\/cuba-1536x512.webp 1536w, https:\/\/aip.eita.coop.br\/wp-content\/uploads\/2026\/01\/cuba-2048x683.webp 2048w\" sizes=\"auto, (max-width: 2560px) 100vw, 2560px\" \/><div class='content-holder'><div class='content'><h2>Cuba vit et r\u00e9siste<\/h2><div class='wp-block-button is-style-outline'><a href='https:\/\/aip.eita.coop.br\/fr\/campaign\/cuba-vit-et-resiste\/' class='wp-block-button__link has-palette-color-2-color has-palette-color-8-background-color has-text-color has-background has-link-color has-border-color has-normal-font-size has-custom-font-size wp-element-button' style='border-color:var(--theme-palette-color-8, #ffffff);border-top-left-radius:8px;border-top-right-radius:8px;border-bottom-left-radius:8px;border-bottom-right-radius:8px;padding-top:var(--wp--preset--spacing--10);padding-right:var(--wp--preset--spacing--50);padding-bottom:var(--wp--preset--spacing--10);padding-left:var(--wp--preset--spacing--50);font-style:normal;font-weight:700'>En savoir plus<\/a><\/div><\/div><\/div><\/div><\/div><div class='custom-slider-controller'><div class='control active'><p>Voices from the Sahel<\/p><\/div><div class='control'><p>US IMPERIALISM DESTROYS, THE PEOPLE OF HAITI BUILD!<\/p><\/div><div class='control'><p>Cuba vit et r\u00e9siste<\/p><\/div><\/div><\/div>\n<\/div>\n\n<div class=\"wp-block-group alignfull has-palette-color-15-background-color has-background is-layout-constrained wp-block-group-is-layout-constrained\" style=\"margin-top:0px;margin-bottom:0px;padding-top:var(--wp--preset--spacing--60);padding-bottom:var(--wp--preset--spacing--60)\">\n<div class=\"wp-block-columns are-vertically-aligned-center is-layout-flex wp-container-core-columns-is-layout-6d245429 wp-block-columns-is-layout-flex\" style=\"padding-top:0;padding-right:0;padding-bottom:0;padding-left:0\">\n<div class=\"wp-block-column is-vertically-aligned-center is-layout-flow wp-container-core-column-is-layout-5dafc681 wp-block-column-is-layout-flow\">\n<h2 class=\"wp-block-heading has-palette-color-8-color has-text-color has-link-color has-sf-pro-font-family has-xxl-font-size wp-elements-c9d017364c58aecb376d27b324cec05c\" style=\"font-style:normal;font-weight:700;line-height:1\">Dilemmes de<br\/>L&rsquo;humanit\u00e9:<\/h2>\n\n\n\n<p class=\"has-palette-color-8-color has-text-color has-link-color has-p-huge-font-size wp-elements-8447dddc364a40bfbe2c66f69de015b0\">Perspectives pour un Transformation sociale<\/p>\n\n\n\n<div class=\"wp-block-buttons is-layout-flex wp-block-buttons-is-layout-flex\">\n<div class=\"wp-block-button external-link-button\"><a class=\"wp-block-button__link has-palette-color-1-color has-palette-color-8-background-color has-text-color has-background has-link-color has-normal-font-size has-custom-font-size wp-element-button\" href=\"https:\/\/dilemmasofhumanity.org\/\" style=\"border-top-left-radius:8px;border-top-right-radius:8px;border-bottom-left-radius:8px;border-bottom-right-radius:8px;font-style:normal;font-weight:600;text-transform:uppercase\" target=\"_blank\" rel=\"noreferrer noopener\">SITE OFFICIEL<\/a><\/div>\n<\/div>\n<\/div>\n\n\n\n<div class=\"wp-block-column is-vertically-aligned-center is-layout-flow wp-block-column-is-layout-flow\">\n<figure class=\"wp-block-image size-large\"><img loading=\"lazy\" decoding=\"async\" width=\"798\" height=\"1024\" src=\"https:\/\/aip.eita.coop.br\/wp-content\/uploads\/2026\/01\/1f7005eaa914a4e19b34bc4c3507cd1e3d4b51d1-798x1024.webp\" alt=\"\" class=\"wp-image-274\" srcset=\"https:\/\/aip.eita.coop.br\/wp-content\/uploads\/2026\/01\/1f7005eaa914a4e19b34bc4c3507cd1e3d4b51d1-798x1024.webp 798w, https:\/\/aip.eita.coop.br\/wp-content\/uploads\/2026\/01\/1f7005eaa914a4e19b34bc4c3507cd1e3d4b51d1-234x300.webp 234w, https:\/\/aip.eita.coop.br\/wp-content\/uploads\/2026\/01\/1f7005eaa914a4e19b34bc4c3507cd1e3d4b51d1-768x985.webp 768w, https:\/\/aip.eita.coop.br\/wp-content\/uploads\/2026\/01\/1f7005eaa914a4e19b34bc4c3507cd1e3d4b51d1.webp 828w\" sizes=\"auto, (max-width: 798px) 100vw, 798px\" \/><\/figure>\n<\/div>\n<\/div>\n<\/div>\n","protected":false},"excerpt":{"rendered":"<p>ACTIONS PLATEFORME POLITIQUE L\u2019humanit\u00e9 fait face \u00e0 une profonde crise capitaliste marqu\u00e9e par les in\u00e9galit\u00e9s, les guerres et l\u2019effondrement \u00e9cologique. Dans sa Plateforme politique, l\u2019AIP pr\u00e9sente des r\u00e9flexions et des propositions fond\u00e9es sur l\u2019unit\u00e9, la formation politique et la solidarit\u00e9 internationale pour vaincre l\u2019imp\u00e9rialisme, avancer vers le socialisme et ouvrir une voie d\u2019\u00e9mancipation humaine. Le [&hellip;]<\/p>\n","protected":false},"author":1,"featured_media":0,"parent":0,"menu_order":0,"comment_status":"closed","ping_status":"closed","template":"","meta":{"_acf_changed":false,"footnotes":""},"class_list":["post-1107","page","type-page","status-publish","hentry"],"blocksy_meta":{"has_hero_section":"disabled","vertical_spacing_source":"custom","content_area_spacing":"none","styles_descriptor":{"styles":{"desktop":"","tablet":"","mobile":""},"google_fonts":[],"version":6}},"acf":[],"_links":{"self":[{"href":"https:\/\/aip.eita.coop.br\/fr\/wp-json\/wp\/v2\/pages\/1107","targetHints":{"allow":["GET"]}}],"collection":[{"href":"https:\/\/aip.eita.coop.br\/fr\/wp-json\/wp\/v2\/pages"}],"about":[{"href":"https:\/\/aip.eita.coop.br\/fr\/wp-json\/wp\/v2\/types\/page"}],"author":[{"embeddable":true,"href":"https:\/\/aip.eita.coop.br\/fr\/wp-json\/wp\/v2\/users\/1"}],"replies":[{"embeddable":true,"href":"https:\/\/aip.eita.coop.br\/fr\/wp-json\/wp\/v2\/comments?post=1107"}],"version-history":[{"count":2,"href":"https:\/\/aip.eita.coop.br\/fr\/wp-json\/wp\/v2\/pages\/1107\/revisions"}],"predecessor-version":[{"id":1167,"href":"https:\/\/aip.eita.coop.br\/fr\/wp-json\/wp\/v2\/pages\/1107\/revisions\/1167"}],"wp:attachment":[{"href":"https:\/\/aip.eita.coop.br\/fr\/wp-json\/wp\/v2\/media?parent=1107"}],"curies":[{"name":"wp","href":"https:\/\/api.w.org\/{rel}","templated":true}]}}