{"id":942,"date":"2026-01-14T00:08:08","date_gmt":"2026-01-14T00:08:08","guid":{"rendered":"https:\/\/aip.eita.coop.br\/inicio\/"},"modified":"2026-03-10T18:49:16","modified_gmt":"2026-03-10T18:49:16","slug":"inicio","status":"publish","type":"page","link":"https:\/\/aip.eita.coop.br\/es\/","title":{"rendered":"In\u00edcio"},"content":{"rendered":"\n<div class=\"wp-block-group alignfull is-layout-constrained wp-block-group-is-layout-constrained has-background\" style=\"margin-top:0px;margin-bottom:0px;padding-top:13rem;padding-bottom:13rem;background-image:url(&apos;https:\/\/aip.eita.coop.br\/wp-content\/uploads\/2026\/03\/home-banner.webp&apos;);background-position:50% 100%;background-size:cover;\">\n<h2 class=\"wp-block-heading has-text-align-center has-palette-color-8-color has-text-color has-link-color has-aip-font-size wp-elements-e2e637f79d585948ffe7974c4bf3f828\" style=\"font-style:normal;font-weight:1000;line-height:1\">EL FUTURO<br\/>PERTENCE A<br\/>LOS PUEBLOS<\/h2>\n<\/div>\n\n<div class=\"wp-block-group alignfull is-layout-constrained wp-container-core-group-is-layout-f8b0193c wp-block-group-is-layout-constrained\" id=\"home-campaign-slider\" style=\"margin-top:0px;margin-bottom:0px;padding-top:0px;padding-right:0px;padding-bottom:0px;padding-left:0px\"><div class='custom-slider'><h3 class='float-text'><a href='\/solidarity-campaigns\/'>Campa\u00f1as de<br\/>Solidaridad\n<\/a><\/h3><div class='slide active'><div class='holder'><img loading=\"lazy\" decoding=\"async\" width=\"1920\" height=\"1080\" src=\"https:\/\/aip.eita.coop.br\/wp-content\/uploads\/2026\/01\/sahel.webp\" class=\"attachment-post-thumbnail size-post-thumbnail wp-post-image\" alt=\"\" srcset=\"https:\/\/aip.eita.coop.br\/wp-content\/uploads\/2026\/01\/sahel.webp 1920w, https:\/\/aip.eita.coop.br\/wp-content\/uploads\/2026\/01\/sahel-300x169.webp 300w, https:\/\/aip.eita.coop.br\/wp-content\/uploads\/2026\/01\/sahel-1024x576.webp 1024w, https:\/\/aip.eita.coop.br\/wp-content\/uploads\/2026\/01\/sahel-768x432.webp 768w, https:\/\/aip.eita.coop.br\/wp-content\/uploads\/2026\/01\/sahel-1536x864.webp 1536w\" sizes=\"auto, (max-width: 1920px) 100vw, 1920px\" \/><div class='content-holder'><div class='content'><h2>Voces del Sahel<\/h2><div class='wp-block-button is-style-outline'><a href='https:\/\/aip.eita.coop.br\/es\/campaign\/voces-del-sahel\/' class='wp-block-button__link has-palette-color-2-color has-palette-color-8-background-color has-text-color has-background has-link-color has-border-color has-normal-font-size has-custom-font-size wp-element-button' style='border-color:var(--theme-palette-color-8, #ffffff);border-top-left-radius:8px;border-top-right-radius:8px;border-bottom-left-radius:8px;border-bottom-right-radius:8px;padding-top:var(--wp--preset--spacing--10);padding-right:var(--wp--preset--spacing--50);padding-bottom:var(--wp--preset--spacing--10);padding-left:var(--wp--preset--spacing--50);font-style:normal;font-weight:700'>LEER M\u00c1S<\/a><\/div><\/div><\/div><\/div><\/div><div class='slide'><div class='holder'><img loading=\"lazy\" decoding=\"async\" width=\"1366\" height=\"768\" src=\"https:\/\/aip.eita.coop.br\/wp-content\/uploads\/2026\/01\/temp.webp\" class=\"attachment-post-thumbnail size-post-thumbnail wp-post-image\" alt=\"\" srcset=\"https:\/\/aip.eita.coop.br\/wp-content\/uploads\/2026\/01\/temp.webp 1366w, https:\/\/aip.eita.coop.br\/wp-content\/uploads\/2026\/01\/temp-300x169.webp 300w, https:\/\/aip.eita.coop.br\/wp-content\/uploads\/2026\/01\/temp-1024x576.webp 1024w, https:\/\/aip.eita.coop.br\/wp-content\/uploads\/2026\/01\/temp-768x432.webp 768w\" sizes=\"auto, (max-width: 1366px) 100vw, 1366px\" \/><div class='content-holder'><div class='content'><h2>EL IMPERIALISMO DESTRUYE, EL PUEBLO HAITIANO CONSTRUYE<\/h2><div class='wp-block-button is-style-outline'><a href='https:\/\/aip.eita.coop.br\/es\/campaign\/el-imperialismo-destruye-el-pueblo-haitiano-construye\/' class='wp-block-button__link has-palette-color-2-color has-palette-color-8-background-color has-text-color has-background has-link-color has-border-color has-normal-font-size has-custom-font-size wp-element-button' style='border-color:var(--theme-palette-color-8, #ffffff);border-top-left-radius:8px;border-top-right-radius:8px;border-bottom-left-radius:8px;border-bottom-right-radius:8px;padding-top:var(--wp--preset--spacing--10);padding-right:var(--wp--preset--spacing--50);padding-bottom:var(--wp--preset--spacing--10);padding-left:var(--wp--preset--spacing--50);font-style:normal;font-weight:700'>LEER M\u00c1S<\/a><\/div><\/div><\/div><\/div><\/div><div class='slide'><div class='holder'><img loading=\"lazy\" decoding=\"async\" width=\"2560\" height=\"853\" src=\"https:\/\/aip.eita.coop.br\/wp-content\/uploads\/2026\/01\/cuba-scaled.webp\" class=\"attachment-post-thumbnail size-post-thumbnail wp-post-image\" alt=\"\" srcset=\"https:\/\/aip.eita.coop.br\/wp-content\/uploads\/2026\/01\/cuba-scaled.webp 2560w, https:\/\/aip.eita.coop.br\/wp-content\/uploads\/2026\/01\/cuba-300x100.webp 300w, https:\/\/aip.eita.coop.br\/wp-content\/uploads\/2026\/01\/cuba-1024x341.webp 1024w, https:\/\/aip.eita.coop.br\/wp-content\/uploads\/2026\/01\/cuba-768x256.webp 768w, https:\/\/aip.eita.coop.br\/wp-content\/uploads\/2026\/01\/cuba-1536x512.webp 1536w, https:\/\/aip.eita.coop.br\/wp-content\/uploads\/2026\/01\/cuba-2048x683.webp 2048w\" sizes=\"auto, (max-width: 2560px) 100vw, 2560px\" \/><div class='content-holder'><div class='content'><h2>Cuba Vive y Resiste<\/h2><div class='wp-block-button is-style-outline'><a href='https:\/\/aip.eita.coop.br\/es\/campaign\/cuba-vive-y-resiste\/' class='wp-block-button__link has-palette-color-2-color has-palette-color-8-background-color has-text-color has-background has-link-color has-border-color has-normal-font-size has-custom-font-size wp-element-button' style='border-color:var(--theme-palette-color-8, #ffffff);border-top-left-radius:8px;border-top-right-radius:8px;border-bottom-left-radius:8px;border-bottom-right-radius:8px;padding-top:var(--wp--preset--spacing--10);padding-right:var(--wp--preset--spacing--50);padding-bottom:var(--wp--preset--spacing--10);padding-left:var(--wp--preset--spacing--50);font-style:normal;font-weight:700'>LEER M\u00c1S<\/a><\/div><\/div><\/div><\/div><\/div><div class='custom-slider-controller'><div class='control active'><p>Voces del Sahel<\/p><\/div><div class='control'><p>EL IMPERIALISMO DESTRUYE, EL PUEBLO HAITIANO CONSTRUYE<\/p><\/div><div class='control'><p>Cuba Vive y Resiste<\/p><\/div><\/div><\/div>\n<\/div>\n\n<div class=\"wp-block-group alignfull has-palette-color-1-background-color has-background is-layout-constrained wp-block-group-is-layout-constrained\" style=\"margin-top:0px;margin-bottom:0px;padding-top:var(--wp--preset--spacing--70);padding-bottom:var(--wp--preset--spacing--70)\">\n<h2 class=\"wp-block-heading has-text-align-center has-palette-color-8-color has-text-color has-link-color has-large-font-size wp-elements-31de86be82e3385fedea3d8145815292\" style=\"font-style:normal;font-weight:600\">Suscr\u00edbase a nuestra lista de correo electr\u00f3nico<\/h2>\n\n\n\n<div class=\"wp-block-buttons is-content-justification-center is-layout-flex wp-container-core-buttons-is-layout-a89b3969 wp-block-buttons-is-layout-flex\">\n<div class=\"wp-block-button is-style-outline is-style-outline--1\"><a class=\"wp-block-button__link has-palette-color-8-color has-text-color has-link-color has-border-color has-p-large-font-size has-custom-font-size wp-element-button\" style=\"border-color:var(--theme-palette-color-8, #ffffff);border-top-left-radius:8px;border-top-right-radius:8px;border-bottom-left-radius:8px;border-bottom-right-radius:8px;padding-top:var(--wp--preset--spacing--10);padding-right:var(--wp--preset--spacing--60);padding-bottom:var(--wp--preset--spacing--10);padding-left:var(--wp--preset--spacing--60);font-style:normal;font-weight:700\">Suscr\u00edbase<\/a><\/div>\n<\/div>\n\n\n\n<h2 class=\"wp-block-heading has-text-align-center float-border-text has-palette-color-2-color has-text-color has-link-color wp-elements-519396c8b38b06218e200b8b7a1a10d2\">Bolet\u00edn<\/h2>\n\n\n\n<h2 class=\"wp-block-heading has-text-align-center float-border-text right has-palette-color-2-color has-text-color has-link-color wp-elements-fc9037252c190541c575fa9f1c29196a\">Bolet\u00edn<\/h2>\n<\/div>\n\n<div class=\"wp-block-group alignfull full-width-block has-palette-color-3-background-color has-background is-layout-constrained wp-container-core-group-is-layout-72ead86d wp-block-group-is-layout-constrained\" style=\"margin-top:0px;margin-bottom:0px;padding-top:var(--wp--preset--spacing--50);padding-bottom:var(--wp--preset--spacing--50)\">\n<figure class=\"wp-block-image aligncenter size-large\"><img loading=\"lazy\" decoding=\"async\" width=\"1024\" height=\"432\" src=\"https:\/\/aip.eita.coop.br\/wp-content\/uploads\/2026\/03\/Header-banners_PD-1024x432.webp\" alt=\"\" class=\"wp-image-2097\" srcset=\"https:\/\/aip.eita.coop.br\/wp-content\/uploads\/2026\/03\/Header-banners_PD-1024x432.webp 1024w, https:\/\/aip.eita.coop.br\/wp-content\/uploads\/2026\/03\/Header-banners_PD-300x126.webp 300w, https:\/\/aip.eita.coop.br\/wp-content\/uploads\/2026\/03\/Header-banners_PD-768x324.webp 768w, https:\/\/aip.eita.coop.br\/wp-content\/uploads\/2026\/03\/Header-banners_PD.webp 1440w\" sizes=\"auto, (max-width: 1024px) 100vw, 1024px\" \/><\/figure>\n\n\n\n<figure class=\"wp-block-image aligncenter size-large\"><img loading=\"lazy\" decoding=\"async\" width=\"1024\" height=\"432\" src=\"https:\/\/aip.eita.coop.br\/wp-content\/uploads\/2026\/03\/Header-banners_tricon-1024x432.webp\" alt=\"\" class=\"wp-image-2098\" srcset=\"https:\/\/aip.eita.coop.br\/wp-content\/uploads\/2026\/03\/Header-banners_tricon-1024x432.webp 1024w, https:\/\/aip.eita.coop.br\/wp-content\/uploads\/2026\/03\/Header-banners_tricon-300x126.webp 300w, https:\/\/aip.eita.coop.br\/wp-content\/uploads\/2026\/03\/Header-banners_tricon-768x324.webp 768w, https:\/\/aip.eita.coop.br\/wp-content\/uploads\/2026\/03\/Header-banners_tricon.webp 1440w\" sizes=\"auto, (max-width: 1024px) 100vw, 1024px\" \/><\/figure>\n<\/div>\n\n<div class=\"wp-block-group alignfull has-palette-color-8-background-color has-background is-layout-constrained wp-block-group-is-layout-constrained\" style=\"margin-top:0px;margin-bottom:0px;padding-top:var(--wp--preset--spacing--70);padding-bottom:var(--wp--preset--spacing--70)\">\n<h2 class=\"wp-block-heading has-text-align-left has-palette-color-1-color has-text-color has-link-color has-aip-font-size wp-elements-69f9b30dc9407ba06279e582e6139ea4\" style=\"font-style:normal;font-weight:1000;line-height:1;text-transform:uppercase\">DECLARACIONES<\/h2>\n\n\n\n<div data-id=\"f4b7502e\" class=\"wp-block-blocksy-query\"><style>[data-id='f4b7502e'] [data-flexy*=\"no\"] .flexy-item:nth-child(n + 2) {height:1px;}<\/style><\/div>\n\n\n\n<div data-id=\"fffb5236\" class=\"wp-block-blocksy-query home-statements\"><div class=\"ct-query-template-grid\"><article class=\"wp-block-post is-layout-flow post-7330 statement type-statement status-publish hentry tag-antiimperialismo tag-poder-politico statement-type-official-statement\">\n\n\n<h3 style=\"margin-top:8px;margin-bottom:8px;\" class=\"ct-dynamic-data wp-elements-a74bdf7dad29701efbf7a4edd43b9d7b\"><a href=\"https:\/\/aip.eita.coop.br\/es\/statement\/por-una-siria-pacifica-soberana-y-democratica\/\">Por una Siria pac\u00edfica, soberana y democr\u00e1tica<\/a><\/h3>\n<\/article><article class=\"wp-block-post is-layout-flow post-7336 statement type-statement status-publish has-post-thumbnail hentry tag-antiimperialismo statement-type-member-statement\">\n<figure style=\"margin-top:0px;margin-bottom:0px;\" class=\"wp-block-post-featured-image\"><a href=\"https:\/\/aip.eita.coop.br\/es\/statement\/80-anos-desde-el-v-congreso-panafricano-de-1945-forjando-el-camino-panafricano-hacia-el-futuro\/\" target=\"_self\"  ><img loading=\"lazy\" decoding=\"async\" width=\"1708\" height=\"1080\" src=\"https:\/\/aip.eita.coop.br\/wp-content\/uploads\/2026\/02\/Screenshot-2025-10-15-at-10.38.33.webp\" class=\"attachment-post-thumbnail size-post-thumbnail wp-post-image\" alt=\"80 a\u00f1os desde el V Congreso Panafricano de 1945, forjando el camino panafricano hacia el futuro\" style=\"object-fit:cover;\" srcset=\"https:\/\/aip.eita.coop.br\/wp-content\/uploads\/2026\/02\/Screenshot-2025-10-15-at-10.38.33.webp 1708w, https:\/\/aip.eita.coop.br\/wp-content\/uploads\/2026\/02\/Screenshot-2025-10-15-at-10.38.33-300x190.webp 300w, https:\/\/aip.eita.coop.br\/wp-content\/uploads\/2026\/02\/Screenshot-2025-10-15-at-10.38.33-1024x647.webp 1024w, https:\/\/aip.eita.coop.br\/wp-content\/uploads\/2026\/02\/Screenshot-2025-10-15-at-10.38.33-768x486.webp 768w, https:\/\/aip.eita.coop.br\/wp-content\/uploads\/2026\/02\/Screenshot-2025-10-15-at-10.38.33-1536x971.webp 1536w\" sizes=\"auto, (max-width: 1708px) 100vw, 1708px\" \/><\/a><\/figure>\n\n<h3 style=\"margin-top:8px;margin-bottom:8px;\" class=\"ct-dynamic-data wp-elements-a74bdf7dad29701efbf7a4edd43b9d7b\"><a href=\"https:\/\/aip.eita.coop.br\/es\/statement\/80-anos-desde-el-v-congreso-panafricano-de-1945-forjando-el-camino-panafricano-hacia-el-futuro\/\">80 a\u00f1os desde el V Congreso Panafricano de 1945, forjando el camino panafricano hacia el futuro<\/a><\/h3>\n<\/article><article class=\"wp-block-post is-layout-flow post-7350 statement type-statement status-publish has-post-thumbnail hentry tag-antiimperialismo statement-type-official-statement\">\n<figure style=\"margin-top:0px;margin-bottom:0px;\" class=\"wp-block-post-featured-image\"><a href=\"https:\/\/aip.eita.coop.br\/es\/statement\/palestina-declaracion-de-la-aip-sobre-el-acuerdo-de-alto-al-fuego\/\" target=\"_self\"  ><img loading=\"lazy\" decoding=\"async\" width=\"1600\" height=\"900\" src=\"https:\/\/aip.eita.coop.br\/wp-content\/uploads\/2026\/03\/2022-06-17_foto-brigada-1.jpg\" class=\"attachment-post-thumbnail size-post-thumbnail wp-post-image\" alt=\"Palestina: Declaraci\u00f3n de la AIP sobre el Acuerdo de alto al fuego\" style=\"object-fit:cover;\" srcset=\"https:\/\/aip.eita.coop.br\/wp-content\/uploads\/2026\/03\/2022-06-17_foto-brigada-1.jpg 1600w, https:\/\/aip.eita.coop.br\/wp-content\/uploads\/2026\/03\/2022-06-17_foto-brigada-1-300x169.jpg 300w, https:\/\/aip.eita.coop.br\/wp-content\/uploads\/2026\/03\/2022-06-17_foto-brigada-1-1024x576.jpg 1024w, https:\/\/aip.eita.coop.br\/wp-content\/uploads\/2026\/03\/2022-06-17_foto-brigada-1-768x432.jpg 768w, https:\/\/aip.eita.coop.br\/wp-content\/uploads\/2026\/03\/2022-06-17_foto-brigada-1-1536x864.jpg 1536w\" sizes=\"auto, (max-width: 1600px) 100vw, 1600px\" \/><\/a><\/figure>\n\n<h3 style=\"margin-top:8px;margin-bottom:8px;\" class=\"ct-dynamic-data wp-elements-a74bdf7dad29701efbf7a4edd43b9d7b\"><a href=\"https:\/\/aip.eita.coop.br\/es\/statement\/palestina-declaracion-de-la-aip-sobre-el-acuerdo-de-alto-al-fuego\/\">Palestina: Declaraci\u00f3n de la AIP sobre el Acuerdo de alto al fuego<\/a><\/h3>\n<\/article><\/div><style>[data-id='fffb5236'] {--grid-columns-width:3;}@media (max-width: 999.98px) {[data-id='fffb5236'] {--grid-columns-width:2;}}@media (max-width: 689.98px) {[data-id='fffb5236'] {--grid-columns-width:1;}}<\/style><\/div>\n<\/div>\n\n<div class=\"wp-block-group alignfull follow-us-section has-palette-color-13-background-color has-background is-layout-constrained wp-block-group-is-layout-constrained\" style=\"margin-top:0px;margin-bottom:0px;padding-top:var(--wp--preset--spacing--60);padding-bottom:var(--wp--preset--spacing--60)\">\n<div class=\"wp-block-columns is-layout-flex wp-container-core-columns-is-layout-28f84493 wp-block-columns-is-layout-flex\">\n<div class=\"wp-block-column is-layout-flow wp-block-column-is-layout-flow\"><div class=\"ct-block-wrapper\">\n\n<h3 class=\"wp-block-heading has-palette-color-1-color has-text-color has-link-color has-xl-font-size wp-elements-cbd8ae7c5f2c58ad83f10b8b22d95949\" style=\"font-style:normal;font-weight:700;line-height:1\">S\u00edguenos<\/h3>\n\n\n<div class=\"ct-socials-block\" style=\"--theme-icon-color:var(--wp--preset--color--palette-color-8);--theme-icon-hover-color:var(--wp--preset--color--palette-color-5);--background-color:var(--wp--preset--color--palette-color-1);--background-hover-color:var(--wp--preset--color--palette-color-2);--theme-icon-size:32px;--items-spacing:10px;\">\n\t\t<div class=\"ct-social-box\" data-color=\"default\" data-icons-type=\"rounded:solid\" >\n\t\t\t\n\t\t\t\n\t\t\t\t\t\t\t\n\t\t\t\t<a href=\"https:\/\/www.instagram.com\/peoples.assembly\/\" data-network=\"instagram\" aria-label=\"Instagram\" target=\"_blank\" rel=\"noopener noreferrer\">\n\t\t\t\t\t<span class=\"ct-icon-container\">\n\t\t\t\t\t<svg\n\t\t\t\t\twidth=\"20\"\n\t\t\t\t\theight=\"20\"\n\t\t\t\t\tviewBox=\"0 0 20 20\"\n\t\t\t\t\taria-hidden=\"true\">\n\t\t\t\t\t\t<circle cx=\"10\" cy=\"10\" r=\"3.3\"\/>\n\t\t\t\t\t\t<path d=\"M14.2,0H5.8C2.6,0,0,2.6,0,5.8v8.3C0,17.4,2.6,20,5.8,20h8.3c3.2,0,5.8-2.6,5.8-5.8V5.8C20,2.6,17.4,0,14.2,0zM10,15c-2.8,0-5-2.2-5-5s2.2-5,5-5s5,2.2,5,5S12.8,15,10,15z M15.8,5C15.4,5,15,4.6,15,4.2s0.4-0.8,0.8-0.8s0.8,0.4,0.8,0.8S16.3,5,15.8,5z\"\/>\n\t\t\t\t\t<\/svg>\n\t\t\t\t<\/span>\t\t\t\t<\/a>\n\t\t\t\t\t\t\t\n\t\t\t\t<a href=\"https:\/\/x.com\/peoplesassembl_\" data-network=\"twitter\" aria-label=\"X (Twitter)\" target=\"_blank\" rel=\"noopener noreferrer\">\n\t\t\t\t\t<span class=\"ct-icon-container\">\n\t\t\t\t\t<svg\n\t\t\t\t\twidth=\"20px\"\n\t\t\t\t\theight=\"20px\"\n\t\t\t\t\tviewBox=\"0 0 20 20\"\n\t\t\t\t\taria-hidden=\"true\">\n\t\t\t\t\t\t<path d=\"M2.9 0C1.3 0 0 1.3 0 2.9v14.3C0 18.7 1.3 20 2.9 20h14.3c1.6 0 2.9-1.3 2.9-2.9V2.9C20 1.3 18.7 0 17.1 0H2.9zm13.2 3.8L11.5 9l5.5 7.2h-4.3l-3.3-4.4-3.8 4.4H3.4l5-5.7-5.3-6.7h4.4l3 4 3.5-4h2.1zM14.4 15 6.8 5H5.6l7.7 10h1.1z\"\/>\n\t\t\t\t\t<\/svg>\n\t\t\t\t<\/span>\t\t\t\t<\/a>\n\t\t\t\t\t\t\t\n\t\t\t\t<a href=\"https:\/\/www.facebook.com\/internationalpeoplesassembly\/\" data-network=\"facebook\" aria-label=\"Facebook\" target=\"_blank\" rel=\"noopener noreferrer\">\n\t\t\t\t\t<span class=\"ct-icon-container\">\n\t\t\t\t\t<svg\n\t\t\t\t\twidth=\"20px\"\n\t\t\t\t\theight=\"20px\"\n\t\t\t\t\tviewBox=\"0 0 20 20\"\n\t\t\t\t\taria-hidden=\"true\">\n\t\t\t\t\t\t<path d=\"M20,10.1c0-5.5-4.5-10-10-10S0,4.5,0,10.1c0,5,3.7,9.1,8.4,9.9v-7H5.9v-2.9h2.5V7.9C8.4,5.4,9.9,4,12.2,4c1.1,0,2.2,0.2,2.2,0.2v2.5h-1.3c-1.2,0-1.6,0.8-1.6,1.6v1.9h2.8L13.9,13h-2.3v7C16.3,19.2,20,15.1,20,10.1z\"\/>\n\t\t\t\t\t<\/svg>\n\t\t\t\t<\/span>\t\t\t\t<\/a>\n\t\t\t\t\t\t\t\n\t\t\t\t<a href=\"https:\/\/www.youtube.com\/channel\/UCLUhCDMAlvhtJcTxn2Q_UGw\" data-network=\"youtube\" aria-label=\"YouTube\" target=\"_blank\" rel=\"noopener noreferrer\">\n\t\t\t\t\t<span class=\"ct-icon-container\">\n\t\t\t\t\t<svg\n\t\t\t\t\twidth=\"20\"\n\t\t\t\t\theight=\"20\"\n\t\t\t\t\tviewbox=\"0 0 20 20\"\n\t\t\t\t\taria-hidden=\"true\">\n\t\t\t\t\t\t<path d=\"M15,0H5C2.2,0,0,2.2,0,5v10c0,2.8,2.2,5,5,5h10c2.8,0,5-2.2,5-5V5C20,2.2,17.8,0,15,0z M14.5,10.9l-6.8,3.8c-0.1,0.1-0.3,0.1-0.5,0.1c-0.5,0-1-0.4-1-1l0,0V6.2c0-0.5,0.4-1,1-1c0.2,0,0.3,0,0.5,0.1l6.8,3.8c0.5,0.3,0.7,0.8,0.4,1.3C14.8,10.6,14.6,10.8,14.5,10.9z\"\/>\n\t\t\t\t\t<\/svg>\n\t\t\t\t<\/span>\t\t\t\t<\/a>\n\t\t\t\n\t\t\t\n\t\t\t\t\t<\/div>\n\n\t<\/div>\n<\/div><\/div>\n\n\n\n<div class=\"wp-block-column has-palette-color-1-background-color has-background is-layout-flow wp-block-column-is-layout-flow\" style=\"border-top-left-radius:8px;border-top-right-radius:8px;border-bottom-left-radius:8px;border-bottom-right-radius:8px;padding-top:var(--wp--preset--spacing--60);padding-right:var(--wp--preset--spacing--50);padding-bottom:var(--wp--preset--spacing--60);padding-left:var(--wp--preset--spacing--50)\">\n<div class=\"wp-block-columns are-vertically-aligned-center is-layout-flex wp-container-core-columns-is-layout-28f84493 wp-block-columns-is-layout-flex\">\n<div class=\"wp-block-column is-vertically-aligned-center is-layout-flow wp-block-column-is-layout-flow\" style=\"flex-basis:80%\">\n<h2 class=\"wp-block-heading has-palette-color-8-color has-text-color has-link-color has-xl-font-size wp-elements-9f1e9755eba3e4d897aca5f5940134df\" style=\"margin-top:0px;margin-bottom:0px;line-height:1\">DONAR<\/h2>\n<\/div>\n\n\n\n<div class=\"wp-block-column is-vertically-aligned-center is-layout-flow wp-block-column-is-layout-flow\" style=\"flex-basis:20%\">\n<div class=\"wp-block-getwid-icon has-layout-stacked\"><div class=\"wp-block-getwid-icon__wrapper has-background has-palette-color-8-background-color has-text-color has-palette-color-1-color\" style=\"font-size:23px\"><i class=\"fas fa-chevron-right\"><\/i><\/div><\/div>\n<\/div>\n<\/div>\n<\/div>\n<\/div>\n<\/div>\n","protected":false},"excerpt":{"rendered":"<p>EL FUTUROPERTENCE ALOS PUEBLOS Suscr\u00edbase a nuestra lista de correo electr\u00f3nico Bolet\u00edn Bolet\u00edn DECLARACIONES<\/p>\n","protected":false},"author":1,"featured_media":0,"parent":0,"menu_order":0,"comment_status":"closed","ping_status":"closed","template":"","meta":{"_acf_changed":false,"footnotes":""},"class_list":["post-942","page","type-page","status-publish","hentry"],"blocksy_meta":{"has_hero_section":"disabled","vertical_spacing_source":"custom","content_area_spacing":"none","styles_descriptor":{"styles":{"desktop":"","tablet":"","mobile":""},"google_fonts":[],"version":6}},"acf":[],"_links":{"self":[{"href":"https:\/\/aip.eita.coop.br\/es\/wp-json\/wp\/v2\/pages\/942","targetHints":{"allow":["GET"]}}],"collection":[{"href":"https:\/\/aip.eita.coop.br\/es\/wp-json\/wp\/v2\/pages"}],"about":[{"href":"https:\/\/aip.eita.coop.br\/es\/wp-json\/wp\/v2\/types\/page"}],"author":[{"embeddable":true,"href":"https:\/\/aip.eita.coop.br\/es\/wp-json\/wp\/v2\/users\/1"}],"replies":[{"embeddable":true,"href":"https:\/\/aip.eita.coop.br\/es\/wp-json\/wp\/v2\/comments?post=942"}],"version-history":[{"count":8,"href":"https:\/\/aip.eita.coop.br\/es\/wp-json\/wp\/v2\/pages\/942\/revisions"}],"predecessor-version":[{"id":2106,"href":"https:\/\/aip.eita.coop.br\/es\/wp-json\/wp\/v2\/pages\/942\/revisions\/2106"}],"wp:attachment":[{"href":"https:\/\/aip.eita.coop.br\/es\/wp-json\/wp\/v2\/media?parent=942"}],"curies":[{"name":"wp","href":"https:\/\/api.w.org\/{rel}","templated":true}]}}