{"id":1392,"date":"2026-01-28T22:33:58","date_gmt":"2026-01-28T22:33:58","guid":{"rendered":"https:\/\/aip.eita.coop.br\/caja-de-herramientas\/"},"modified":"2026-03-07T20:32:45","modified_gmt":"2026-03-07T20:32:45","slug":"caja-de-herramientas","status":"publish","type":"page","link":"https:\/\/aip.eita.coop.br\/es\/caja-de-herramientas\/","title":{"rendered":"Caja de herramientas"},"content":{"rendered":"\n<div class=\"wp-block-group alignfull is-layout-constrained wp-block-group-is-layout-constrained has-background\" style=\"margin-top:0px;margin-bottom:0px;padding-top:var(--wp--preset--spacing--70);padding-bottom:var(--wp--preset--spacing--70);background-image:url(&apos;https:\/\/aip.eita.coop.br\/wp-content\/uploads\/2026\/01\/toolbox-1.webp&apos;);background-position:100% 50%;background-size:cover;\">\n<h2 class=\"wp-block-heading has-palette-color-8-color has-text-color has-link-color has-aip-font-size wp-elements-2344cd61b386c9ec7b4f183ae4f74211\" style=\"font-style:normal;font-weight:1000;line-height:1\">CAJA DE <br\/>HERRAMENTAS<\/h2>\n\n\n\n<p class=\"has-palette-color-8-color has-text-color has-link-color has-large-font-size wp-elements-a26b5c9dc7dbf37857894183bd9cb3c4\" style=\"font-style:normal;font-weight:600;letter-spacing:-0.42px;line-height:1\">MATERIAIS<br\/>IMPRIMIBLES<\/p>\n\n\n\n<div class=\"wp-block-buttons is-layout-flex wp-block-buttons-is-layout-flex\">\n<div class=\"wp-block-button toolbox-access-button\"><a class=\"wp-block-button__link has-palette-color-1-color has-palette-color-8-background-color has-text-color has-background has-link-color wp-element-button\" href=\"&lt;!--[CDATA[\/media-kits]]--&gt;\">ACCESO<\/a><\/div>\n<\/div>\n<\/div>\n\n<div class=\"wp-block-group alignfull is-layout-constrained wp-block-group-is-layout-constrained\" style=\"padding-top:var(--wp--preset--spacing--70);padding-bottom:var(--wp--preset--spacing--70)\">\n<div class=\"wp-block-columns is-layout-flex wp-container-core-columns-is-layout-28f84493 wp-block-columns-is-layout-flex\">\n<div class=\"wp-block-column is-layout-flow wp-block-column-is-layout-flow\">\n<p class=\"has-medium-font-size\" style=\"font-style:normal;font-weight:600;line-height:1\">La secci\u00f3n Caja de herramientas ofrece tanto materiales listos para usar como archivos editables dise\u00f1ados para ayudar a nuestras organizaciones miembro, movimientos y aliados a compartir los mensajes, campa\u00f1as e iniciativas de la Asamblea Internacional de los Pueblos en todo el mundo.<\/p>\n\n\n\n<p class=\"has-medium-font-size\" style=\"font-style:normal;font-weight:600;line-height:1\">Aqu\u00ed encontrar\u00e1s gr\u00e1ficos, videos, carteles y gu\u00edas de comunicaci\u00f3n que pueden descargarse y adaptarse a tus propias plataformas, que son herramientas para amplificar nuestra voz colectiva y fortalecer la solidaridad global. Cada caja est\u00e1 creada para inspirar la acci\u00f3n, informar a las comunidades y promover la unidad en torno a las luchas antiimperialistas y la solidaridad entre los pueblos del mundo. <\/p>\n\n\n\n<p class=\"has-medium-font-size\" style=\"font-style:normal;font-weight:600;line-height:1\">Actualizamos estos materiales regularmente para apoyar las campa\u00f1as en curso y los momentos clave de movilizaci\u00f3n. Visita esta p\u00e1gina con frecuencia para mantenerte conectado, descargar nuevos recursos y compartirlos en tus redes.<\/p>\n\n\n\n<p class=\"has-medium-font-size\" style=\"font-style:normal;font-weight:600;line-height:1\">Comparte las campa\u00f1as. Difunde el mensaje. Que se escuche la voz de los pueblos.  <\/p>\n<\/div>\n\n\n\n<div class=\"wp-block-column toolbox-right is-layout-flow wp-block-column-is-layout-flow\">\n<div class=\"wp-block-group toolbox-card is-layout-constrained wp-block-group-is-layout-constrained has-background\" style=\"border-top-left-radius:12px;border-top-right-radius:12px;border-bottom-left-radius:12px;border-bottom-right-radius:12px;background-image:url(&apos;https:\/\/aip.eita.coop.br\/wp-content\/uploads\/2026\/01\/815a9334ed95063895f9414806e771812c62c4b7.png&apos;);background-size:cover;\">\n<div class=\"wp-block-group is-vertical is-content-justification-center is-layout-flex wp-container-core-group-is-layout-fa38c63a wp-block-group-is-layout-flex\">\n<h2 class=\"wp-block-heading has-text-align-center has-palette-color-8-color has-text-color has-link-color wp-elements-4f97f7973ab087d77b754f4dc06536bd\" style=\"font-size:clamp(2.035rem, 2.035rem + ((1vw - 0.2rem) * 1.994), 3.63rem);font-style:normal;font-weight:1000;line-height:1;text-transform:uppercase\">Cuba Vive y Resiste<\/h2>\n\n\n\n<div class=\"wp-block-buttons is-layout-flex wp-block-buttons-is-layout-flex\">\n<div class=\"wp-block-button\"><a class=\"wp-block-button__link has-palette-color-1-color has-palette-color-8-background-color has-text-color has-background has-link-color wp-element-button\" href=\"https:\/\/server.ipa-aip.org\/s\/fb4HqqXfnZZctPo\" target=\"_blank\" rel=\"noreferrer noopener\">DESCARGAR MATERIALES<\/a><\/div>\n<\/div>\n<\/div>\n<\/div>\n\n\n\n<div class=\"wp-block-group toolbox-card has-background is-layout-constrained wp-block-group-is-layout-constrained\" style=\"border-top-left-radius:12px;border-top-right-radius:12px;border-bottom-left-radius:12px;border-bottom-right-radius:12px;background-color:#f4be67\">\n<div class=\"wp-block-group is-vertical is-content-justification-center is-layout-flex wp-container-core-group-is-layout-fa38c63a wp-block-group-is-layout-flex\">\n<h2 class=\"wp-block-heading has-text-align-center has-palette-color-8-color has-text-color has-link-color wp-elements-d84d632311be07c0eb4d7fe44c28a56b\" style=\"font-size:clamp(2.035rem, 2.035rem + ((1vw - 0.2rem) * 1.994), 3.63rem);font-style:normal;font-weight:1000;line-height:1;text-transform:uppercase\">Voces del Sahel<\/h2>\n\n\n\n<div class=\"wp-block-buttons is-layout-flex wp-block-buttons-is-layout-flex\">\n<div class=\"wp-block-button\"><a class=\"wp-block-button__link has-palette-color-1-color has-palette-color-8-background-color has-text-color has-background has-link-color wp-element-button\" href=\"\/wp-content\/uploads\/2026\/03\/ES_El-Sahel-Resiste.pdf\" target=\"_blank\" rel=\"noreferrer noopener\">DESCARGAR MATERIALES<\/a><\/div>\n<\/div>\n<\/div>\n<\/div>\n\n\n\n<div class=\"wp-block-group toolbox-card is-layout-constrained wp-block-group-is-layout-constrained has-background\" style=\"border-top-left-radius:12px;border-top-right-radius:12px;border-bottom-left-radius:12px;border-bottom-right-radius:12px;background-image:url(&apos;https:\/\/aip.eita.coop.br\/wp-content\/uploads\/2026\/01\/ce98d7bf34933db791c9689c449f851b7bcbe72b.webp&apos;);background-position:50% 50%;background-size:cover;\">\n<div class=\"wp-block-group is-vertical is-content-justification-center is-layout-flex wp-container-core-group-is-layout-fa38c63a wp-block-group-is-layout-flex\">\n<h2 class=\"wp-block-heading has-text-align-center has-palette-color-8-color has-text-color has-link-color wp-elements-634757b71cb2ff40b5ccdbb5f955c9bb\" style=\"font-size:clamp(2.035rem, 2.035rem + ((1vw - 0.2rem) * 1.994), 3.63rem);font-style:normal;font-weight:1000;line-height:1;text-transform:uppercase\">EL IMPERIALISMO DESTRUYE, EL PUEBLO HAITIANO CONSTRUYE<\/h2>\n\n\n\n<div class=\"wp-block-buttons is-layout-flex wp-block-buttons-is-layout-flex\">\n<div class=\"wp-block-button\"><a class=\"wp-block-button__link has-palette-color-1-color has-palette-color-8-background-color has-text-color has-background has-link-color wp-element-button\" href=\"#\">DESCARGAR MATERIALES<\/a><\/div>\n<\/div>\n<\/div>\n<\/div>\n<\/div>\n<\/div>\n<\/div>\n","protected":false},"excerpt":{"rendered":"<p>La secci\u00f3n Caja de herramientas ofrece tanto materiales listos para usar como archivos editables dise\u00f1ados para ayudar a nuestras organizaciones miembro, movimientos y aliados a compartir los mensajes, campa\u00f1as e iniciativas de la Asamblea Internacional de los Pueblos en todo el mundo. Aqu\u00ed encontrar\u00e1s gr\u00e1ficos, videos, carteles y gu\u00edas de comunicaci\u00f3n que pueden descargarse y [&hellip;]<\/p>\n","protected":false},"author":1,"featured_media":0,"parent":0,"menu_order":0,"comment_status":"closed","ping_status":"closed","template":"","meta":{"_acf_changed":false,"footnotes":""},"class_list":["post-1392","page","type-page","status-publish","hentry"],"blocksy_meta":{"has_hero_section":"disabled","vertical_spacing_source":"custom","content_area_spacing":"none","styles_descriptor":{"styles":{"desktop":"","tablet":"","mobile":""},"google_fonts":[],"version":6}},"acf":[],"_links":{"self":[{"href":"https:\/\/aip.eita.coop.br\/es\/wp-json\/wp\/v2\/pages\/1392","targetHints":{"allow":["GET"]}}],"collection":[{"href":"https:\/\/aip.eita.coop.br\/es\/wp-json\/wp\/v2\/pages"}],"about":[{"href":"https:\/\/aip.eita.coop.br\/es\/wp-json\/wp\/v2\/types\/page"}],"author":[{"embeddable":true,"href":"https:\/\/aip.eita.coop.br\/es\/wp-json\/wp\/v2\/users\/1"}],"replies":[{"embeddable":true,"href":"https:\/\/aip.eita.coop.br\/es\/wp-json\/wp\/v2\/comments?post=1392"}],"version-history":[{"count":7,"href":"https:\/\/aip.eita.coop.br\/es\/wp-json\/wp\/v2\/pages\/1392\/revisions"}],"predecessor-version":[{"id":1461,"href":"https:\/\/aip.eita.coop.br\/es\/wp-json\/wp\/v2\/pages\/1392\/revisions\/1461"}],"wp:attachment":[{"href":"https:\/\/aip.eita.coop.br\/es\/wp-json\/wp\/v2\/media?parent=1392"}],"curies":[{"name":"wp","href":"https:\/\/api.w.org\/{rel}","templated":true}]}}