{"id":1375,"date":"2026-03-07T17:24:23","date_gmt":"2026-03-07T17:24:23","guid":{"rendered":"https:\/\/aip.eita.coop.br\/seminarios-y-videos\/"},"modified":"2026-03-10T04:00:45","modified_gmt":"2026-03-10T04:00:45","slug":"seminarios-y-videos","status":"publish","type":"page","link":"https:\/\/aip.eita.coop.br\/es\/seminarios-y-videos\/","title":{"rendered":"Seminarios y videos"},"content":{"rendered":"\n<div class=\"wp-block-group alignfull has-palette-color-1-background-color has-background is-layout-constrained wp-container-core-group-is-layout-a6d446a0 wp-block-group-is-layout-constrained\" style=\"padding-top:var(--wp--preset--spacing--70);padding-right:var(--wp--preset--spacing--60);padding-bottom:var(--wp--preset--spacing--70);padding-left:var(--wp--preset--spacing--60)\">\n<h1 class=\"wp-block-heading has-palette-color-8-color has-text-color has-link-color has-aip-font-size wp-elements-d05edc0ee70e141ee5255562ca1066f9\" style=\"font-style:normal;font-weight:1000;line-height:1;text-transform:uppercase\">Seminarios y videos<\/h1>\n\n\n\n<div data-id=\"6ef50057\" class=\"wp-block-blocksy-query\"><div class=\"ct-query-template-default is-layout-flow\"><article class=\"wp-block-post is-layout-flow post-1927 document type-document status-publish has-post-thumbnail hentry document-type-videos\">\n<div data-block=\"hook:502\" class=\"alignfull\"><article id=\"post-502\" class=\"post-502\"><div class=\"entry-content is-layout-constrained\"><div class='video-hightlight'><img loading=\"lazy\" decoding=\"async\" width=\"1280\" height=\"720\" src=\"https:\/\/aip.eita.coop.br\/wp-content\/uploads\/2026\/03\/bhopal-es.jpg\" class=\"attachment-post-thumbnail size-post-thumbnail wp-post-image\" alt=\"40 years of the MST\" srcset=\"https:\/\/aip.eita.coop.br\/wp-content\/uploads\/2026\/03\/bhopal-es.jpg 1280w, https:\/\/aip.eita.coop.br\/wp-content\/uploads\/2026\/03\/bhopal-es-300x169.jpg 300w, https:\/\/aip.eita.coop.br\/wp-content\/uploads\/2026\/03\/bhopal-es-1024x576.jpg 1024w, https:\/\/aip.eita.coop.br\/wp-content\/uploads\/2026\/03\/bhopal-es-768x432.jpg 768w\" sizes=\"auto, (max-width: 1280px) 100vw, 1280px\" \/><div class='holder'><a href='https:\/\/aip.eita.coop.br\/es\/document\/bhopal-84-el-mayor-crimen-industrial-de-la-historia\/'><h3>Bhopal 84: El mayor crimen industrial de la historia<\/h3><\/a><p>\u201cDesastres lentos y silenciosos como el de Bhopal suceden todos los d\u00edas, en varias partes del mundo.\u201d Fue con estas palabras que la activista india Rachna Dhingra explic\u00f3 al equipo de Brasil de Fato por qu\u00e9 dedica su vida a denunciar un crimen ocurrido hace d\u00e9cadas. En la madrugada del 3 de diciembre de 1984, [&hellip;]<\/p><div class='wp-block-button'><a href='https:\/\/aip.eita.coop.br\/es\/document\/bhopal-84-el-mayor-crimen-industrial-de-la-historia\/' class='wp-block-button__link has-palette-color-1-color has-palette-color-8-background-color has-text-color has-background has-link-color wp-element-button'>MIRA<\/a><\/div><\/div><\/div><\/div><\/article><\/div>\n<\/article><\/div><\/div>\n\n\n\n<div data-id=\"200bfd70\" class=\"wp-block-blocksy-query\"><div class=\"ct-query-template-default is-layout-flow\"><article class=\"wp-block-post is-layout-flow post-1922 document type-document status-publish has-post-thumbnail hentry document-type-videos\">\n\n<div class=\"wp-block-columns is-layout-flex wp-container-core-columns-is-layout-28f84493 wp-block-columns-is-layout-flex\">\n<div class=\"wp-block-column is-layout-flow wp-block-column-is-layout-flow\"><figure style=\"aspect-ratio:16\/9;\" class=\"wp-block-post-featured-image\"><a href=\"https:\/\/aip.eita.coop.br\/es\/document\/1-million-members-100-million-trees-how-brazils-socialist-farmers-are-fighting-big-ag\/\" target=\"_self\"  ><img loading=\"lazy\" decoding=\"async\" width=\"1280\" height=\"720\" src=\"https:\/\/aip.eita.coop.br\/wp-content\/uploads\/2026\/03\/land.jpg\" class=\"attachment-post-thumbnail size-post-thumbnail wp-post-image\" alt=\"1 Million Members, 100 Million Trees: How Brazil\u2019s Socialist Farmers Are Fighting Big Ag\" style=\"border-top-left-radius:12px;border-top-right-radius:12px;border-bottom-left-radius:12px;border-bottom-right-radius:12px;width:100%;height:100%;object-fit:cover;\" srcset=\"https:\/\/aip.eita.coop.br\/wp-content\/uploads\/2026\/03\/land.jpg 1280w, https:\/\/aip.eita.coop.br\/wp-content\/uploads\/2026\/03\/land-300x169.jpg 300w, https:\/\/aip.eita.coop.br\/wp-content\/uploads\/2026\/03\/land-1024x576.jpg 1024w, https:\/\/aip.eita.coop.br\/wp-content\/uploads\/2026\/03\/land-768x432.jpg 768w\" sizes=\"auto, (max-width: 1280px) 100vw, 1280px\" \/><\/a><\/figure><\/div>\n\n\n\n<div class=\"wp-block-column is-layout-flow wp-block-column-is-layout-flow\"><h3 style=\"font-style:normal;font-weight:600;line-height:1;letter-spacing:-0.42px;\" class=\"ct-dynamic-data wp-elements-a8e5b9e405a1773fc41bef669d7a10d7 wp-elements-802616553d737115a9683f4baa236324 has-text-color has-palette-color-1-color has-large-font-size\"><a href=\"https:\/\/aip.eita.coop.br\/es\/document\/1-million-members-100-million-trees-how-brazils-socialist-farmers-are-fighting-big-ag\/\">1 Million Members, 100 Million Trees: How Brazil\u2019s Socialist Farmers Are Fighting Big Ag<\/a><\/h3>\n\n<div style=\"line-height:1.25;\" class=\"ct-dynamic-data wp-elements-80d0cea11bb5050feb009d95d352d9d5 wp-elements-65b0f6bf6892210b42994e70bf706be7 has-text-color has-palette-color-8-color has-p-huge-font-size\"><p>The one-million strong Landless Workers Movement (MST) is a backbone of the Brazilian left, famous for its mass actions and radical land occupations all across the Brazilian countryside. While fighting agribusiness giants, the MST has become the largest producer of organic rice in Latin America, has a plan to plant\u2026<\/p>\n<\/div>\n\n<a style=\"border-width:0px; padding-top:0px;padding-bottom:0px;padding-left:12px;padding-right:12px;\" class=\"wp-elements-0e8c9d720a306bf7b92d8e43e95a4f28 wp-block-read-more has-text-color has-palette-color-1-color has-background has-palette-color-8-background-color\" href=\"https:\/\/aip.eita.coop.br\/es\/document\/1-million-members-100-million-trees-how-brazils-socialist-farmers-are-fighting-big-ag\/\" target=\"_self\">MIRA<span class=\"screen-reader-text\">: 1 Million Members, 100 Million Trees: How Brazil\u2019s Socialist Farmers Are Fighting Big Ag<\/span><\/a><\/div>\n<\/div>\n\n<\/article><article class=\"wp-block-post is-layout-flow post-1921 document type-document status-publish has-post-thumbnail hentry document-type-videos\">\n\n<div class=\"wp-block-columns is-layout-flex wp-container-core-columns-is-layout-28f84493 wp-block-columns-is-layout-flex\">\n<div class=\"wp-block-column is-layout-flow wp-block-column-is-layout-flow\"><figure style=\"aspect-ratio:16\/9;\" class=\"wp-block-post-featured-image\"><a href=\"https:\/\/aip.eita.coop.br\/es\/document\/the-oligarchic-force-chapter-3-the-forces-of-inequality\/\" target=\"_self\"  ><img loading=\"lazy\" decoding=\"async\" width=\"1280\" height=\"720\" src=\"https:\/\/aip.eita.coop.br\/wp-content\/uploads\/2026\/03\/f3.jpg\" class=\"attachment-post-thumbnail size-post-thumbnail wp-post-image\" alt=\"The Oligarchic Force &#8211; Chapter 3, The Forces of Inequality\" style=\"border-top-left-radius:12px;border-top-right-radius:12px;border-bottom-left-radius:12px;border-bottom-right-radius:12px;width:100%;height:100%;object-fit:cover;\" srcset=\"https:\/\/aip.eita.coop.br\/wp-content\/uploads\/2026\/03\/f3.jpg 1280w, https:\/\/aip.eita.coop.br\/wp-content\/uploads\/2026\/03\/f3-300x169.jpg 300w, https:\/\/aip.eita.coop.br\/wp-content\/uploads\/2026\/03\/f3-1024x576.jpg 1024w, https:\/\/aip.eita.coop.br\/wp-content\/uploads\/2026\/03\/f3-768x432.jpg 768w\" sizes=\"auto, (max-width: 1280px) 100vw, 1280px\" \/><\/a><\/figure><\/div>\n\n\n\n<div class=\"wp-block-column is-layout-flow wp-block-column-is-layout-flow\"><h3 style=\"font-style:normal;font-weight:600;line-height:1;letter-spacing:-0.42px;\" class=\"ct-dynamic-data wp-elements-a8e5b9e405a1773fc41bef669d7a10d7 wp-elements-802616553d737115a9683f4baa236324 has-text-color has-palette-color-1-color has-large-font-size\"><a href=\"https:\/\/aip.eita.coop.br\/es\/document\/the-oligarchic-force-chapter-3-the-forces-of-inequality\/\">The Oligarchic Force &#8211; Chapter 3, The Forces of Inequality<\/a><\/h3>\n\n<div style=\"line-height:1.25;\" class=\"ct-dynamic-data wp-elements-80d0cea11bb5050feb009d95d352d9d5 wp-elements-65b0f6bf6892210b42994e70bf706be7 has-text-color has-palette-color-8-color has-p-huge-font-size\"><p>El tercer cap\u00edtulo de la serie documental \u201cLas Fuerzas de la Desigualdad\u201d aborda la lucha por la tierra y la producci\u00f3n de alimentos en un mundo donde la propiedad y el uso del suelo est\u00e1n concentrados en pocas manos. A trav\u00e9s de los testimonios de campesinos y trabajadores rurales de\u2026<\/p>\n<\/div>\n\n<a style=\"border-width:0px; padding-top:0px;padding-bottom:0px;padding-left:12px;padding-right:12px;\" class=\"wp-elements-0e8c9d720a306bf7b92d8e43e95a4f28 wp-block-read-more has-text-color has-palette-color-1-color has-background has-palette-color-8-background-color\" href=\"https:\/\/aip.eita.coop.br\/es\/document\/the-oligarchic-force-chapter-3-the-forces-of-inequality\/\" target=\"_self\">MIRA<span class=\"screen-reader-text\">: The Oligarchic Force &#8211; Chapter 3, The Forces of Inequality<\/span><\/a><\/div>\n<\/div>\n\n<\/article><article class=\"wp-block-post is-layout-flow post-1916 document type-document status-publish has-post-thumbnail hentry document-type-videos\">\n\n<div class=\"wp-block-columns is-layout-flex wp-container-core-columns-is-layout-28f84493 wp-block-columns-is-layout-flex\">\n<div class=\"wp-block-column is-layout-flow wp-block-column-is-layout-flow\"><figure style=\"aspect-ratio:16\/9;\" class=\"wp-block-post-featured-image\"><a href=\"https:\/\/aip.eita.coop.br\/es\/document\/la-fuerza-bruta-de-la-exclusion-capitulo-2-las-fuerzas-de-la-desigualdad\/\" target=\"_self\"  ><img loading=\"lazy\" decoding=\"async\" width=\"1280\" height=\"720\" src=\"https:\/\/aip.eita.coop.br\/wp-content\/uploads\/2026\/03\/f2.jpg\" class=\"attachment-post-thumbnail size-post-thumbnail wp-post-image\" alt=\"La fuerza bruta de la exclusi\u00f3n &#8211; Cap\u00edtulo 2, Las fuerzas de la desigualdad\" style=\"border-top-left-radius:12px;border-top-right-radius:12px;border-bottom-left-radius:12px;border-bottom-right-radius:12px;width:100%;height:100%;object-fit:cover;\" srcset=\"https:\/\/aip.eita.coop.br\/wp-content\/uploads\/2026\/03\/f2.jpg 1280w, https:\/\/aip.eita.coop.br\/wp-content\/uploads\/2026\/03\/f2-300x169.jpg 300w, https:\/\/aip.eita.coop.br\/wp-content\/uploads\/2026\/03\/f2-1024x576.jpg 1024w, https:\/\/aip.eita.coop.br\/wp-content\/uploads\/2026\/03\/f2-768x432.jpg 768w\" sizes=\"auto, (max-width: 1280px) 100vw, 1280px\" \/><\/a><\/figure><\/div>\n\n\n\n<div class=\"wp-block-column is-layout-flow wp-block-column-is-layout-flow\"><h3 style=\"font-style:normal;font-weight:600;line-height:1;letter-spacing:-0.42px;\" class=\"ct-dynamic-data wp-elements-a8e5b9e405a1773fc41bef669d7a10d7 wp-elements-802616553d737115a9683f4baa236324 has-text-color has-palette-color-1-color has-large-font-size\"><a href=\"https:\/\/aip.eita.coop.br\/es\/document\/la-fuerza-bruta-de-la-exclusion-capitulo-2-las-fuerzas-de-la-desigualdad\/\">La fuerza bruta de la exclusi\u00f3n &#8211; Cap\u00edtulo 2, Las fuerzas de la desigualdad<\/a><\/h3>\n\n<div style=\"line-height:1.25;\" class=\"ct-dynamic-data wp-elements-80d0cea11bb5050feb009d95d352d9d5 wp-elements-65b0f6bf6892210b42994e70bf706be7 has-text-color has-palette-color-8-color has-p-huge-font-size\"><p>El segundo cap\u00edtulo de la serie documental \u201cLas Fuerzas de la Desigualdad\u201d cuenta las historias de trabajadores y trabajadoras y las diversas formas de trabajo precario de la actualidad, tiempo parcial, con escasos ingresos y ning\u00fan atisbo de seguridad social. Estos procesos ponen en vilo las posibilidades de desarrollar una\u2026<\/p>\n<\/div>\n\n<a style=\"border-width:0px; padding-top:0px;padding-bottom:0px;padding-left:12px;padding-right:12px;\" class=\"wp-elements-0e8c9d720a306bf7b92d8e43e95a4f28 wp-block-read-more has-text-color has-palette-color-1-color has-background has-palette-color-8-background-color\" href=\"https:\/\/aip.eita.coop.br\/es\/document\/la-fuerza-bruta-de-la-exclusion-capitulo-2-las-fuerzas-de-la-desigualdad\/\" target=\"_self\">MIRA<span class=\"screen-reader-text\">: La fuerza bruta de la exclusi\u00f3n &#8211; Cap\u00edtulo 2, Las fuerzas de la desigualdad<\/span><\/a><\/div>\n<\/div>\n\n<\/article><article class=\"wp-block-post is-layout-flow post-1914 document type-document status-publish has-post-thumbnail hentry document-type-videos\">\n\n<div class=\"wp-block-columns is-layout-flex wp-container-core-columns-is-layout-28f84493 wp-block-columns-is-layout-flex\">\n<div class=\"wp-block-column is-layout-flow wp-block-column-is-layout-flow\"><figure style=\"aspect-ratio:16\/9;\" class=\"wp-block-post-featured-image\"><a href=\"https:\/\/aip.eita.coop.br\/es\/document\/la-fuerza-primitiva-capitulo-1-las-fuerzas-de-la-desigualdad\/\" target=\"_self\"  ><img loading=\"lazy\" decoding=\"async\" width=\"1280\" height=\"720\" src=\"https:\/\/aip.eita.coop.br\/wp-content\/uploads\/2026\/03\/fuerza.jpg\" class=\"attachment-post-thumbnail size-post-thumbnail wp-post-image\" alt=\"La fuerza primitiva &#8211; Cap\u00edtulo 1, Las fuerzas de la desigualdad\" style=\"border-top-left-radius:12px;border-top-right-radius:12px;border-bottom-left-radius:12px;border-bottom-right-radius:12px;width:100%;height:100%;object-fit:cover;\" srcset=\"https:\/\/aip.eita.coop.br\/wp-content\/uploads\/2026\/03\/fuerza.jpg 1280w, https:\/\/aip.eita.coop.br\/wp-content\/uploads\/2026\/03\/fuerza-300x169.jpg 300w, https:\/\/aip.eita.coop.br\/wp-content\/uploads\/2026\/03\/fuerza-1024x576.jpg 1024w, https:\/\/aip.eita.coop.br\/wp-content\/uploads\/2026\/03\/fuerza-768x432.jpg 768w\" sizes=\"auto, (max-width: 1280px) 100vw, 1280px\" \/><\/a><\/figure><\/div>\n\n\n\n<div class=\"wp-block-column is-layout-flow wp-block-column-is-layout-flow\"><h3 style=\"font-style:normal;font-weight:600;line-height:1;letter-spacing:-0.42px;\" class=\"ct-dynamic-data wp-elements-a8e5b9e405a1773fc41bef669d7a10d7 wp-elements-802616553d737115a9683f4baa236324 has-text-color has-palette-color-1-color has-large-font-size\"><a href=\"https:\/\/aip.eita.coop.br\/es\/document\/la-fuerza-primitiva-capitulo-1-las-fuerzas-de-la-desigualdad\/\">La fuerza primitiva &#8211; Cap\u00edtulo 1, Las fuerzas de la desigualdad<\/a><\/h3>\n\n<div style=\"line-height:1.25;\" class=\"ct-dynamic-data wp-elements-80d0cea11bb5050feb009d95d352d9d5 wp-elements-65b0f6bf6892210b42994e70bf706be7 has-text-color has-palette-color-8-color has-p-huge-font-size\"><p>El primer cap\u00edtulo de la serie documental \u201cLas fuerzas de la desigualdad\u201d analiza c\u00f3mo el proyecto neoliberal implic\u00f3 un proceso de generaci\u00f3n de desigualdad en los ingresos, el desmantelamiento de las industrias manufactureras y la subcontrataci\u00f3n y tercerizaci\u00f3n de las actividades laborales. Esta serie es una producci\u00f3n de Comuna AV,\u2026<\/p>\n<\/div>\n\n<a style=\"border-width:0px; padding-top:0px;padding-bottom:0px;padding-left:12px;padding-right:12px;\" class=\"wp-elements-0e8c9d720a306bf7b92d8e43e95a4f28 wp-block-read-more has-text-color has-palette-color-1-color has-background has-palette-color-8-background-color\" href=\"https:\/\/aip.eita.coop.br\/es\/document\/la-fuerza-primitiva-capitulo-1-las-fuerzas-de-la-desigualdad\/\" target=\"_self\">MIRA<span class=\"screen-reader-text\">: La fuerza primitiva &#8211; Cap\u00edtulo 1, Las fuerzas de la desigualdad<\/span><\/a><\/div>\n<\/div>\n\n<\/article><article class=\"wp-block-post is-layout-flow post-1912 document type-document status-publish has-post-thumbnail hentry document-type-videos\">\n\n<div class=\"wp-block-columns is-layout-flex wp-container-core-columns-is-layout-28f84493 wp-block-columns-is-layout-flex\">\n<div class=\"wp-block-column is-layout-flow wp-block-column-is-layout-flow\"><figure style=\"aspect-ratio:16\/9;\" class=\"wp-block-post-featured-image\"><a href=\"https:\/\/aip.eita.coop.br\/es\/document\/comuna-o-nada-la-organizacion-popular-que-sostiene-la-revolucion-bolivariana\/\" target=\"_self\"  ><img loading=\"lazy\" decoding=\"async\" width=\"1280\" height=\"720\" src=\"https:\/\/aip.eita.coop.br\/wp-content\/uploads\/2026\/03\/comuna.jpg\" class=\"attachment-post-thumbnail size-post-thumbnail wp-post-image\" alt=\"&#8216;Comuna o nada&#8217;: la organizaci\u00f3n popular que sostiene la Revoluci\u00f3n Bolivariana\" style=\"border-top-left-radius:12px;border-top-right-radius:12px;border-bottom-left-radius:12px;border-bottom-right-radius:12px;width:100%;height:100%;object-fit:cover;\" srcset=\"https:\/\/aip.eita.coop.br\/wp-content\/uploads\/2026\/03\/comuna.jpg 1280w, https:\/\/aip.eita.coop.br\/wp-content\/uploads\/2026\/03\/comuna-300x169.jpg 300w, https:\/\/aip.eita.coop.br\/wp-content\/uploads\/2026\/03\/comuna-1024x576.jpg 1024w, https:\/\/aip.eita.coop.br\/wp-content\/uploads\/2026\/03\/comuna-768x432.jpg 768w\" sizes=\"auto, (max-width: 1280px) 100vw, 1280px\" \/><\/a><\/figure><\/div>\n\n\n\n<div class=\"wp-block-column is-layout-flow wp-block-column-is-layout-flow\"><h3 style=\"font-style:normal;font-weight:600;line-height:1;letter-spacing:-0.42px;\" class=\"ct-dynamic-data wp-elements-a8e5b9e405a1773fc41bef669d7a10d7 wp-elements-802616553d737115a9683f4baa236324 has-text-color has-palette-color-1-color has-large-font-size\"><a href=\"https:\/\/aip.eita.coop.br\/es\/document\/comuna-o-nada-la-organizacion-popular-que-sostiene-la-revolucion-bolivariana\/\">&#8216;Comuna o nada&#8217;: la organizaci\u00f3n popular que sostiene la Revoluci\u00f3n Bolivariana<\/a><\/h3>\n\n<div style=\"line-height:1.25;\" class=\"ct-dynamic-data wp-elements-80d0cea11bb5050feb009d95d352d9d5 wp-elements-65b0f6bf6892210b42994e70bf706be7 has-text-color has-palette-color-8-color has-p-huge-font-size\"><p>\u00abComuna o nada\u00bb, dec\u00eda el expresidente venezolano Hugo Ch\u00e1vez. Para \u00e9l, ese era el camino hacia la Revoluci\u00f3n Bolivariana. La idea de las comunas es ser una nueva forma de organizaci\u00f3n social basada en la autogesti\u00f3n y el di\u00e1logo permanente con el Estado, recibiendo prioridad en la transferencia de recursos.\u2026<\/p>\n<\/div>\n\n<a style=\"border-width:0px; padding-top:0px;padding-bottom:0px;padding-left:12px;padding-right:12px;\" class=\"wp-elements-0e8c9d720a306bf7b92d8e43e95a4f28 wp-block-read-more has-text-color has-palette-color-1-color has-background has-palette-color-8-background-color\" href=\"https:\/\/aip.eita.coop.br\/es\/document\/comuna-o-nada-la-organizacion-popular-que-sostiene-la-revolucion-bolivariana\/\" target=\"_self\">MIRA<span class=\"screen-reader-text\">: &#8216;Comuna o nada&#8217;: la organizaci\u00f3n popular que sostiene la Revoluci\u00f3n Bolivariana<\/span><\/a><\/div>\n<\/div>\n\n<\/article><article class=\"wp-block-post is-layout-flow post-1909 document type-document status-publish has-post-thumbnail hentry document-type-videos\">\n\n<div class=\"wp-block-columns is-layout-flex wp-container-core-columns-is-layout-28f84493 wp-block-columns-is-layout-flex\">\n<div class=\"wp-block-column is-layout-flow wp-block-column-is-layout-flow\"><figure style=\"aspect-ratio:16\/9;\" class=\"wp-block-post-featured-image\"><a href=\"https:\/\/aip.eita.coop.br\/es\/document\/sahel-patria-o-muerte\/\" target=\"_self\"  ><img loading=\"lazy\" decoding=\"async\" width=\"1280\" height=\"720\" src=\"https:\/\/aip.eita.coop.br\/wp-content\/uploads\/2026\/01\/sahel.jpg\" class=\"attachment-post-thumbnail size-post-thumbnail wp-post-image\" alt=\"Sahel: P\u00e1tria o Muerte\" style=\"border-top-left-radius:12px;border-top-right-radius:12px;border-bottom-left-radius:12px;border-bottom-right-radius:12px;width:100%;height:100%;object-fit:cover;\" srcset=\"https:\/\/aip.eita.coop.br\/wp-content\/uploads\/2026\/01\/sahel.jpg 1280w, https:\/\/aip.eita.coop.br\/wp-content\/uploads\/2026\/01\/sahel-300x169.jpg 300w, https:\/\/aip.eita.coop.br\/wp-content\/uploads\/2026\/01\/sahel-1024x576.jpg 1024w, https:\/\/aip.eita.coop.br\/wp-content\/uploads\/2026\/01\/sahel-768x432.jpg 768w\" sizes=\"auto, (max-width: 1280px) 100vw, 1280px\" \/><\/a><\/figure><\/div>\n\n\n\n<div class=\"wp-block-column is-layout-flow wp-block-column-is-layout-flow\"><h3 style=\"font-style:normal;font-weight:600;line-height:1;letter-spacing:-0.42px;\" class=\"ct-dynamic-data wp-elements-a8e5b9e405a1773fc41bef669d7a10d7 wp-elements-802616553d737115a9683f4baa236324 has-text-color has-palette-color-1-color has-large-font-size\"><a href=\"https:\/\/aip.eita.coop.br\/es\/document\/sahel-patria-o-muerte\/\">Sahel: P\u00e1tria o Muerte<\/a><\/h3>\n\n<div style=\"line-height:1.25;\" class=\"ct-dynamic-data wp-elements-80d0cea11bb5050feb009d95d352d9d5 wp-elements-65b0f6bf6892210b42994e70bf706be7 has-text-color has-palette-color-8-color has-p-huge-font-size\"><p>Durante d\u00e9cadas, los pa\u00edses de la regi\u00f3n africana del Sahel han sido objeto del colonialismo y la explotaci\u00f3n por parte de Francia y otras potencias occidentales. \u201cSahel: Patria o Muerte\u201d aborda la resistencia popular y los nuevos caminos de desarrollo que est\u00e1n construyendo Burkina Faso, N\u00edger y Mali tras una\u2026<\/p>\n<\/div>\n\n<a style=\"border-width:0px; padding-top:0px;padding-bottom:0px;padding-left:12px;padding-right:12px;\" class=\"wp-elements-0e8c9d720a306bf7b92d8e43e95a4f28 wp-block-read-more has-text-color has-palette-color-1-color has-background has-palette-color-8-background-color\" href=\"https:\/\/aip.eita.coop.br\/es\/document\/sahel-patria-o-muerte\/\" target=\"_self\">MIRA<span class=\"screen-reader-text\">: Sahel: P\u00e1tria o Muerte<\/span><\/a><\/div>\n<\/div>\n\n<\/article><article class=\"wp-block-post is-layout-flow post-499 document type-document status-publish has-post-thumbnail hentry document-type-videos\">\n\n<div class=\"wp-block-columns is-layout-flex wp-container-core-columns-is-layout-28f84493 wp-block-columns-is-layout-flex\">\n<div class=\"wp-block-column is-layout-flow wp-block-column-is-layout-flow\"><figure style=\"aspect-ratio:16\/9;\" class=\"wp-block-post-featured-image\"><a href=\"https:\/\/aip.eita.coop.br\/es\/document\/chinese-machines-peasant-lands-technology-to-feed-brazil\/\" target=\"_self\"  ><img loading=\"lazy\" decoding=\"async\" width=\"1280\" height=\"720\" src=\"https:\/\/aip.eita.coop.br\/wp-content\/uploads\/2026\/01\/maquinas.jpg\" class=\"attachment-post-thumbnail size-post-thumbnail wp-post-image\" alt=\"Chinese Machines, Peasant Lands: Technology to Feed Brazil\" style=\"border-top-left-radius:12px;border-top-right-radius:12px;border-bottom-left-radius:12px;border-bottom-right-radius:12px;width:100%;height:100%;object-fit:cover;\" srcset=\"https:\/\/aip.eita.coop.br\/wp-content\/uploads\/2026\/01\/maquinas.jpg 1280w, https:\/\/aip.eita.coop.br\/wp-content\/uploads\/2026\/01\/maquinas-300x169.jpg 300w, https:\/\/aip.eita.coop.br\/wp-content\/uploads\/2026\/01\/maquinas-1024x576.jpg 1024w, https:\/\/aip.eita.coop.br\/wp-content\/uploads\/2026\/01\/maquinas-768x432.jpg 768w\" sizes=\"auto, (max-width: 1280px) 100vw, 1280px\" \/><\/a><\/figure><\/div>\n\n\n\n<div class=\"wp-block-column is-layout-flow wp-block-column-is-layout-flow\"><h3 style=\"font-style:normal;font-weight:600;line-height:1;letter-spacing:-0.42px;\" class=\"ct-dynamic-data wp-elements-a8e5b9e405a1773fc41bef669d7a10d7 wp-elements-802616553d737115a9683f4baa236324 has-text-color has-palette-color-1-color has-large-font-size\"><a href=\"https:\/\/aip.eita.coop.br\/es\/document\/chinese-machines-peasant-lands-technology-to-feed-brazil\/\">Chinese Machines, Peasant Lands: Technology to Feed Brazil<\/a><\/h3>\n\n<div style=\"line-height:1.25;\" class=\"ct-dynamic-data wp-elements-80d0cea11bb5050feb009d95d352d9d5 wp-elements-65b0f6bf6892210b42994e70bf706be7 has-text-color has-palette-color-8-color has-p-huge-font-size\"><p>This documentary follows the technical cooperation between Brazil and China to democratize the mechanization of peasant family farming in Brazil\u2019s Northeast. The film reveals the challenges faced by Brazilian small-scale farmers and the expectations surrounding new agricultural technologies, which today are largely concentrated in agribusiness. By listening to the voices\u2026<\/p>\n<\/div>\n\n<a style=\"border-width:0px; padding-top:0px;padding-bottom:0px;padding-left:12px;padding-right:12px;\" class=\"wp-elements-0e8c9d720a306bf7b92d8e43e95a4f28 wp-block-read-more has-text-color has-palette-color-1-color has-background has-palette-color-8-background-color\" href=\"https:\/\/aip.eita.coop.br\/es\/document\/chinese-machines-peasant-lands-technology-to-feed-brazil\/\" target=\"_self\">MIRA<span class=\"screen-reader-text\">: Chinese Machines, Peasant Lands: Technology to Feed Brazil<\/span><\/a><\/div>\n<\/div>\n\n<\/article><\/div><\/div>\n<\/div>\n","protected":false},"excerpt":{"rendered":"<p>Seminarios y videos<\/p>\n","protected":false},"author":1,"featured_media":0,"parent":0,"menu_order":0,"comment_status":"closed","ping_status":"closed","template":"","meta":{"_acf_changed":false,"footnotes":""},"class_list":["post-1375","page","type-page","status-publish","hentry"],"blocksy_meta":{"has_hero_section":"disabled","vertical_spacing_source":"custom","content_area_spacing":"none","styles_descriptor":{"styles":{"desktop":"","tablet":"","mobile":""},"google_fonts":[],"version":6}},"acf":[],"_links":{"self":[{"href":"https:\/\/aip.eita.coop.br\/es\/wp-json\/wp\/v2\/pages\/1375","targetHints":{"allow":["GET"]}}],"collection":[{"href":"https:\/\/aip.eita.coop.br\/es\/wp-json\/wp\/v2\/pages"}],"about":[{"href":"https:\/\/aip.eita.coop.br\/es\/wp-json\/wp\/v2\/types\/page"}],"author":[{"embeddable":true,"href":"https:\/\/aip.eita.coop.br\/es\/wp-json\/wp\/v2\/users\/1"}],"replies":[{"embeddable":true,"href":"https:\/\/aip.eita.coop.br\/es\/wp-json\/wp\/v2\/comments?post=1375"}],"version-history":[{"count":2,"href":"https:\/\/aip.eita.coop.br\/es\/wp-json\/wp\/v2\/pages\/1375\/revisions"}],"predecessor-version":[{"id":1934,"href":"https:\/\/aip.eita.coop.br\/es\/wp-json\/wp\/v2\/pages\/1375\/revisions\/1934"}],"wp:attachment":[{"href":"https:\/\/aip.eita.coop.br\/es\/wp-json\/wp\/v2\/media?parent=1375"}],"curies":[{"name":"wp","href":"https:\/\/api.w.org\/{rel}","templated":true}]}}