{"id":1328,"date":"2026-03-07T17:30:40","date_gmt":"2026-03-07T17:30:40","guid":{"rendered":"https:\/\/aip.eita.coop.br\/arte-grafico\/"},"modified":"2026-03-10T03:49:11","modified_gmt":"2026-03-10T03:49:11","slug":"arte-grafico","status":"publish","type":"page","link":"https:\/\/aip.eita.coop.br\/es\/arte-grafico\/","title":{"rendered":"Arte Gr\u00e1fico"},"content":{"rendered":"\n<div class=\"wp-block-group alignfull is-layout-constrained wp-container-core-group-is-layout-f4bd7c95 wp-block-group-is-layout-constrained\" style=\"padding-top:var(--wp--preset--spacing--70);padding-right:0;padding-bottom:var(--wp--preset--spacing--70);padding-left:0\">\n<h1 class=\"wp-block-heading has-palette-color-2-color has-text-color has-link-color has-aip-font-size wp-elements-2d5573ba40bce5b704db604bfd9ae25f\" style=\"font-style:normal;font-weight:1000;line-height:1;text-transform:uppercase\">ARTE GR\u00c1FICO<\/h1>\n\n\n\n<div data-id=\"e769375f\" class=\"wp-block-blocksy-query artworks-grid\"><div class=\"ct-query-template-grid\"><article class=\"wp-block-post is-layout-flow post-1806 document type-document status-publish has-post-thumbnail hentry tag-antiimperialismo document-type-artwork\">\n<div data-block=\"hook:155\" class=\"alignfull\"><article id=\"post-155\" class=\"post-155\"><div class=\"entry-content is-layout-constrained\"><div class='statement-fixed'><img loading=\"lazy\" decoding=\"async\" width=\"1920\" height=\"1080\" src=\"https:\/\/aip.eita.coop.br\/wp-content\/uploads\/2026\/03\/Palestine-Posters-Compilation.webp\" class=\"attachment-post-thumbnail size-post-thumbnail wp-post-image\" alt=\"Palestine Posters\" srcset=\"https:\/\/aip.eita.coop.br\/wp-content\/uploads\/2026\/03\/Palestine-Posters-Compilation.webp 1920w, https:\/\/aip.eita.coop.br\/wp-content\/uploads\/2026\/03\/Palestine-Posters-Compilation-300x169.webp 300w, https:\/\/aip.eita.coop.br\/wp-content\/uploads\/2026\/03\/Palestine-Posters-Compilation-1024x576.webp 1024w, https:\/\/aip.eita.coop.br\/wp-content\/uploads\/2026\/03\/Palestine-Posters-Compilation-768x432.webp 768w, https:\/\/aip.eita.coop.br\/wp-content\/uploads\/2026\/03\/Palestine-Posters-Compilation-1536x864.webp 1536w\" sizes=\"auto, (max-width: 1920px) 100vw, 1920px\" \/><div class='holder'><a href='https:\/\/aip.eita.coop.br\/es\/document\/arte-en-solidaridad-con-la-lucha-palestina\/'><h3>Arte en Solidaridad con la Lucha Palestina<\/h3><\/a><p>La lucha palestina se ha enfrentado a atrocidades a un nivel imposible de expresar en unas pocas cifras o palabras, pero el movimiento de resistencia no s\u00f3lo ha seguido creciendo, sino que tambi\u00e9n ha generado una tradici\u00f3n de arte, literatura y cultura que inspira y alimenta a los pueblos en lucha contra el imperialismo en [&hellip;]<\/p><div class='wp-block-button is-style-outline'><a href='https:\/\/aip.eita.coop.br\/es\/document\/arte-en-solidaridad-con-la-lucha-palestina\/' class='wp-block-button__link has-palette-color-2-color has-palette-color-8-background-color has-text-color has-background has-link-color has-border-color has-normal-font-size has-custom-font-size wp-element-button' style='border-color:var(--theme-palette-color-8, #ffffff);border-top-left-radius:8px;border-top-right-radius:8px;border-bottom-left-radius:8px;border-bottom-right-radius:8px;padding-top:var(--wp--preset--spacing--10);padding-right:var(--wp--preset--spacing--50);padding-bottom:var(--wp--preset--spacing--10);padding-left:var(--wp--preset--spacing--50);font-style:normal;font-weight:700'>LEER M\u00c1S<\/a><\/div><\/div><\/div><\/div><\/article><\/div>\n<\/article><article class=\"wp-block-post is-layout-flow post-1888 document type-document status-publish has-post-thumbnail hentry document-type-artwork\">\n<div data-block=\"hook:155\" class=\"alignfull\"><article id=\"post-155\" class=\"post-155\"><div class=\"entry-content is-layout-constrained\"><div class='statement-fixed'><img loading=\"lazy\" decoding=\"async\" width=\"921\" height=\"450\" src=\"https:\/\/aip.eita.coop.br\/wp-content\/uploads\/2026\/03\/site-galeria-palestina.png.webp\" class=\"attachment-post-thumbnail size-post-thumbnail wp-post-image\" alt=\"March 8 posters\" srcset=\"https:\/\/aip.eita.coop.br\/wp-content\/uploads\/2026\/03\/site-galeria-palestina.png.webp 921w, https:\/\/aip.eita.coop.br\/wp-content\/uploads\/2026\/03\/site-galeria-palestina.png-300x147.webp 300w, https:\/\/aip.eita.coop.br\/wp-content\/uploads\/2026\/03\/site-galeria-palestina.png-768x375.webp 768w\" sizes=\"auto, (max-width: 921px) 100vw, 921px\" \/><div class='holder'><a href='https:\/\/aip.eita.coop.br\/es\/document\/8-de-marzo-en-defensa-de-la-vida-y-del-territorio-de-las-mujeres-palestinas\/'><h3>8 de marzo: en defensa de la vida y del territorio de las mujeres palestinas<\/h3><\/a><p>En este 8 de marzo, D\u00eda Internacional de la Lucha de las Mujeres, nos solidarizamos y nos unimos en lucha con las mujeres palestinas en defensa de la vida y del territorio del pueblo palestino, y para poner fin al genocidio en curso en Gaza. El significado internacionalista del 8 de marzo se demuestra por [&hellip;]<\/p><div class='wp-block-button is-style-outline'><a href='https:\/\/aip.eita.coop.br\/es\/document\/8-de-marzo-en-defensa-de-la-vida-y-del-territorio-de-las-mujeres-palestinas\/' class='wp-block-button__link has-palette-color-2-color has-palette-color-8-background-color has-text-color has-background has-link-color has-border-color has-normal-font-size has-custom-font-size wp-element-button' style='border-color:var(--theme-palette-color-8, #ffffff);border-top-left-radius:8px;border-top-right-radius:8px;border-bottom-left-radius:8px;border-bottom-right-radius:8px;padding-top:var(--wp--preset--spacing--10);padding-right:var(--wp--preset--spacing--50);padding-bottom:var(--wp--preset--spacing--10);padding-left:var(--wp--preset--spacing--50);font-style:normal;font-weight:700'>LEER M\u00c1S<\/a><\/div><\/div><\/div><\/div><\/article><\/div>\n<\/article><article class=\"wp-block-post is-layout-flow post-1906 document type-document status-publish has-post-thumbnail hentry document-type-artwork\">\n<div data-block=\"hook:155\" class=\"alignfull\"><article id=\"post-155\" class=\"post-155\"><div class=\"entry-content is-layout-constrained\"><div class='statement-fixed'><img loading=\"lazy\" decoding=\"async\" width=\"793\" height=\"486\" src=\"https:\/\/aip.eita.coop.br\/wp-content\/uploads\/2026\/03\/ES_MST_Art-1.png\" class=\"attachment-post-thumbnail size-post-thumbnail wp-post-image\" alt=\"40 years of the MST\" srcset=\"https:\/\/aip.eita.coop.br\/wp-content\/uploads\/2026\/03\/ES_MST_Art-1.png 793w, https:\/\/aip.eita.coop.br\/wp-content\/uploads\/2026\/03\/ES_MST_Art-1-300x184.png 300w, https:\/\/aip.eita.coop.br\/wp-content\/uploads\/2026\/03\/ES_MST_Art-1-768x471.png 768w\" sizes=\"auto, (max-width: 793px) 100vw, 793px\" \/><div class='holder'><a href='https:\/\/aip.eita.coop.br\/es\/document\/mst-40-anos-convocatoria-para-artistas\/'><h3>MST 40 a\u00f1os: Convocatoria para artistas<\/h3><\/a><p>Hace casi 40 a\u00f1os, en 1984, un grupo de trabajadoras y trabajadores rurales que lideraban la lucha por la tierra en Brasil realizaron un 1\u00b0 Encuentro Nacional en la ciudad de Cascavel, en Paran\u00e1. All\u00ed decidieron fundar un movimiento campesino y popular que se volver\u00eda muy conocido no solo por los brasile\u00f1os, sino tambi\u00e9n mundialmente: [&hellip;]<\/p><div class='wp-block-button is-style-outline'><a href='https:\/\/aip.eita.coop.br\/es\/document\/mst-40-anos-convocatoria-para-artistas\/' class='wp-block-button__link has-palette-color-2-color has-palette-color-8-background-color has-text-color has-background has-link-color has-border-color has-normal-font-size has-custom-font-size wp-element-button' style='border-color:var(--theme-palette-color-8, #ffffff);border-top-left-radius:8px;border-top-right-radius:8px;border-bottom-left-radius:8px;border-bottom-right-radius:8px;padding-top:var(--wp--preset--spacing--10);padding-right:var(--wp--preset--spacing--50);padding-bottom:var(--wp--preset--spacing--10);padding-left:var(--wp--preset--spacing--50);font-style:normal;font-weight:700'>LEER M\u00c1S<\/a><\/div><\/div><\/div><\/div><\/article><\/div>\n<\/article><article class=\"wp-block-post is-layout-flow post-1769 document type-document status-publish has-post-thumbnail hentry tag-antiimperialismo document-type-artwork\">\n<div data-block=\"hook:155\" class=\"alignfull\"><article id=\"post-155\" class=\"post-155\"><div class=\"entry-content is-layout-constrained\"><div class='statement-fixed'><img loading=\"lazy\" decoding=\"async\" width=\"2560\" height=\"1074\" src=\"https:\/\/aip.eita.coop.br\/wp-content\/uploads\/2026\/01\/2ce06227b86ab5b9f965db449a4043b3579c0a5c-scaled.webp\" class=\"attachment-post-thumbnail size-post-thumbnail wp-post-image\" alt=\"\" srcset=\"https:\/\/aip.eita.coop.br\/wp-content\/uploads\/2026\/01\/2ce06227b86ab5b9f965db449a4043b3579c0a5c-scaled.webp 2560w, https:\/\/aip.eita.coop.br\/wp-content\/uploads\/2026\/01\/2ce06227b86ab5b9f965db449a4043b3579c0a5c-300x126.webp 300w, https:\/\/aip.eita.coop.br\/wp-content\/uploads\/2026\/01\/2ce06227b86ab5b9f965db449a4043b3579c0a5c-1024x430.webp 1024w, https:\/\/aip.eita.coop.br\/wp-content\/uploads\/2026\/01\/2ce06227b86ab5b9f965db449a4043b3579c0a5c-768x322.webp 768w, https:\/\/aip.eita.coop.br\/wp-content\/uploads\/2026\/01\/2ce06227b86ab5b9f965db449a4043b3579c0a5c-1536x644.webp 1536w, https:\/\/aip.eita.coop.br\/wp-content\/uploads\/2026\/01\/2ce06227b86ab5b9f965db449a4043b3579c0a5c-2048x859.webp 2048w\" sizes=\"auto, (max-width: 2560px) 100vw, 2560px\" \/><div class='holder'><a href='https:\/\/aip.eita.coop.br\/es\/document\/convocatoria-de-obras-de-arte-en-solidaridad-con-la-lucha-palestina\/'><h3>Convocatoria de obras de arte en solidaridad con la lucha palestina<\/h3><\/a><p>La Asamblea Internacional de los Pueblos hace un llamamiento urgente a artistas de todo el mundo para que realicen obras que expresen nuestra solidaridad internacional con la fuerza, la firmeza y la resistencia de la lucha palestina por la liberaci\u00f3n de su tierra, el retorno de todos los desplazados y la construcci\u00f3n de su Estado [&hellip;]<\/p><div class='wp-block-button is-style-outline'><a href='https:\/\/aip.eita.coop.br\/es\/document\/convocatoria-de-obras-de-arte-en-solidaridad-con-la-lucha-palestina\/' class='wp-block-button__link has-palette-color-2-color has-palette-color-8-background-color has-text-color has-background has-link-color has-border-color has-normal-font-size has-custom-font-size wp-element-button' style='border-color:var(--theme-palette-color-8, #ffffff);border-top-left-radius:8px;border-top-right-radius:8px;border-bottom-left-radius:8px;border-bottom-right-radius:8px;padding-top:var(--wp--preset--spacing--10);padding-right:var(--wp--preset--spacing--50);padding-bottom:var(--wp--preset--spacing--10);padding-left:var(--wp--preset--spacing--50);font-style:normal;font-weight:700'>LEER M\u00c1S<\/a><\/div><\/div><\/div><\/div><\/article><\/div>\n<\/article><\/div><style>[data-id='e769375f'] {--grid-columns-width:2;}@media (max-width: 999.98px) {[data-id='e769375f'] {--grid-columns-width:1;}}@media (max-width: 689.98px) {[data-id='e769375f'] {--grid-columns-width:1;}}<\/style><\/div>\n<\/div>\n","protected":false},"excerpt":{"rendered":"<p>ARTE GR\u00c1FICO<\/p>\n","protected":false},"author":1,"featured_media":0,"parent":0,"menu_order":0,"comment_status":"closed","ping_status":"closed","template":"","meta":{"_acf_changed":false,"footnotes":""},"class_list":["post-1328","page","type-page","status-publish","hentry"],"blocksy_meta":{"has_hero_section":"disabled","vertical_spacing_source":"custom","content_area_spacing":"none","styles_descriptor":{"styles":{"desktop":"","tablet":"","mobile":""},"google_fonts":[],"version":6}},"acf":[],"_links":{"self":[{"href":"https:\/\/aip.eita.coop.br\/es\/wp-json\/wp\/v2\/pages\/1328","targetHints":{"allow":["GET"]}}],"collection":[{"href":"https:\/\/aip.eita.coop.br\/es\/wp-json\/wp\/v2\/pages"}],"about":[{"href":"https:\/\/aip.eita.coop.br\/es\/wp-json\/wp\/v2\/types\/page"}],"author":[{"embeddable":true,"href":"https:\/\/aip.eita.coop.br\/es\/wp-json\/wp\/v2\/users\/1"}],"replies":[{"embeddable":true,"href":"https:\/\/aip.eita.coop.br\/es\/wp-json\/wp\/v2\/comments?post=1328"}],"version-history":[{"count":2,"href":"https:\/\/aip.eita.coop.br\/es\/wp-json\/wp\/v2\/pages\/1328\/revisions"}],"predecessor-version":[{"id":1928,"href":"https:\/\/aip.eita.coop.br\/es\/wp-json\/wp\/v2\/pages\/1328\/revisions\/1928"}],"wp:attachment":[{"href":"https:\/\/aip.eita.coop.br\/es\/wp-json\/wp\/v2\/media?parent=1328"}],"curies":[{"name":"wp","href":"https:\/\/api.w.org\/{rel}","templated":true}]}}