{"id":1184,"date":"2026-01-28T04:53:21","date_gmt":"2026-01-28T04:53:21","guid":{"rendered":"https:\/\/aip.eita.coop.br\/declaraciones\/"},"modified":"2026-03-13T02:28:10","modified_gmt":"2026-03-13T02:28:10","slug":"declaraciones","status":"publish","type":"page","link":"https:\/\/aip.eita.coop.br\/es\/declaraciones\/","title":{"rendered":"Declaraciones"},"content":{"rendered":"\n<div class=\"wp-block-group alignfull has-palette-color-2-background-color has-background is-layout-constrained wp-block-group-is-layout-constrained\" style=\"margin-top:0px;margin-bottom:0px;background-image:url(&apos;https:\/\/aip.eita.coop.br\/wp-content\/uploads\/2026\/03\/Header-banners_IPA-id.webp&apos;);background-position:100% 50%;background-size:cover;\">\n<div class=\"wp-block-group is-vertical is-layout-flex wp-container-core-group-is-layout-d6b9ab57 wp-block-group-is-layout-flex\" style=\"min-height:65vh\">\n<h2 class=\"wp-block-heading has-palette-color-8-color has-text-color has-link-color has-aip-font-size wp-elements-e240b9273bb192bc7c95538ffb58eab8\" style=\"font-style:normal;font-weight:1000;line-height:1\">DECLARACIONES<\/h2>\n<\/div>\n<\/div>\n\n<div class=\"wp-block-group alignfull is-layout-constrained wp-block-group-is-layout-constrained\" style=\"margin-top:0px;margin-bottom:0px;padding-top:var(--wp--preset--spacing--70);padding-bottom:var(--wp--preset--spacing--70)\">\n<h2 class=\"wp-block-heading has-palette-color-1-color has-text-color has-link-color has-aip-font-size wp-elements-2645d04406b9b114234e7be98e9dc70f\" style=\"font-style:normal;font-weight:1000;line-height:1\">DECLARACIONES OFICIALES<\/h2>\n\n\n\n<div data-id=\"f4b7502e\" class=\"wp-block-blocksy-query\"><style>[data-id='f4b7502e'] [data-flexy*=\"no\"] .flexy-item:nth-child(n + 2) {height:1px;}<\/style><\/div>\n\n\n\n<div data-id=\"fffb5236\" class=\"wp-block-blocksy-query home-statements\"><div class=\"ct-query-template-grid\"><article class=\"wp-block-post is-layout-flow post-7330 statement type-statement status-publish hentry tag-antiimperialismo tag-poder-politico statement-type-official-statement\">\n\n\n<h3 style=\"margin-top:8px;margin-bottom:8px;\" class=\"ct-dynamic-data wp-elements-a74bdf7dad29701efbf7a4edd43b9d7b\"><a href=\"https:\/\/aip.eita.coop.br\/es\/statement\/por-una-siria-pacifica-soberana-y-democratica\/\">Por una Siria pac\u00edfica, soberana y democr\u00e1tica<\/a><\/h3>\n<\/article><article class=\"wp-block-post is-layout-flow post-7350 statement type-statement status-publish has-post-thumbnail hentry tag-antiimperialismo statement-type-official-statement\">\n<figure style=\"margin-top:0px;margin-bottom:0px;\" class=\"wp-block-post-featured-image\"><a href=\"https:\/\/aip.eita.coop.br\/es\/statement\/palestina-declaracion-de-la-aip-sobre-el-acuerdo-de-alto-al-fuego\/\" target=\"_self\"  ><img loading=\"lazy\" decoding=\"async\" width=\"1600\" height=\"900\" src=\"https:\/\/aip.eita.coop.br\/wp-content\/uploads\/2026\/03\/2022-06-17_foto-brigada-1.jpg\" class=\"attachment-post-thumbnail size-post-thumbnail wp-post-image\" alt=\"Palestina: Declaraci\u00f3n de la AIP sobre el Acuerdo de alto al fuego\" style=\"object-fit:cover;\" srcset=\"https:\/\/aip.eita.coop.br\/wp-content\/uploads\/2026\/03\/2022-06-17_foto-brigada-1.jpg 1600w, https:\/\/aip.eita.coop.br\/wp-content\/uploads\/2026\/03\/2022-06-17_foto-brigada-1-300x169.jpg 300w, https:\/\/aip.eita.coop.br\/wp-content\/uploads\/2026\/03\/2022-06-17_foto-brigada-1-1024x576.jpg 1024w, https:\/\/aip.eita.coop.br\/wp-content\/uploads\/2026\/03\/2022-06-17_foto-brigada-1-768x432.jpg 768w, https:\/\/aip.eita.coop.br\/wp-content\/uploads\/2026\/03\/2022-06-17_foto-brigada-1-1536x864.jpg 1536w\" sizes=\"auto, (max-width: 1600px) 100vw, 1600px\" \/><\/a><\/figure>\n\n<h3 style=\"margin-top:8px;margin-bottom:8px;\" class=\"ct-dynamic-data wp-elements-a74bdf7dad29701efbf7a4edd43b9d7b\"><a href=\"https:\/\/aip.eita.coop.br\/es\/statement\/palestina-declaracion-de-la-aip-sobre-el-acuerdo-de-alto-al-fuego\/\">Palestina: Declaraci\u00f3n de la AIP sobre el Acuerdo de alto al fuego<\/a><\/h3>\n<\/article><article class=\"wp-block-post is-layout-flow post-7356 statement type-statement status-publish has-post-thumbnail hentry tag-anticapitalismo tag-educacion statement-type-official-statement\">\n<figure style=\"margin-top:0px;margin-bottom:0px;\" class=\"wp-block-post-featured-image\"><a href=\"https:\/\/aip.eita.coop.br\/es\/statement\/llamado-urgente-a-la-solidaridad\/\" target=\"_self\"  ><img loading=\"lazy\" decoding=\"async\" width=\"1280\" height=\"720\" src=\"https:\/\/aip.eita.coop.br\/wp-content\/uploads\/2026\/03\/1.jpg\" class=\"attachment-post-thumbnail size-post-thumbnail wp-post-image\" alt=\"LLAMADO URGENTE A LA SOLIDARIDAD\" style=\"object-fit:cover;\" srcset=\"https:\/\/aip.eita.coop.br\/wp-content\/uploads\/2026\/03\/1.jpg 1280w, https:\/\/aip.eita.coop.br\/wp-content\/uploads\/2026\/03\/1-300x169.jpg 300w, https:\/\/aip.eita.coop.br\/wp-content\/uploads\/2026\/03\/1-1024x576.jpg 1024w, https:\/\/aip.eita.coop.br\/wp-content\/uploads\/2026\/03\/1-768x432.jpg 768w\" sizes=\"auto, (max-width: 1280px) 100vw, 1280px\" \/><\/a><\/figure>\n\n<h3 style=\"margin-top:8px;margin-bottom:8px;\" class=\"ct-dynamic-data wp-elements-a74bdf7dad29701efbf7a4edd43b9d7b\"><a href=\"https:\/\/aip.eita.coop.br\/es\/statement\/llamado-urgente-a-la-solidaridad\/\">LLAMADO URGENTE A LA SOLIDARIDAD<\/a><\/h3>\n<\/article><\/div><style>[data-id='fffb5236'] {--grid-columns-width:3;}@media (max-width: 999.98px) {[data-id='fffb5236'] {--grid-columns-width:2;}}@media (max-width: 689.98px) {[data-id='fffb5236'] {--grid-columns-width:1;}}<\/style><\/div>\n\n\n\n<div class=\"wp-block-buttons is-content-justification-center is-layout-flex wp-container-core-buttons-is-layout-a89b3969 wp-block-buttons-is-layout-flex\">\n<div class=\"wp-block-button arrow-button\"><a class=\"wp-block-button__link has-small-font-size has-custom-font-size wp-element-button\" href=\"https:\/\/aip.eita.coop.br\/statement-type\/official-statement\/\" style=\"border-top-left-radius:8px;border-top-right-radius:8px;border-bottom-left-radius:8px;border-bottom-right-radius:8px\">VER TODO<\/a><\/div>\n<\/div>\n<\/div>\n\n<div class=\"wp-block-group alignfull is-layout-constrained wp-block-group-is-layout-constrained\" style=\"margin-top:0px;margin-bottom:0px;padding-top:var(--wp--preset--spacing--70);padding-bottom:var(--wp--preset--spacing--70)\">\n<h2 class=\"wp-block-heading has-palette-color-1-color has-text-color has-link-color has-aip-font-size wp-elements-dfbcf8d44507f83171c098994a2d7de3\" style=\"font-style:normal;font-weight:1000;line-height:1\">DECLARACIONES DE LOS MIEMBROS<\/h2>\n\n\n\n<div data-id=\"40a7081a\" class=\"wp-block-blocksy-query\"><style>[data-id='40a7081a'] [data-flexy*=\"no\"] .flexy-item:nth-child(n + 2) {height:1px;}<\/style><\/div>\n\n\n\n<div data-id=\"f8c03ac0\" class=\"wp-block-blocksy-query home-statements\"><div class=\"ct-query-template-grid\"><article class=\"wp-block-post is-layout-flow post-7336 statement type-statement status-publish has-post-thumbnail hentry tag-antiimperialismo statement-type-member-statement\">\n<figure style=\"margin-top:0px;margin-bottom:0px;\" class=\"wp-block-post-featured-image\"><a href=\"https:\/\/aip.eita.coop.br\/es\/statement\/80-anos-desde-el-v-congreso-panafricano-de-1945-forjando-el-camino-panafricano-hacia-el-futuro\/\" target=\"_self\"  ><img loading=\"lazy\" decoding=\"async\" width=\"1708\" height=\"1080\" src=\"https:\/\/aip.eita.coop.br\/wp-content\/uploads\/2026\/02\/Screenshot-2025-10-15-at-10.38.33.webp\" class=\"attachment-post-thumbnail size-post-thumbnail wp-post-image\" alt=\"80 a\u00f1os desde el V Congreso Panafricano de 1945, forjando el camino panafricano hacia el futuro\" style=\"object-fit:cover;\" srcset=\"https:\/\/aip.eita.coop.br\/wp-content\/uploads\/2026\/02\/Screenshot-2025-10-15-at-10.38.33.webp 1708w, https:\/\/aip.eita.coop.br\/wp-content\/uploads\/2026\/02\/Screenshot-2025-10-15-at-10.38.33-300x190.webp 300w, https:\/\/aip.eita.coop.br\/wp-content\/uploads\/2026\/02\/Screenshot-2025-10-15-at-10.38.33-1024x647.webp 1024w, https:\/\/aip.eita.coop.br\/wp-content\/uploads\/2026\/02\/Screenshot-2025-10-15-at-10.38.33-768x486.webp 768w, https:\/\/aip.eita.coop.br\/wp-content\/uploads\/2026\/02\/Screenshot-2025-10-15-at-10.38.33-1536x971.webp 1536w\" sizes=\"auto, (max-width: 1708px) 100vw, 1708px\" \/><\/a><\/figure>\n\n<div style=\"margin-bottom:var(--wp--preset--spacing--10);margin-top:0.5rem;\" class=\"ct-dynamic-data wp-elements-36c1d3178159624750dad86c75253e2c\">2025-10-15<\/div>\n\n<h3 style=\"margin-top:8px;margin-bottom:8px;\" class=\"ct-dynamic-data wp-elements-da02206bb25004956f473f2ea6c1c698\"><a href=\"https:\/\/aip.eita.coop.br\/es\/statement\/80-anos-desde-el-v-congreso-panafricano-de-1945-forjando-el-camino-panafricano-hacia-el-futuro\/\">80 a\u00f1os desde el V Congreso Panafricano de 1945, forjando el camino panafricano hacia el futuro<\/a><\/h3>\n<\/article><article class=\"wp-block-post is-layout-flow post-7340 statement type-statement status-publish hentry tag-antiimperialismo tag-democracia statement-type-member-statement\">\n\n\n<div style=\"margin-bottom:var(--wp--preset--spacing--10);margin-top:0.5rem;\" class=\"ct-dynamic-data wp-elements-36c1d3178159624750dad86c75253e2c\">2025-08-14<\/div>\n\n<h3 style=\"margin-top:8px;margin-bottom:8px;\" class=\"ct-dynamic-data wp-elements-da02206bb25004956f473f2ea6c1c698\"><a href=\"https:\/\/aip.eita.coop.br\/es\/statement\/llamamiento-a-la-solidaridad-con-los-pueblos-de-la-aes\/\">Llamamiento a la solidaridad con los pueblos de la AES<\/a><\/h3>\n<\/article><article class=\"wp-block-post is-layout-flow post-7342 statement type-statement status-publish hentry tag-antiimperialismo tag-democracia statement-type-member-statement\">\n\n\n<div style=\"margin-bottom:var(--wp--preset--spacing--10);margin-top:0.5rem;\" class=\"ct-dynamic-data wp-elements-36c1d3178159624750dad86c75253e2c\">2025-08-01<\/div>\n\n<h3 style=\"margin-top:8px;margin-bottom:8px;\" class=\"ct-dynamic-data wp-elements-da02206bb25004956f473f2ea6c1c698\"><a href=\"https:\/\/aip.eita.coop.br\/es\/statement\/declaracion-publica-sobre-el-anuncio-del-gobierno-paralelo-en-sudan\/\">Declaraci\u00f3n p\u00fablica sobre el anuncio del gobierno paralelo en Sud\u00e1n<\/a><\/h3>\n<\/article><article class=\"wp-block-post is-layout-flow post-731 statement type-statement status-publish hentry tag-anti-imperialism tag-democracy statement-type-member-statement\">\n\n\n<div style=\"margin-bottom:var(--wp--preset--spacing--10);margin-top:0.5rem;\" class=\"ct-dynamic-data wp-elements-36c1d3178159624750dad86c75253e2c\">2025-07-25<\/div>\n\n<h3 style=\"margin-top:8px;margin-bottom:8px;\" class=\"ct-dynamic-data wp-elements-da02206bb25004956f473f2ea6c1c698\"><a href=\"https:\/\/aip.eita.coop.br\/es\/statement\/on-the-fourth-anniversary-of-the-coup-tunisia-continues-to-regressno-way-out-except-through-struggle\/\">On the Fourth Anniversary of the Coup: Tunisia Continues to RegressNo Way Out Except Through Struggle<\/a><\/h3>\n<\/article><\/div><style>[data-id='f8c03ac0'] {--grid-columns-width:4;}@media (max-width: 999.98px) {[data-id='f8c03ac0'] {--grid-columns-width:2;}}@media (max-width: 689.98px) {[data-id='f8c03ac0'] {--grid-columns-width:1;}}<\/style><\/div>\n\n\n\n<div class=\"wp-block-buttons is-content-justification-center is-layout-flex wp-container-core-buttons-is-layout-a89b3969 wp-block-buttons-is-layout-flex\">\n<div class=\"wp-block-button arrow-button\"><a class=\"wp-block-button__link has-small-font-size has-custom-font-size wp-element-button\" href=\"https:\/\/aip.eita.coop.br\/statement-type\/member-statement\/\" style=\"border-top-left-radius:8px;border-top-right-radius:8px;border-bottom-left-radius:8px;border-bottom-right-radius:8px\">VER TODO<\/a><\/div>\n<\/div>\n<\/div>\n","protected":false},"excerpt":{"rendered":"<p>DECLARACIONES DECLARACIONES OFICIALES DECLARACIONES DE LOS MIEMBROS<\/p>\n","protected":false},"author":1,"featured_media":0,"parent":0,"menu_order":0,"comment_status":"closed","ping_status":"closed","template":"","meta":{"_acf_changed":false,"footnotes":""},"class_list":["post-1184","page","type-page","status-publish","hentry"],"blocksy_meta":{"has_hero_section":"disabled","vertical_spacing_source":"custom","content_area_spacing":"none","styles_descriptor":{"styles":{"desktop":"","tablet":"","mobile":""},"google_fonts":[],"version":6}},"acf":[],"_links":{"self":[{"href":"https:\/\/aip.eita.coop.br\/es\/wp-json\/wp\/v2\/pages\/1184","targetHints":{"allow":["GET"]}}],"collection":[{"href":"https:\/\/aip.eita.coop.br\/es\/wp-json\/wp\/v2\/pages"}],"about":[{"href":"https:\/\/aip.eita.coop.br\/es\/wp-json\/wp\/v2\/types\/page"}],"author":[{"embeddable":true,"href":"https:\/\/aip.eita.coop.br\/es\/wp-json\/wp\/v2\/users\/1"}],"replies":[{"embeddable":true,"href":"https:\/\/aip.eita.coop.br\/es\/wp-json\/wp\/v2\/comments?post=1184"}],"version-history":[{"count":2,"href":"https:\/\/aip.eita.coop.br\/es\/wp-json\/wp\/v2\/pages\/1184\/revisions"}],"predecessor-version":[{"id":7386,"href":"https:\/\/aip.eita.coop.br\/es\/wp-json\/wp\/v2\/pages\/1184\/revisions\/7386"}],"wp:attachment":[{"href":"https:\/\/aip.eita.coop.br\/es\/wp-json\/wp\/v2\/media?parent=1184"}],"curies":[{"name":"wp","href":"https:\/\/api.w.org\/{rel}","templated":true}]}}