{"id":1154,"date":"2026-01-27T02:02:09","date_gmt":"2026-01-27T02:02:09","guid":{"rendered":"https:\/\/aip.eita.coop.br\/antiimperismo\/"},"modified":"2026-03-06T22:46:21","modified_gmt":"2026-03-06T22:46:21","slug":"antiimperismo","status":"publish","type":"page","link":"https:\/\/aip.eita.coop.br\/es\/antiimperismo\/","title":{"rendered":"ANTIIMPERIALISMO"},"content":{"rendered":"\n<div class=\"wp-block-group alignfull has-palette-color-5-background-color has-background is-layout-constrained wp-block-group-is-layout-constrained\" style=\"margin-top:0px;margin-bottom:0px\">\n<div class=\"wp-block-group is-vertical is-layout-flex wp-container-core-group-is-layout-d6b9ab57 wp-block-group-is-layout-flex\" style=\"min-height:100vh\">\n<h2 class=\"wp-block-heading has-palette-color-1-color has-text-color has-link-color has-aip-font-size wp-elements-64b1f15261e2098d8d47babf6701924c\" style=\"font-style:normal;font-weight:1000;line-height:1\">ANTIIMPERIALISMO<\/h2>\n<\/div>\n<\/div>\n\n<div class=\"wp-block-group is-layout-constrained wp-container-core-group-is-layout-7748e3ea wp-block-group-is-layout-constrained\" style=\"margin-top:0px;margin-bottom:0px\">\n<div class=\"wp-block-group pos-relative antiimperialism-center-block has-palette-color-8-background-color has-background is-layout-constrained wp-container-core-group-is-layout-2dbb17dc wp-block-group-is-layout-constrained\" style=\"border-top-left-radius:8px;border-top-right-radius:8px;border-bottom-left-radius:8px;border-bottom-right-radius:8px;padding-top:var(--wp--preset--spacing--60);padding-right:var(--wp--preset--spacing--60);padding-bottom:var(--wp--preset--spacing--60);padding-left:var(--wp--preset--spacing--60)\">\n<p class=\"has-p-huge-font-size\" style=\"line-height:1.25\">La AIP impulsa una campa\u00f1a permanente antiimperialista que enfrenta el hiperimperialismo liderado por EE. UU. mediante educaci\u00f3n, movilizaci\u00f3n y solidaridad, articulando luchas globales contra guerras, sanciones y ocupaci\u00f3n para construir poder popular.<\/p>\n\n\n\n<p class=\"has-p-huge-font-size\" style=\"line-height:1.25\">La Asamblea Internacional de los Pueblos (AIP) mantiene una campa\u00f1a permanente de denuncia, educaci\u00f3n y movilizaci\u00f3n contra el imperialismo en todas sus formas. En nuestro tiempo, el imperialismo ha alcanzado una nueva y peligrosa etapa, lo que llamamos hiperimperialismo <\/p>\n\n\n\n<div class=\"wp-block-group is-layout-constrained wp-block-group-is-layout-constrained\">\n<p class=\"has-palette-color-1-color has-text-color has-link-color wp-elements-2481b0f9225c2f9ea4415a7df68eb22b\"><a href=\"https:\/\/thetricontinental.org\/es\/estudios-sobre-dilemas-contemporaneos-4-hiper-imperialismo\/\" target=\"_blank\" rel=\"noreferrer noopener\">(lee el estudio del Instituto Tricontinental \u201cHiperimperialismo: una nueva etapa decadente y peligrosa\u201d)<\/a><\/p>\n\n\n\n<figure class=\"wp-block-image size-large is-resized\"><a href=\"https:\/\/thetricontinental.org\/es\/estudios-sobre-dilemas-contemporaneos-4-hiper-imperialismo\/\" target=\"_blank\" rel=\" noreferrer noopener\"><img loading=\"lazy\" decoding=\"async\" width=\"1024\" height=\"576\" src=\"https:\/\/aip.eita.coop.br\/wp-content\/uploads\/2026\/01\/b6798e20f62f3b5ebb70c8aeef4ea3f4caec2bad-1024x576.webp\" alt=\"\" class=\"wp-image-366\" style=\"object-fit:cover;width:10000px;height:200px\" srcset=\"https:\/\/aip.eita.coop.br\/wp-content\/uploads\/2026\/01\/b6798e20f62f3b5ebb70c8aeef4ea3f4caec2bad-1024x576.webp 1024w, https:\/\/aip.eita.coop.br\/wp-content\/uploads\/2026\/01\/b6798e20f62f3b5ebb70c8aeef4ea3f4caec2bad-300x169.webp 300w, https:\/\/aip.eita.coop.br\/wp-content\/uploads\/2026\/01\/b6798e20f62f3b5ebb70c8aeef4ea3f4caec2bad-768x432.webp 768w, https:\/\/aip.eita.coop.br\/wp-content\/uploads\/2026\/01\/b6798e20f62f3b5ebb70c8aeef4ea3f4caec2bad-1536x864.webp 1536w\" sizes=\"auto, (max-width: 1024px) 100vw, 1024px\" \/><\/a><\/figure>\n<\/div>\n\n\n\n<p class=\"has-p-huge-font-size\" style=\"line-height:1.25\">liderado por Estados Unidos y sus aliados, que act\u00faan como un solo bloque integrado de dominaci\u00f3n militar, econ\u00f3mica, pol\u00edtica y cultural. Este sistema busca mantener su hegemon\u00eda global mediante guerras, sanciones, bloqueos, bases militares y el control de la informaci\u00f3n y la cultura, amenazando la paz, la soberan\u00eda y la vida. <\/p>\n<\/div>\n\n\n\n<figure class=\"wp-block-image size-large antiimperialism-float-image-2\"><img loading=\"lazy\" decoding=\"async\" width=\"1024\" height=\"1010\" src=\"https:\/\/aip.eita.coop.br\/wp-content\/uploads\/2026\/01\/5c7e007e7c80b31d77635702ed8f828a24292956-1024x1010.png\" alt=\"\" class=\"wp-image-244\" srcset=\"https:\/\/aip.eita.coop.br\/wp-content\/uploads\/2026\/01\/5c7e007e7c80b31d77635702ed8f828a24292956-1024x1010.png 1024w, https:\/\/aip.eita.coop.br\/wp-content\/uploads\/2026\/01\/5c7e007e7c80b31d77635702ed8f828a24292956-300x296.png 300w, https:\/\/aip.eita.coop.br\/wp-content\/uploads\/2026\/01\/5c7e007e7c80b31d77635702ed8f828a24292956-768x758.png 768w, https:\/\/aip.eita.coop.br\/wp-content\/uploads\/2026\/01\/5c7e007e7c80b31d77635702ed8f828a24292956.png 1026w\" sizes=\"auto, (max-width: 1024px) 100vw, 1024px\" \/><\/figure>\n<\/div>\n\n<div class=\"wp-block-group alignfull has-palette-color-5-background-color has-background is-layout-constrained wp-container-core-group-is-layout-64c2fb28 wp-block-group-is-layout-constrained\" style=\"margin-top:0;margin-bottom:0;padding-top:var(--wp--preset--spacing--70);padding-bottom:var(--wp--preset--spacing--70)\">\n<div class=\"wp-block-group is-content-justification-right is-layout-constrained wp-container-core-group-is-layout-faed53ae wp-block-group-is-layout-constrained\">\n<div class=\"wp-block-group pos-relative is-layout-constrained wp-block-group-is-layout-constrained\">\n<p class=\"has-medium-font-size\" style=\"font-style:normal;font-weight:300;line-height:1.28\">Nuestra lucha antiimperialista se basa en la convicci\u00f3n de que los pueblos tienen derecho a decidir su propio destino y a vivir libres de ocupaci\u00f3n, coerci\u00f3n y explotaci\u00f3n. Desde Palestina hasta Cuba, desde el Sahel hasta Am\u00e9rica Latina, desde Asia hasta el coraz\u00f3n de \u00c1frica, la resistencia sigue creciendo. La AIP trabaja para conectar estas luchas, fortalecer su organizaci\u00f3n y darles una expresi\u00f3n internacional colectiva.  <\/p>\n\n\n\n<div id=\"antiimperialism-float-2\" class=\"wp-block-group float-border-box is-layout-constrained wp-container-core-group-is-layout-e555385e wp-block-group-is-layout-constrained\">\n<h2 class=\"wp-block-heading has-palette-color-8-color has-text-color has-link-color has-aip-font-size wp-elements-2604281196dfe9340061c81c7dd1d546\" style=\"font-style:normal;font-weight:1000;line-height:1\">ANTIIMPERIALISMO<\/h2>\n<\/div>\n<\/div>\n<\/div>\n<\/div>\n\n<div class=\"wp-block-group is-layout-constrained wp-block-group-is-layout-constrained\" style=\"padding-top:9rem;padding-bottom:9rem\">\n<figure class=\"wp-block-image size-large antiimperialism-float-image-3\"><img loading=\"lazy\" decoding=\"async\" width=\"1024\" height=\"1010\" src=\"https:\/\/aip.eita.coop.br\/wp-content\/uploads\/2026\/01\/5c7e007e7c80b31d77635702ed8f828a24292956-1024x1010.png\" alt=\"\" class=\"wp-image-244\" srcset=\"https:\/\/aip.eita.coop.br\/wp-content\/uploads\/2026\/01\/5c7e007e7c80b31d77635702ed8f828a24292956-1024x1010.png 1024w, https:\/\/aip.eita.coop.br\/wp-content\/uploads\/2026\/01\/5c7e007e7c80b31d77635702ed8f828a24292956-300x296.png 300w, https:\/\/aip.eita.coop.br\/wp-content\/uploads\/2026\/01\/5c7e007e7c80b31d77635702ed8f828a24292956-768x758.png 768w, https:\/\/aip.eita.coop.br\/wp-content\/uploads\/2026\/01\/5c7e007e7c80b31d77635702ed8f828a24292956.png 1026w\" sizes=\"auto, (max-width: 1024px) 100vw, 1024px\" \/><\/figure>\n\n\n\n<div class=\"wp-block-group is-content-justification-left is-layout-constrained wp-container-core-group-is-layout-0eaefcd6 wp-block-group-is-layout-constrained\">\n<p class=\"has-p-huge-font-size\" style=\"line-height:1.25\">La AIP impulsa la <strong>Lucha Antiimperialista<\/strong> como un proceso global de agitaci\u00f3n, educaci\u00f3n y movilizaci\u00f3n centrado en enfrentar el militarismo estadounidense y las guerras imperialistas. Las organizaciones de todas las regiones mantienen una agenda de asambleas, programas de formaci\u00f3n pol\u00edtica, acciones culturales y movilizaciones masivas que exponen el papel destructivo del imperialismo y promueven la solidaridad entre los pueblos. <\/p>\n<\/div>\n<\/div>\n\n<div class=\"wp-block-group alignfull has-palette-color-1-background-color has-background is-layout-constrained wp-container-core-group-is-layout-1b717466 wp-block-group-is-layout-constrained\" style=\"margin-top:0px;margin-bottom:0px;padding-top:var(--wp--preset--spacing--70);padding-bottom:var(--wp--preset--spacing--70)\">\n<p class=\"has-palette-color-8-color has-text-color has-link-color has-p-huge-font-size wp-elements-b49e3d7e0563e34e802a9090f8ac7d05\">La campa\u00f1a aborda una amplia gama de temas: las guerras y ocupaciones imperialistas; la militarizaci\u00f3n de los territorios y las fuerzas policiales; las guerras econ\u00f3micas mediante sanciones y bloqueos; el comercio de armas; la destrucci\u00f3n ambiental; la normalizaci\u00f3n de la violencia y el genocidio; y las guerras psicol\u00f3gicas y culturales que buscan dominar nuestra imaginaci\u00f3n. Las organizaciones de cada regi\u00f3n aportan sus propias experiencias y perspectivas, construyendo un frente com\u00fan de lucha basado en las realidades locales y la solidaridad internacional. <\/p>\n<\/div>\n\n<div class=\"wp-block-group alignfull has-palette-color-2-background-color has-background is-layout-constrained wp-block-group-is-layout-constrained\" style=\"margin-top:0px;margin-bottom:0px;padding-top:var(--wp--preset--spacing--70);padding-bottom:var(--wp--preset--spacing--70)\">\n<p class=\"has-text-align-center has-palette-color-8-color has-text-color has-link-color has-large-font-size wp-elements-0e92c337657c6757b165d970ef7cdab8\" style=\"font-style:normal;font-weight:600;letter-spacing:0px;line-height:1\"><strong>A trav\u00e9s de esta campa\u00f1a permanente, la AIP reafirma que enfrentar el imperialismo es una tarea central de la lucha de clases. Nos organizamos, estudiamos y actuamos juntos para poner fin al imperialismo y construir el poder popular. <\/strong><\/p>\n<\/div>\n\n<p><\/p>\n","protected":false},"excerpt":{"rendered":"<p>ANTIIMPERIALISMO La AIP impulsa una campa\u00f1a permanente antiimperialista que enfrenta el hiperimperialismo liderado por EE. UU. mediante educaci\u00f3n, movilizaci\u00f3n y solidaridad, articulando luchas globales contra guerras, sanciones y ocupaci\u00f3n para construir poder popular. La Asamblea Internacional de los Pueblos (AIP) mantiene una campa\u00f1a permanente de denuncia, educaci\u00f3n y movilizaci\u00f3n contra el imperialismo en todas sus [&hellip;]<\/p>\n","protected":false},"author":1,"featured_media":0,"parent":0,"menu_order":0,"comment_status":"closed","ping_status":"closed","template":"","meta":{"_acf_changed":false,"footnotes":""},"class_list":["post-1154","page","type-page","status-publish","hentry"],"blocksy_meta":{"has_hero_section":"disabled","vertical_spacing_source":"custom","content_area_spacing":"none","styles_descriptor":{"styles":{"desktop":"","tablet":"","mobile":""},"google_fonts":[],"version":6}},"acf":[],"_links":{"self":[{"href":"https:\/\/aip.eita.coop.br\/es\/wp-json\/wp\/v2\/pages\/1154","targetHints":{"allow":["GET"]}}],"collection":[{"href":"https:\/\/aip.eita.coop.br\/es\/wp-json\/wp\/v2\/pages"}],"about":[{"href":"https:\/\/aip.eita.coop.br\/es\/wp-json\/wp\/v2\/types\/page"}],"author":[{"embeddable":true,"href":"https:\/\/aip.eita.coop.br\/es\/wp-json\/wp\/v2\/users\/1"}],"replies":[{"embeddable":true,"href":"https:\/\/aip.eita.coop.br\/es\/wp-json\/wp\/v2\/comments?post=1154"}],"version-history":[{"count":4,"href":"https:\/\/aip.eita.coop.br\/es\/wp-json\/wp\/v2\/pages\/1154\/revisions"}],"predecessor-version":[{"id":1176,"href":"https:\/\/aip.eita.coop.br\/es\/wp-json\/wp\/v2\/pages\/1154\/revisions\/1176"}],"wp:attachment":[{"href":"https:\/\/aip.eita.coop.br\/es\/wp-json\/wp\/v2\/media?parent=1154"}],"curies":[{"name":"wp","href":"https:\/\/api.w.org\/{rel}","templated":true}]}}